{"id":6043,"date":"2026-03-16T11:13:32","date_gmt":"2026-03-16T11:13:32","guid":{"rendered":"https:\/\/ipefruit.com\/?post_type=product&#038;p=6043"},"modified":"2026-03-16T15:53:55","modified_gmt":"2026-03-16T15:53:55","slug":"affiche-chocolatine","status":"publish","type":"product","link":"https:\/\/ipefruit.com\/fr\/shop\/affiche-chocolatine\/","title":{"rendered":"Affiche Chocolatine"},"content":{"rendered":"<p>Ce trio d\u2019affiches au design minimaliste c\u00e9l\u00e8bre Toulouse avec une touche de gourmandise et de bonne humeur. Inspir\u00e9es de la c\u00e9l\u00e8bre chocolatine, ic\u00f4ne gourmande du Sud-Ouest, ces illustrations jouent avec des compositions graphiques simples et des couleurs chaleureuses : brun, orange \u00e9clatant et rose flashy. Entre pluie de mini viennoiseries, typographies courb\u00e9es et clins d\u2019\u0153il \u00e0 \u00ab La Ville Rose \u00bb ou \u00ab Oh Toulouse \u00bb, chaque affiche capture avec humour et l\u00e9g\u00e8ret\u00e9 l\u2019esprit toulousain.<\/p>\n<p>Pens\u00e9es comme des \u00e9l\u00e9ments de d\u00e9coration murale, ces affiches s\u2019int\u00e8grent facilement dans une cuisine, un coin caf\u00e9 ou une salle \u00e0 manger. Leur style graphique et minimaliste leur permet de s\u2019adapter aussi bien \u00e0 un int\u00e9rieur moderne qu\u2019\u00e0 une ambiance plus cosy, apportant une note conviviale et pleine de caract\u00e8re.<\/p>\n<p>Au-del\u00e0 de l\u2019esth\u00e9tique, ce trio d\u2019illustrations porte \u00e9galement une dimension solidaire : leur achat permet de soutenir l\u2019association <a href=\"https:\/\/afev.org\/occitanie\/toulouse\" target=\"_blank\" rel=\"noopener\">AFEV Toulouse<\/a>, engag\u00e9e pour l\u2019\u00e9galit\u00e9 des chances et la mobilisation des jeunes. Une d\u00e9coration \u00e0 la fois locale, gourmande et porteuse de sens.<\/p>","protected":false},"excerpt":{"rendered":"<p>Trois affiches gourmandes et pleines de bonne humeur qui rendent hommage \u00e0 la chocolatine et \u00e0 la culture toulousaine, parfaites pour une d\u00e9coration chaleureuse et originale.<\/p>","protected":false},"featured_media":6045,"comment_status":"open","ping_status":"closed","template":"","meta":[],"product_brand":[],"product_cat":[140],"product_tag":[],"class_list":{"0":"post-6043","1":"product","2":"type-product","3":"status-publish","4":"has-post-thumbnail","6":"product_cat-affiche","7":"product_themes-affiche","8":"product_themes-food","10":"first","11":"instock","12":"sale","13":"shipping-taxable","14":"purchasable","15":"product-type-variable"},"yoast_head":"<!-- This site is optimized with the Yoast SEO plugin v27.1.1 - https:\/\/yoast.com\/product\/yoast-seo-wordpress\/ -->\n<title>Affiche Chocolatine - Ipefruit<\/title>\n<meta name=\"description\" content=\"Trois affiches gourmandes qui rendent hommage \u00e0 la chocolatine et \u00e0 la culture toulousaine, parfaites pour une d\u00e9coration originale.\" \/>\n<meta name=\"robots\" content=\"index, follow, max-snippet:-1, max-image-preview:large, max-video-preview:-1\" \/>\n<link rel=\"canonical\" href=\"https:\/\/ipefruit.com\/fr\/shop\/affiche-chocolatine\/\" \/>\n<meta property=\"og:locale\" content=\"fr_FR\" \/>\n<meta property=\"og:type\" content=\"article\" \/>\n<meta property=\"og:title\" content=\"Affiche Chocolatine - Ipefruit\" \/>\n<meta property=\"og:description\" content=\"Trois affiches gourmandes qui rendent hommage \u00e0 la chocolatine et \u00e0 la culture toulousaine, parfaites pour une d\u00e9coration originale.\" \/>\n<meta property=\"og:url\" content=\"https:\/\/ipefruit.com\/fr\/shop\/affiche-chocolatine\/\" \/>\n<meta property=\"og:site_name\" content=\"Ipefruit\" \/>\n<meta property=\"article:modified_time\" content=\"2026-03-16T15:53:55+00:00\" \/>\n<meta property=\"og:image\" content=\"https:\/\/ipefruit.com\/wp-content\/uploads\/2026\/03\/Poster-3_Chocolatine-scaled.png\" \/>\n\t<meta property=\"og:image:width\" content=\"1810\" \/>\n\t<meta property=\"og:image:height\" content=\"2560\" \/>\n\t<meta property=\"og:image:type\" content=\"image\/png\" \/>\n<meta name=\"twitter:card\" content=\"summary_large_image\" \/>\n<meta name=\"twitter:label1\" content=\"Dur\u00e9e de lecture estim\u00e9e\" \/>\n\t<meta name=\"twitter:data1\" content=\"2 minutes\" \/>\n<script type=\"application\/ld+json\" class=\"yoast-schema-graph\">{\"@context\":\"https:\/\/schema.org\",\"@graph\":[{\"@type\":\"WebPage\",\"@id\":\"https:\/\/ipefruit.com\/shop\/affiche-chocolatine\/\",\"url\":\"https:\/\/ipefruit.com\/shop\/affiche-chocolatine\/\",\"name\":\"Affiche Chocolatine - Ipefruit\",\"isPartOf\":{\"@id\":\"https:\/\/ipefruit.com\/#website\"},\"primaryImageOfPage\":{\"@id\":\"https:\/\/ipefruit.com\/shop\/affiche-chocolatine\/#primaryimage\"},\"image\":{\"@id\":\"https:\/\/ipefruit.com\/shop\/affiche-chocolatine\/#primaryimage\"},\"thumbnailUrl\":\"https:\/\/ipefruit.com\/wp-content\/uploads\/2026\/03\/Poster-3_Chocolatine-scaled.png\",\"datePublished\":\"2026-03-16T11:13:32+00:00\",\"dateModified\":\"2026-03-16T15:53:55+00:00\",\"description\":\"Trois affiches gourmandes qui rendent hommage \u00e0 la chocolatine et \u00e0 la culture toulousaine, parfaites pour une d\u00e9coration originale.\",\"breadcrumb\":{\"@id\":\"https:\/\/ipefruit.com\/shop\/affiche-chocolatine\/#breadcrumb\"},\"inLanguage\":\"fr-FR\",\"potentialAction\":[{\"@type\":\"ReadAction\",\"target\":[\"https:\/\/ipefruit.com\/shop\/affiche-chocolatine\/\"]}]},{\"@type\":\"ImageObject\",\"inLanguage\":\"fr-FR\",\"@id\":\"https:\/\/ipefruit.com\/shop\/affiche-chocolatine\/#primaryimage\",\"url\":\"https:\/\/ipefruit.com\/wp-content\/uploads\/2026\/03\/Poster-3_Chocolatine-scaled.png\",\"contentUrl\":\"https:\/\/ipefruit.com\/wp-content\/uploads\/2026\/03\/Poster-3_Chocolatine-scaled.png\",\"width\":1810,\"height\":2560},{\"@type\":\"BreadcrumbList\",\"@id\":\"https:\/\/ipefruit.com\/shop\/affiche-chocolatine\/#breadcrumb\",\"itemListElement\":[{\"@type\":\"ListItem\",\"position\":1,\"name\":\"Accueil\",\"item\":\"https:\/\/ipefruit.com\/\"},{\"@type\":\"ListItem\",\"position\":2,\"name\":\"Shop\",\"item\":\"https:\/\/ipefruit.com\/shop\/\"},{\"@type\":\"ListItem\",\"position\":3,\"name\":\"Affiche Chocolatine\"}]},{\"@type\":\"WebSite\",\"@id\":\"https:\/\/ipefruit.com\/#website\",\"url\":\"https:\/\/ipefruit.com\/\",\"name\":\"Ipefruit\",\"description\":\"Des affiches originales\",\"publisher\":{\"@id\":\"https:\/\/ipefruit.com\/#organization\"},\"potentialAction\":[{\"@type\":\"SearchAction\",\"target\":{\"@type\":\"EntryPoint\",\"urlTemplate\":\"https:\/\/ipefruit.com\/?s={search_term_string}\"},\"query-input\":{\"@type\":\"PropertyValueSpecification\",\"valueRequired\":true,\"valueName\":\"search_term_string\"}}],\"inLanguage\":\"fr-FR\"},{\"@type\":\"Organization\",\"@id\":\"https:\/\/ipefruit.com\/#organization\",\"name\":\"Ipefruit\",\"url\":\"https:\/\/ipefruit.com\/\",\"logo\":{\"@type\":\"ImageObject\",\"inLanguage\":\"fr-FR\",\"@id\":\"https:\/\/ipefruit.com\/#\/schema\/logo\/image\/\",\"url\":\"https:\/\/ipefruit.com\/wp-content\/uploads\/2025\/10\/cropped-Ipefruit-poster-logo.png\",\"contentUrl\":\"https:\/\/ipefruit.com\/wp-content\/uploads\/2025\/10\/cropped-Ipefruit-poster-logo.png\",\"width\":250,\"height\":167,\"caption\":\"Ipefruit\"},\"image\":{\"@id\":\"https:\/\/ipefruit.com\/#\/schema\/logo\/image\/\"}}]}<\/script>\n<!-- \/ Yoast SEO plugin. -->","yoast_head_json":{"title":"Affiche Chocolatine - Ipefruit","description":"Trois affiches gourmandes qui rendent hommage \u00e0 la chocolatine et \u00e0 la culture toulousaine, parfaites pour une d\u00e9coration originale.","robots":{"index":"index","follow":"follow","max-snippet":"max-snippet:-1","max-image-preview":"max-image-preview:large","max-video-preview":"max-video-preview:-1"},"canonical":"https:\/\/ipefruit.com\/fr\/shop\/affiche-chocolatine\/","og_locale":"fr_FR","og_type":"article","og_title":"Affiche Chocolatine - Ipefruit","og_description":"Trois affiches gourmandes qui rendent hommage \u00e0 la chocolatine et \u00e0 la culture toulousaine, parfaites pour une d\u00e9coration originale.","og_url":"https:\/\/ipefruit.com\/fr\/shop\/affiche-chocolatine\/","og_site_name":"Ipefruit","article_modified_time":"2026-03-16T15:53:55+00:00","og_image":[{"width":1810,"height":2560,"url":"https:\/\/ipefruit.com\/wp-content\/uploads\/2026\/03\/Poster-3_Chocolatine-scaled.png","type":"image\/png"}],"twitter_card":"summary_large_image","twitter_misc":{"Dur\u00e9e de lecture estim\u00e9e":"2 minutes"},"schema":{"@context":"https:\/\/schema.org","@graph":[{"@type":"WebPage","@id":"https:\/\/ipefruit.com\/shop\/affiche-chocolatine\/","url":"https:\/\/ipefruit.com\/shop\/affiche-chocolatine\/","name":"Affiche Chocolatine - Ipefruit","isPartOf":{"@id":"https:\/\/ipefruit.com\/#website"},"primaryImageOfPage":{"@id":"https:\/\/ipefruit.com\/shop\/affiche-chocolatine\/#primaryimage"},"image":{"@id":"https:\/\/ipefruit.com\/shop\/affiche-chocolatine\/#primaryimage"},"thumbnailUrl":"https:\/\/ipefruit.com\/wp-content\/uploads\/2026\/03\/Poster-3_Chocolatine-scaled.png","datePublished":"2026-03-16T11:13:32+00:00","dateModified":"2026-03-16T15:53:55+00:00","description":"Trois affiches gourmandes qui rendent hommage \u00e0 la chocolatine et \u00e0 la culture toulousaine, parfaites pour une d\u00e9coration originale.","breadcrumb":{"@id":"https:\/\/ipefruit.com\/shop\/affiche-chocolatine\/#breadcrumb"},"inLanguage":"fr-FR","potentialAction":[{"@type":"ReadAction","target":["https:\/\/ipefruit.com\/shop\/affiche-chocolatine\/"]}]},{"@type":"ImageObject","inLanguage":"fr-FR","@id":"https:\/\/ipefruit.com\/shop\/affiche-chocolatine\/#primaryimage","url":"https:\/\/ipefruit.com\/wp-content\/uploads\/2026\/03\/Poster-3_Chocolatine-scaled.png","contentUrl":"https:\/\/ipefruit.com\/wp-content\/uploads\/2026\/03\/Poster-3_Chocolatine-scaled.png","width":1810,"height":2560},{"@type":"BreadcrumbList","@id":"https:\/\/ipefruit.com\/shop\/affiche-chocolatine\/#breadcrumb","itemListElement":[{"@type":"ListItem","position":1,"name":"Accueil","item":"https:\/\/ipefruit.com\/"},{"@type":"ListItem","position":2,"name":"Shop","item":"https:\/\/ipefruit.com\/shop\/"},{"@type":"ListItem","position":3,"name":"Affiche Chocolatine"}]},{"@type":"WebSite","@id":"https:\/\/ipefruit.com\/#website","url":"https:\/\/ipefruit.com\/","name":"Ipefruit","description":"Des affiches originales","publisher":{"@id":"https:\/\/ipefruit.com\/#organization"},"potentialAction":[{"@type":"SearchAction","target":{"@type":"EntryPoint","urlTemplate":"https:\/\/ipefruit.com\/?s={search_term_string}"},"query-input":{"@type":"PropertyValueSpecification","valueRequired":true,"valueName":"search_term_string"}}],"inLanguage":"fr-FR"},{"@type":"Organization","@id":"https:\/\/ipefruit.com\/#organization","name":"Ipefruit","url":"https:\/\/ipefruit.com\/","logo":{"@type":"ImageObject","inLanguage":"fr-FR","@id":"https:\/\/ipefruit.com\/#\/schema\/logo\/image\/","url":"https:\/\/ipefruit.com\/wp-content\/uploads\/2025\/10\/cropped-Ipefruit-poster-logo.png","contentUrl":"https:\/\/ipefruit.com\/wp-content\/uploads\/2025\/10\/cropped-Ipefruit-poster-logo.png","width":250,"height":167,"caption":"Ipefruit"},"image":{"@id":"https:\/\/ipefruit.com\/#\/schema\/logo\/image\/"}}]}},"jetpack_sharing_enabled":true,"_links":{"self":[{"href":"https:\/\/ipefruit.com\/fr\/wp-json\/wp\/v2\/product\/6043","targetHints":{"allow":["GET"]}}],"collection":[{"href":"https:\/\/ipefruit.com\/fr\/wp-json\/wp\/v2\/product"}],"about":[{"href":"https:\/\/ipefruit.com\/fr\/wp-json\/wp\/v2\/types\/product"}],"replies":[{"embeddable":true,"href":"https:\/\/ipefruit.com\/fr\/wp-json\/wp\/v2\/comments?post=6043"}],"wp:featuredmedia":[{"embeddable":true,"href":"https:\/\/ipefruit.com\/fr\/wp-json\/wp\/v2\/media\/6045"}],"wp:attachment":[{"href":"https:\/\/ipefruit.com\/fr\/wp-json\/wp\/v2\/media?parent=6043"}],"wp:term":[{"taxonomy":"product_brand","embeddable":true,"href":"https:\/\/ipefruit.com\/fr\/wp-json\/wp\/v2\/product_brand?post=6043"},{"taxonomy":"product_cat","embeddable":true,"href":"https:\/\/ipefruit.com\/fr\/wp-json\/wp\/v2\/product_cat?post=6043"},{"taxonomy":"product_tag","embeddable":true,"href":"https:\/\/ipefruit.com\/fr\/wp-json\/wp\/v2\/product_tag?post=6043"}],"curies":[{"name":"wp","href":"https:\/\/api.w.org\/{rel}","templated":true}]}}