{"id":6023,"date":"2026-03-16T12:23:03","date_gmt":"2026-03-16T12:23:03","guid":{"rendered":"https:\/\/ipefruit.com\/?post_type=product&#038;p=6023"},"modified":"2026-03-16T15:05:18","modified_gmt":"2026-03-16T15:05:18","slug":"affiches-cinema-palestine","status":"publish","type":"product","link":"https:\/\/ipefruit.com\/fr\/shop\/affiches-cinema-palestine\/","title":{"rendered":"Affiches cin\u00e9ma Palestine"},"content":{"rendered":"<p><span style=\"font-weight: 400\">Nos affiches de cin\u00e9ma sont d\u00e9tourn\u00e9es pour soutenir concr\u00e8tement les enfants palestiniens et sensibiliser \u00e0 la r\u00e9alit\u00e9 qu\u2019ils vivent au quotidien, loin de la fiction des grands films hollywoodiens. Chaque poster raconte une histoire engag\u00e9e, inspir\u00e9e du cin\u00e9ma et de l\u2019actualit\u00e9, et transforme vos murs en support de solidarit\u00e9 et de prise de conscience.<\/span><\/p>\n<p><span style=\"font-weight: 400\"> En achetant une affiche, vous contribuez directement \u00e0 des projets d\u2019aide humanitaire cibl\u00e9s sur le terrain, avec une transparence totale sur l\u2019utilisation des dons et l\u2019impact g\u00e9n\u00e9r\u00e9.\u200b<\/span><\/p>\n<p><span style=\"font-weight: 400\"><br \/>\n<\/span><span style=\"font-weight: 400\">Pens\u00e9es pour les cin\u00e9philes militants, les amateurs de design engag\u00e9, les parents souhaitant transmettre des valeurs \u00e0 leurs enfants et toutes les personnes sensibles \u00e0 la cause palestinienne, nos affiches sont disponibles en plusieurs formats (A4, A3, A2) pour s\u2019adapter \u00e0 tous les int\u00e9rieurs et tous les budgets. Imprim\u00e9es en qualit\u00e9 professionnelle, elles allient esth\u00e9tique, message fort et accessibilit\u00e9 afin de cr\u00e9er une v\u00e9ritable communaut\u00e9 engag\u00e9e autour de l\u2019art, du cin\u00e9ma et de la justice sociale. Une partie significative du prix de chaque affiche est revers\u00e9e \u00e0 une association <a href=\"https:\/\/www.sa7ten.org\/\" target=\"_blank\" rel=\"noopener\">Sa7ten<\/a> avec un rapport d\u2019impact pour suivre concr\u00e8tement les b\u00e9n\u00e9fices revers\u00e9s aux palestiniens.\u200b<\/span><\/p>\n<p>&nbsp;<\/p>","protected":false},"excerpt":{"rendered":"<p><span style=\"font-weight: 400\">\u00ab Pas un film, une r\u00e9alit\u00e9 \u00bb : Transformez votre d\u00e9coration en un acte engag\u00e9 pour soutenir les enfants palestiniens. Nos affiches, inspir\u00e9es du cin\u00e9ma et accessibles \u00e0 tous, permettent de reverser directement une partie du prix \u00e0 l\u2019association humanitaire Sa7ten pour ses actions sur le terrain.<\/span><\/p>","protected":false},"featured_media":6081,"comment_status":"open","ping_status":"closed","template":"","meta":[],"product_brand":[],"product_cat":[76],"product_tag":[],"class_list":{"0":"post-6023","1":"product","2":"type-product","3":"status-publish","4":"has-post-thumbnail","6":"product_cat-posters","7":"product_themes-affiche","8":"product_themes-cinema","9":"product_themes-humanitaire","11":"first","12":"instock","13":"shipping-taxable","14":"purchasable","15":"product-type-variable"},"yoast_head":"<!-- This site is optimized with the Yoast SEO plugin v27.1.1 - https:\/\/yoast.com\/product\/yoast-seo-wordpress\/ -->\n<title>Affiches cin\u00e9ma Palestine \u2013 Pas un film, une r\u00e9alit\u00e9 | Sa7ten<\/title>\n<meta name=\"description\" content=\"D\u00e9couvrez nos affiches solidaires inspir\u00e9es du cin\u00e9ma pour soutenir les enfants palestiniens. B\u00e9n\u00e9fices revers\u00e9s \u00e0 l&#039;association Sa7ten. Formats A4\/A3\/A2, impression pro. Transformez vos murs en support de solidarit\u00e9.\" \/>\n<meta name=\"robots\" content=\"index, follow, max-snippet:-1, max-image-preview:large, max-video-preview:-1\" \/>\n<link rel=\"canonical\" href=\"https:\/\/ipefruit.com\/fr\/shop\/affiches-cinema-palestine\/\" \/>\n<meta property=\"og:locale\" content=\"fr_FR\" \/>\n<meta property=\"og:type\" content=\"article\" \/>\n<meta property=\"og:title\" content=\"Affiches cin\u00e9ma Palestine \u2013 Pas un film, une r\u00e9alit\u00e9 | Sa7ten\" \/>\n<meta property=\"og:description\" content=\"D\u00e9couvrez nos affiches solidaires inspir\u00e9es du cin\u00e9ma pour soutenir les enfants palestiniens. B\u00e9n\u00e9fices revers\u00e9s \u00e0 l&#039;association Sa7ten. Formats A4\/A3\/A2, impression pro. Transformez vos murs en support de solidarit\u00e9.\" \/>\n<meta property=\"og:url\" content=\"https:\/\/ipefruit.com\/fr\/shop\/affiches-cinema-palestine\/\" \/>\n<meta property=\"og:site_name\" content=\"Ipefruit\" \/>\n<meta property=\"article:modified_time\" content=\"2026-03-16T15:05:18+00:00\" \/>\n<meta property=\"og:image\" content=\"https:\/\/ipefruit.com\/wp-content\/uploads\/2026\/03\/WhatsApp-Image-2026-03-16-at-13.50.55.jpeg\" \/>\n\t<meta property=\"og:image:width\" content=\"1600\" \/>\n\t<meta property=\"og:image:height\" content=\"708\" \/>\n\t<meta property=\"og:image:type\" content=\"image\/jpeg\" \/>\n<meta name=\"twitter:card\" content=\"summary_large_image\" \/>\n<meta name=\"twitter:label1\" content=\"Dur\u00e9e de lecture estim\u00e9e\" \/>\n\t<meta name=\"twitter:data1\" content=\"2 minutes\" \/>\n<script type=\"application\/ld+json\" class=\"yoast-schema-graph\">{\"@context\":\"https:\/\/schema.org\",\"@graph\":[{\"@type\":\"WebPage\",\"@id\":\"https:\/\/ipefruit.com\/shop\/affiches-cinema-palestine\/\",\"url\":\"https:\/\/ipefruit.com\/shop\/affiches-cinema-palestine\/\",\"name\":\"Affiches cin\u00e9ma Palestine \u2013 Pas un film, une r\u00e9alit\u00e9 | Sa7ten\",\"isPartOf\":{\"@id\":\"https:\/\/ipefruit.com\/#website\"},\"primaryImageOfPage\":{\"@id\":\"https:\/\/ipefruit.com\/shop\/affiches-cinema-palestine\/#primaryimage\"},\"image\":{\"@id\":\"https:\/\/ipefruit.com\/shop\/affiches-cinema-palestine\/#primaryimage\"},\"thumbnailUrl\":\"https:\/\/ipefruit.com\/wp-content\/uploads\/2026\/03\/WhatsApp-Image-2026-03-16-at-13.50.55.jpeg\",\"datePublished\":\"2026-03-16T12:23:03+00:00\",\"dateModified\":\"2026-03-16T15:05:18+00:00\",\"description\":\"D\u00e9couvrez nos affiches solidaires inspir\u00e9es du cin\u00e9ma pour soutenir les enfants palestiniens. B\u00e9n\u00e9fices revers\u00e9s \u00e0 l'association Sa7ten. Formats A4\/A3\/A2, impression pro. Transformez vos murs en support de solidarit\u00e9.\",\"breadcrumb\":{\"@id\":\"https:\/\/ipefruit.com\/shop\/affiches-cinema-palestine\/#breadcrumb\"},\"inLanguage\":\"fr-FR\",\"potentialAction\":[{\"@type\":\"ReadAction\",\"target\":[\"https:\/\/ipefruit.com\/shop\/affiches-cinema-palestine\/\"]}]},{\"@type\":\"ImageObject\",\"inLanguage\":\"fr-FR\",\"@id\":\"https:\/\/ipefruit.com\/shop\/affiches-cinema-palestine\/#primaryimage\",\"url\":\"https:\/\/ipefruit.com\/wp-content\/uploads\/2026\/03\/WhatsApp-Image-2026-03-16-at-13.50.55.jpeg\",\"contentUrl\":\"https:\/\/ipefruit.com\/wp-content\/uploads\/2026\/03\/WhatsApp-Image-2026-03-16-at-13.50.55.jpeg\",\"width\":1600,\"height\":708},{\"@type\":\"BreadcrumbList\",\"@id\":\"https:\/\/ipefruit.com\/shop\/affiches-cinema-palestine\/#breadcrumb\",\"itemListElement\":[{\"@type\":\"ListItem\",\"position\":1,\"name\":\"Accueil\",\"item\":\"https:\/\/ipefruit.com\/\"},{\"@type\":\"ListItem\",\"position\":2,\"name\":\"Shop\",\"item\":\"https:\/\/ipefruit.com\/shop\/\"},{\"@type\":\"ListItem\",\"position\":3,\"name\":\"Affiches cin\u00e9ma Palestine\"}]},{\"@type\":\"WebSite\",\"@id\":\"https:\/\/ipefruit.com\/#website\",\"url\":\"https:\/\/ipefruit.com\/\",\"name\":\"Ipefruit\",\"description\":\"Des affiches originales\",\"publisher\":{\"@id\":\"https:\/\/ipefruit.com\/#organization\"},\"potentialAction\":[{\"@type\":\"SearchAction\",\"target\":{\"@type\":\"EntryPoint\",\"urlTemplate\":\"https:\/\/ipefruit.com\/?s={search_term_string}\"},\"query-input\":{\"@type\":\"PropertyValueSpecification\",\"valueRequired\":true,\"valueName\":\"search_term_string\"}}],\"inLanguage\":\"fr-FR\"},{\"@type\":\"Organization\",\"@id\":\"https:\/\/ipefruit.com\/#organization\",\"name\":\"Ipefruit\",\"url\":\"https:\/\/ipefruit.com\/\",\"logo\":{\"@type\":\"ImageObject\",\"inLanguage\":\"fr-FR\",\"@id\":\"https:\/\/ipefruit.com\/#\/schema\/logo\/image\/\",\"url\":\"https:\/\/ipefruit.com\/wp-content\/uploads\/2025\/10\/cropped-Ipefruit-poster-logo.png\",\"contentUrl\":\"https:\/\/ipefruit.com\/wp-content\/uploads\/2025\/10\/cropped-Ipefruit-poster-logo.png\",\"width\":250,\"height\":167,\"caption\":\"Ipefruit\"},\"image\":{\"@id\":\"https:\/\/ipefruit.com\/#\/schema\/logo\/image\/\"}}]}<\/script>\n<!-- \/ Yoast SEO plugin. -->","yoast_head_json":{"title":"Affiches cin\u00e9ma Palestine \u2013 Pas un film, une r\u00e9alit\u00e9 | Sa7ten","description":"D\u00e9couvrez nos affiches solidaires inspir\u00e9es du cin\u00e9ma pour soutenir les enfants palestiniens. B\u00e9n\u00e9fices revers\u00e9s \u00e0 l'association Sa7ten. Formats A4\/A3\/A2, impression pro. Transformez vos murs en support de solidarit\u00e9.","robots":{"index":"index","follow":"follow","max-snippet":"max-snippet:-1","max-image-preview":"max-image-preview:large","max-video-preview":"max-video-preview:-1"},"canonical":"https:\/\/ipefruit.com\/fr\/shop\/affiches-cinema-palestine\/","og_locale":"fr_FR","og_type":"article","og_title":"Affiches cin\u00e9ma Palestine \u2013 Pas un film, une r\u00e9alit\u00e9 | Sa7ten","og_description":"D\u00e9couvrez nos affiches solidaires inspir\u00e9es du cin\u00e9ma pour soutenir les enfants palestiniens. B\u00e9n\u00e9fices revers\u00e9s \u00e0 l'association Sa7ten. Formats A4\/A3\/A2, impression pro. Transformez vos murs en support de solidarit\u00e9.","og_url":"https:\/\/ipefruit.com\/fr\/shop\/affiches-cinema-palestine\/","og_site_name":"Ipefruit","article_modified_time":"2026-03-16T15:05:18+00:00","og_image":[{"width":1600,"height":708,"url":"https:\/\/ipefruit.com\/wp-content\/uploads\/2026\/03\/WhatsApp-Image-2026-03-16-at-13.50.55.jpeg","type":"image\/jpeg"}],"twitter_card":"summary_large_image","twitter_misc":{"Dur\u00e9e de lecture estim\u00e9e":"2 minutes"},"schema":{"@context":"https:\/\/schema.org","@graph":[{"@type":"WebPage","@id":"https:\/\/ipefruit.com\/shop\/affiches-cinema-palestine\/","url":"https:\/\/ipefruit.com\/shop\/affiches-cinema-palestine\/","name":"Affiches cin\u00e9ma Palestine \u2013 Pas un film, une r\u00e9alit\u00e9 | Sa7ten","isPartOf":{"@id":"https:\/\/ipefruit.com\/#website"},"primaryImageOfPage":{"@id":"https:\/\/ipefruit.com\/shop\/affiches-cinema-palestine\/#primaryimage"},"image":{"@id":"https:\/\/ipefruit.com\/shop\/affiches-cinema-palestine\/#primaryimage"},"thumbnailUrl":"https:\/\/ipefruit.com\/wp-content\/uploads\/2026\/03\/WhatsApp-Image-2026-03-16-at-13.50.55.jpeg","datePublished":"2026-03-16T12:23:03+00:00","dateModified":"2026-03-16T15:05:18+00:00","description":"D\u00e9couvrez nos affiches solidaires inspir\u00e9es du cin\u00e9ma pour soutenir les enfants palestiniens. B\u00e9n\u00e9fices revers\u00e9s \u00e0 l'association Sa7ten. Formats A4\/A3\/A2, impression pro. Transformez vos murs en support de solidarit\u00e9.","breadcrumb":{"@id":"https:\/\/ipefruit.com\/shop\/affiches-cinema-palestine\/#breadcrumb"},"inLanguage":"fr-FR","potentialAction":[{"@type":"ReadAction","target":["https:\/\/ipefruit.com\/shop\/affiches-cinema-palestine\/"]}]},{"@type":"ImageObject","inLanguage":"fr-FR","@id":"https:\/\/ipefruit.com\/shop\/affiches-cinema-palestine\/#primaryimage","url":"https:\/\/ipefruit.com\/wp-content\/uploads\/2026\/03\/WhatsApp-Image-2026-03-16-at-13.50.55.jpeg","contentUrl":"https:\/\/ipefruit.com\/wp-content\/uploads\/2026\/03\/WhatsApp-Image-2026-03-16-at-13.50.55.jpeg","width":1600,"height":708},{"@type":"BreadcrumbList","@id":"https:\/\/ipefruit.com\/shop\/affiches-cinema-palestine\/#breadcrumb","itemListElement":[{"@type":"ListItem","position":1,"name":"Accueil","item":"https:\/\/ipefruit.com\/"},{"@type":"ListItem","position":2,"name":"Shop","item":"https:\/\/ipefruit.com\/shop\/"},{"@type":"ListItem","position":3,"name":"Affiches cin\u00e9ma Palestine"}]},{"@type":"WebSite","@id":"https:\/\/ipefruit.com\/#website","url":"https:\/\/ipefruit.com\/","name":"Ipefruit","description":"Des affiches originales","publisher":{"@id":"https:\/\/ipefruit.com\/#organization"},"potentialAction":[{"@type":"SearchAction","target":{"@type":"EntryPoint","urlTemplate":"https:\/\/ipefruit.com\/?s={search_term_string}"},"query-input":{"@type":"PropertyValueSpecification","valueRequired":true,"valueName":"search_term_string"}}],"inLanguage":"fr-FR"},{"@type":"Organization","@id":"https:\/\/ipefruit.com\/#organization","name":"Ipefruit","url":"https:\/\/ipefruit.com\/","logo":{"@type":"ImageObject","inLanguage":"fr-FR","@id":"https:\/\/ipefruit.com\/#\/schema\/logo\/image\/","url":"https:\/\/ipefruit.com\/wp-content\/uploads\/2025\/10\/cropped-Ipefruit-poster-logo.png","contentUrl":"https:\/\/ipefruit.com\/wp-content\/uploads\/2025\/10\/cropped-Ipefruit-poster-logo.png","width":250,"height":167,"caption":"Ipefruit"},"image":{"@id":"https:\/\/ipefruit.com\/#\/schema\/logo\/image\/"}}]}},"jetpack_sharing_enabled":true,"_links":{"self":[{"href":"https:\/\/ipefruit.com\/fr\/wp-json\/wp\/v2\/product\/6023","targetHints":{"allow":["GET"]}}],"collection":[{"href":"https:\/\/ipefruit.com\/fr\/wp-json\/wp\/v2\/product"}],"about":[{"href":"https:\/\/ipefruit.com\/fr\/wp-json\/wp\/v2\/types\/product"}],"replies":[{"embeddable":true,"href":"https:\/\/ipefruit.com\/fr\/wp-json\/wp\/v2\/comments?post=6023"}],"wp:featuredmedia":[{"embeddable":true,"href":"https:\/\/ipefruit.com\/fr\/wp-json\/wp\/v2\/media\/6081"}],"wp:attachment":[{"href":"https:\/\/ipefruit.com\/fr\/wp-json\/wp\/v2\/media?parent=6023"}],"wp:term":[{"taxonomy":"product_brand","embeddable":true,"href":"https:\/\/ipefruit.com\/fr\/wp-json\/wp\/v2\/product_brand?post=6023"},{"taxonomy":"product_cat","embeddable":true,"href":"https:\/\/ipefruit.com\/fr\/wp-json\/wp\/v2\/product_cat?post=6023"},{"taxonomy":"product_tag","embeddable":true,"href":"https:\/\/ipefruit.com\/fr\/wp-json\/wp\/v2\/product_tag?post=6023"}],"curies":[{"name":"wp","href":"https:\/\/api.w.org\/{rel}","templated":true}]}}