{"id":6020,"date":"2026-03-16T10:42:31","date_gmt":"2026-03-16T10:42:31","guid":{"rendered":"https:\/\/ipefruit.com\/?post_type=product&#038;p=6020"},"modified":"2026-03-20T09:39:42","modified_gmt":"2026-03-20T09:39:42","slug":"affiche-de-voyage","status":"publish","type":"product","link":"https:\/\/ipefruit.com\/fr\/shop\/affiche-de-voyage\/","title":{"rendered":"Affiches de voyage"},"content":{"rendered":"<p data-start=\"85\" data-end=\"302\">Derri\u00e8re chaque affiche originale, se cache le regard de trois \u00e9tudiants en communication, passionn\u00e9s de voyage et de photographie, anim\u00e9s par l\u2019envie de transformer leurs souvenirs en v\u00e9ritables cadeaux d\u00e9co.<\/p>\n<p data-start=\"304\" data-end=\"586\">De la M\u00e9diterran\u00e9e \u00e0 la Tour Eiffel, en passant par Niagara et Port-Vendres, chaque affiche voyage capture l\u2019essence d\u2019un lieu. Nous vous proposons des<strong> <a href=\"https:\/\/ipefruit.com\/fr\/shop\/affiche-de-voyage\/\">affiches design uniques<\/a><\/strong>, pens\u00e9es pour sublimer votre int\u00e9rieur avec une touche d\u2019\u00e9vasion et d\u2019\u00e9l\u00e9gance.<\/p>\n<p data-start=\"588\" data-end=\"693\">Parce que voyager, c\u2019est aussi partager et s\u2019engager, nous avons choisi de donner du sens \u00e0 notre projet.<\/p>\n<ul>\n<li style=\"font-weight: 400\"><strong><span dir=\"auto\" style=\"vertical-align: inherit\"><span dir=\"auto\" style=\"vertical-align: inherit\"><span dir=\"auto\" style=\"vertical-align: inherit\"><span dir=\"auto\" style=\"vertical-align: inherit\"><span dir=\"auto\" style=\"vertical-align: inherit\"><span dir=\"auto\" style=\"vertical-align: inherit\"><span dir=\"auto\" style=\"vertical-align: inherit\"><span dir=\"auto\" style=\"vertical-align: inherit\"><span dir=\"auto\" style=\"vertical-align: inherit\"><span dir=\"auto\" style=\"vertical-align: inherit\"><span dir=\"auto\" style=\"vertical-align: inherit\"><span dir=\"auto\" style=\"vertical-align: inherit\"><span dir=\"auto\" style=\"vertical-align: inherit\"><span dir=\"auto\" style=\"vertical-align: inherit\"><span dir=\"auto\" style=\"vertical-align: inherit\"><span dir=\"auto\" style=\"vertical-align: inherit\"><span dir=\"auto\" style=\"vertical-align: inherit\"><span dir=\"auto\" style=\"vertical-align: inherit\"><span dir=\"auto\" style=\"vertical-align: inherit\"><span dir=\"auto\" style=\"vertical-align: inherit\"><span dir=\"auto\" style=\"vertical-align: inherit\"><span dir=\"auto\" style=\"vertical-align: inherit\">100% des b\u00e9n\u00e9fices de vos achats sont directement revers\u00e9s \u00e0 la <\/span><\/span><\/span><\/span><\/span><\/span><\/span><\/span><\/span><\/span><\/span><\/span><a href=\"https:\/\/atpa-spa.fr\/fr\"><span dir=\"auto\" style=\"vertical-align: inherit\"><span dir=\"auto\" style=\"vertical-align: inherit\"><span dir=\"auto\" style=\"vertical-align: inherit\"><span dir=\"auto\" style=\"vertical-align: inherit\"><span dir=\"auto\" style=\"vertical-align: inherit\"><span dir=\"auto\" style=\"vertical-align: inherit\"><span dir=\"auto\" style=\"vertical-align: inherit\"><span dir=\"auto\" style=\"vertical-align: inherit\"><span dir=\"auto\" style=\"vertical-align: inherit\"><span dir=\"auto\" style=\"vertical-align: inherit\"><span dir=\"auto\" style=\"vertical-align: inherit\"><span dir=\"auto\" style=\"vertical-align: inherit\">SPA de Toulouse<\/span><\/span><\/span><\/span><\/span><\/span><\/span><\/span><\/span><\/span><\/span><\/span><\/a><span dir=\"auto\" style=\"vertical-align: inherit\"><span dir=\"auto\" style=\"vertical-align: inherit\"><span dir=\"auto\" style=\"vertical-align: inherit\"><span dir=\"auto\" style=\"vertical-align: inherit\"><span dir=\"auto\" style=\"vertical-align: inherit\"><span dir=\"auto\" style=\"vertical-align: inherit\"><span dir=\"auto\" style=\"vertical-align: inherit\"><span dir=\"auto\" style=\"vertical-align: inherit\"><span dir=\"auto\" style=\"vertical-align: inherit\"><span dir=\"auto\" style=\"vertical-align: inherit\"><span dir=\"auto\" style=\"vertical-align: inherit\"><span dir=\"auto\" style=\"vertical-align: inherit\">.<\/span><\/span><\/span><\/span><\/span><\/span><\/span><\/span><\/span><\/span><\/span><\/span><\/span><\/span><\/span><\/span><\/span><\/span><\/span><\/span><\/span><\/span><\/strong><\/li>\n<\/ul>\n<p>En choisissant l&#8217;une de ces affiches, vous faites bien plus qu\u2019un choix d\u00e9co : vous contribuez directement \u00e0 une cause essentielle. La SPA prot\u00e8ge, soigne et recueille chaque ann\u00e9e des milliers d\u2019animaux abandonn\u00e9s. Votre soutien permet de financer leurs soins, leur alimentation et leur bien-\u00eatre, en attendant qu\u2019ils trouvent une famille aimante.<\/p>\n<p>Nos <strong data-start=\"1193\" data-end=\"1212\">affiches voyage<\/strong> sont disponibles en formats 30&#215;40 cm (A3) et 50&#215;70 cm (B2), pour s\u2019adapter \u00e0 tous les espaces : chambre, salon ou bureau.<\/p>","protected":false},"excerpt":{"rendered":"<p data-start=\"86\" data-end=\"393\">Trois \u00e9tudiants passionn\u00e9s de voyage vous proposent une collection d\u2019affiches originales et de posters voyage, parfaites comme <strong>cadeau d\u00e9co<\/strong>. De Niagara \u00e0 Paris avec sa Tour Eiffel, ou jusqu\u2019\u00e0 Port-Vendres et sa M\u00e9diterran\u00e9e, chaque <strong><a href=\"https:\/\/ipefruit.com\/fr\/shop\/affiche-de-voyage\/\">affiche design<\/a><\/strong> raconte un souvenir de nos voyages.<\/p>\n<p data-start=\"283\" data-end=\"517\"><span dir=\"auto\" style=\"vertical-align: inherit\"><span dir=\"auto\" style=\"vertical-align: inherit\"><span dir=\"auto\" style=\"vertical-align: inherit\"><span dir=\"auto\" style=\"vertical-align: inherit\">Parce que notre projet repose sur la solidarit\u00e9, <\/span><\/span><span dir=\"auto\" style=\"vertical-align: inherit\"><span dir=\"auto\" style=\"vertical-align: inherit\">100 % des b\u00e9n\u00e9fices de vos achats d&#8217;affiche murale sont revers\u00e9s \u00e0 la <\/span><\/span><\/span><\/span><strong><span dir=\"auto\" style=\"vertical-align: inherit\"><a href=\"https:\/\/atpa-spa.fr\/fr\"><span dir=\"auto\" style=\"vertical-align: inherit\"><span dir=\"auto\" style=\"vertical-align: inherit\"><span dir=\"auto\" style=\"vertical-align: inherit\"><span dir=\"auto\" style=\"vertical-align: inherit\">SPA de Toulouse<\/span><\/span><\/span><\/span><\/a><\/span><\/strong><span dir=\"auto\" style=\"vertical-align: inherit\"><span dir=\"auto\" style=\"vertical-align: inherit\"><span dir=\"auto\" style=\"vertical-align: inherit\"><span dir=\"auto\" style=\"vertical-align: inherit\">, pour soigner, nourrir et prot\u00e9ger les animaux du refuge.<\/span><\/span><\/span><\/span><\/p>","protected":false},"featured_media":6111,"comment_status":"open","ping_status":"closed","template":"","meta":[],"product_brand":[],"product_cat":[140,137,138,76,15,80],"product_tag":[],"class_list":{"0":"post-6020","1":"product","2":"type-product","3":"status-publish","4":"has-post-thumbnail","6":"product_cat-affiche","7":"product_cat-decoration","8":"product_cat-interieur","9":"product_cat-posters","10":"product_cat-uncategorized","11":"product_cat-wall-art","12":"product_themes-photography","13":"product_themes-posters","14":"product_themes-voyage","16":"first","17":"instock","18":"sale","19":"shipping-taxable","20":"purchasable","21":"product-type-variable"},"yoast_head":"<!-- This site is optimized with the Yoast SEO plugin v27.1.1 - https:\/\/yoast.com\/product\/yoast-seo-wordpress\/ -->\n<title>Affiche voyage - Ipefruit<\/title>\n<meta name=\"description\" content=\"Affiche voyage originale d\u00e8s 23,90\u20ac. Poster d\u00e9coration solidaire : 100% des b\u00e9n\u00e9fices revers\u00e9s \u00e0 la SPA de Toulouse. Livraison rapide.\" \/>\n<meta name=\"robots\" content=\"index, follow, max-snippet:-1, max-image-preview:large, max-video-preview:-1\" \/>\n<link rel=\"canonical\" href=\"https:\/\/ipefruit.com\/fr\/shop\/affiche-de-voyage\/\" \/>\n<meta property=\"og:locale\" content=\"fr_FR\" \/>\n<meta property=\"og:type\" content=\"article\" \/>\n<meta property=\"og:title\" content=\"Affiche voyage - Ipefruit\" \/>\n<meta property=\"og:description\" content=\"Affiche voyage originale d\u00e8s 23,90\u20ac. Poster d\u00e9coration solidaire : 100% des b\u00e9n\u00e9fices revers\u00e9s \u00e0 la SPA de Toulouse. Livraison rapide.\" \/>\n<meta property=\"og:url\" content=\"https:\/\/ipefruit.com\/fr\/shop\/affiche-de-voyage\/\" \/>\n<meta property=\"og:site_name\" content=\"Ipefruit\" \/>\n<meta property=\"article:modified_time\" content=\"2026-03-20T09:39:42+00:00\" \/>\n<meta property=\"og:image\" content=\"https:\/\/ipefruit.com\/wp-content\/uploads\/2026\/03\/paris-2.jpeg\" \/>\n\t<meta property=\"og:image:width\" content=\"1536\" \/>\n\t<meta property=\"og:image:height\" content=\"1024\" \/>\n\t<meta property=\"og:image:type\" content=\"image\/jpeg\" \/>\n<meta name=\"twitter:card\" content=\"summary_large_image\" \/>\n<meta name=\"twitter:label1\" content=\"Dur\u00e9e de lecture estim\u00e9e\" \/>\n\t<meta name=\"twitter:data1\" content=\"2 minutes\" \/>\n<script type=\"application\/ld+json\" class=\"yoast-schema-graph\">{\"@context\":\"https:\/\/schema.org\",\"@graph\":[{\"@type\":\"WebPage\",\"@id\":\"https:\/\/ipefruit.com\/shop\/affiche-de-voyage\/\",\"url\":\"https:\/\/ipefruit.com\/shop\/affiche-de-voyage\/\",\"name\":\"Affiche voyage - Ipefruit\",\"isPartOf\":{\"@id\":\"https:\/\/ipefruit.com\/#website\"},\"primaryImageOfPage\":{\"@id\":\"https:\/\/ipefruit.com\/shop\/affiche-de-voyage\/#primaryimage\"},\"image\":{\"@id\":\"https:\/\/ipefruit.com\/shop\/affiche-de-voyage\/#primaryimage\"},\"thumbnailUrl\":\"https:\/\/ipefruit.com\/wp-content\/uploads\/2026\/03\/paris-2.jpeg\",\"datePublished\":\"2026-03-16T10:42:31+00:00\",\"dateModified\":\"2026-03-20T09:39:42+00:00\",\"description\":\"Affiche voyage originale d\u00e8s 23,90\u20ac. Poster d\u00e9coration solidaire : 100% des b\u00e9n\u00e9fices revers\u00e9s \u00e0 la SPA de Toulouse. Livraison rapide.\",\"breadcrumb\":{\"@id\":\"https:\/\/ipefruit.com\/shop\/affiche-de-voyage\/#breadcrumb\"},\"inLanguage\":\"fr-FR\",\"potentialAction\":[{\"@type\":\"ReadAction\",\"target\":[\"https:\/\/ipefruit.com\/shop\/affiche-de-voyage\/\"]}]},{\"@type\":\"ImageObject\",\"inLanguage\":\"fr-FR\",\"@id\":\"https:\/\/ipefruit.com\/shop\/affiche-de-voyage\/#primaryimage\",\"url\":\"https:\/\/ipefruit.com\/wp-content\/uploads\/2026\/03\/paris-2.jpeg\",\"contentUrl\":\"https:\/\/ipefruit.com\/wp-content\/uploads\/2026\/03\/paris-2.jpeg\",\"width\":1536,\"height\":1024,\"caption\":\"La capitale vue du ciel : un panorama unique sur la Seine, la Tour Eiffel et ses toits embl\u00e9matiques.\"},{\"@type\":\"BreadcrumbList\",\"@id\":\"https:\/\/ipefruit.com\/shop\/affiche-de-voyage\/#breadcrumb\",\"itemListElement\":[{\"@type\":\"ListItem\",\"position\":1,\"name\":\"Accueil\",\"item\":\"https:\/\/ipefruit.com\/\"},{\"@type\":\"ListItem\",\"position\":2,\"name\":\"Shop\",\"item\":\"https:\/\/ipefruit.com\/shop\/\"},{\"@type\":\"ListItem\",\"position\":3,\"name\":\"Affiches de voyage\"}]},{\"@type\":\"WebSite\",\"@id\":\"https:\/\/ipefruit.com\/#website\",\"url\":\"https:\/\/ipefruit.com\/\",\"name\":\"Ipefruit\",\"description\":\"Des affiches originales\",\"publisher\":{\"@id\":\"https:\/\/ipefruit.com\/#organization\"},\"potentialAction\":[{\"@type\":\"SearchAction\",\"target\":{\"@type\":\"EntryPoint\",\"urlTemplate\":\"https:\/\/ipefruit.com\/?s={search_term_string}\"},\"query-input\":{\"@type\":\"PropertyValueSpecification\",\"valueRequired\":true,\"valueName\":\"search_term_string\"}}],\"inLanguage\":\"fr-FR\"},{\"@type\":\"Organization\",\"@id\":\"https:\/\/ipefruit.com\/#organization\",\"name\":\"Ipefruit\",\"url\":\"https:\/\/ipefruit.com\/\",\"logo\":{\"@type\":\"ImageObject\",\"inLanguage\":\"fr-FR\",\"@id\":\"https:\/\/ipefruit.com\/#\/schema\/logo\/image\/\",\"url\":\"https:\/\/ipefruit.com\/wp-content\/uploads\/2025\/10\/cropped-Ipefruit-poster-logo.png\",\"contentUrl\":\"https:\/\/ipefruit.com\/wp-content\/uploads\/2025\/10\/cropped-Ipefruit-poster-logo.png\",\"width\":250,\"height\":167,\"caption\":\"Ipefruit\"},\"image\":{\"@id\":\"https:\/\/ipefruit.com\/#\/schema\/logo\/image\/\"}}]}<\/script>\n<!-- \/ Yoast SEO plugin. -->","yoast_head_json":{"title":"Affiche voyage - Ipefruit","description":"Affiche voyage originale d\u00e8s 23,90\u20ac. Poster d\u00e9coration solidaire : 100% des b\u00e9n\u00e9fices revers\u00e9s \u00e0 la SPA de Toulouse. Livraison rapide.","robots":{"index":"index","follow":"follow","max-snippet":"max-snippet:-1","max-image-preview":"max-image-preview:large","max-video-preview":"max-video-preview:-1"},"canonical":"https:\/\/ipefruit.com\/fr\/shop\/affiche-de-voyage\/","og_locale":"fr_FR","og_type":"article","og_title":"Affiche voyage - Ipefruit","og_description":"Affiche voyage originale d\u00e8s 23,90\u20ac. Poster d\u00e9coration solidaire : 100% des b\u00e9n\u00e9fices revers\u00e9s \u00e0 la SPA de Toulouse. Livraison rapide.","og_url":"https:\/\/ipefruit.com\/fr\/shop\/affiche-de-voyage\/","og_site_name":"Ipefruit","article_modified_time":"2026-03-20T09:39:42+00:00","og_image":[{"width":1536,"height":1024,"url":"https:\/\/ipefruit.com\/wp-content\/uploads\/2026\/03\/paris-2.jpeg","type":"image\/jpeg"}],"twitter_card":"summary_large_image","twitter_misc":{"Dur\u00e9e de lecture estim\u00e9e":"2 minutes"},"schema":{"@context":"https:\/\/schema.org","@graph":[{"@type":"WebPage","@id":"https:\/\/ipefruit.com\/shop\/affiche-de-voyage\/","url":"https:\/\/ipefruit.com\/shop\/affiche-de-voyage\/","name":"Affiche voyage - Ipefruit","isPartOf":{"@id":"https:\/\/ipefruit.com\/#website"},"primaryImageOfPage":{"@id":"https:\/\/ipefruit.com\/shop\/affiche-de-voyage\/#primaryimage"},"image":{"@id":"https:\/\/ipefruit.com\/shop\/affiche-de-voyage\/#primaryimage"},"thumbnailUrl":"https:\/\/ipefruit.com\/wp-content\/uploads\/2026\/03\/paris-2.jpeg","datePublished":"2026-03-16T10:42:31+00:00","dateModified":"2026-03-20T09:39:42+00:00","description":"Affiche voyage originale d\u00e8s 23,90\u20ac. Poster d\u00e9coration solidaire : 100% des b\u00e9n\u00e9fices revers\u00e9s \u00e0 la SPA de Toulouse. Livraison rapide.","breadcrumb":{"@id":"https:\/\/ipefruit.com\/shop\/affiche-de-voyage\/#breadcrumb"},"inLanguage":"fr-FR","potentialAction":[{"@type":"ReadAction","target":["https:\/\/ipefruit.com\/shop\/affiche-de-voyage\/"]}]},{"@type":"ImageObject","inLanguage":"fr-FR","@id":"https:\/\/ipefruit.com\/shop\/affiche-de-voyage\/#primaryimage","url":"https:\/\/ipefruit.com\/wp-content\/uploads\/2026\/03\/paris-2.jpeg","contentUrl":"https:\/\/ipefruit.com\/wp-content\/uploads\/2026\/03\/paris-2.jpeg","width":1536,"height":1024,"caption":"La capitale vue du ciel : un panorama unique sur la Seine, la Tour Eiffel et ses toits embl\u00e9matiques."},{"@type":"BreadcrumbList","@id":"https:\/\/ipefruit.com\/shop\/affiche-de-voyage\/#breadcrumb","itemListElement":[{"@type":"ListItem","position":1,"name":"Accueil","item":"https:\/\/ipefruit.com\/"},{"@type":"ListItem","position":2,"name":"Shop","item":"https:\/\/ipefruit.com\/shop\/"},{"@type":"ListItem","position":3,"name":"Affiches de voyage"}]},{"@type":"WebSite","@id":"https:\/\/ipefruit.com\/#website","url":"https:\/\/ipefruit.com\/","name":"Ipefruit","description":"Des affiches originales","publisher":{"@id":"https:\/\/ipefruit.com\/#organization"},"potentialAction":[{"@type":"SearchAction","target":{"@type":"EntryPoint","urlTemplate":"https:\/\/ipefruit.com\/?s={search_term_string}"},"query-input":{"@type":"PropertyValueSpecification","valueRequired":true,"valueName":"search_term_string"}}],"inLanguage":"fr-FR"},{"@type":"Organization","@id":"https:\/\/ipefruit.com\/#organization","name":"Ipefruit","url":"https:\/\/ipefruit.com\/","logo":{"@type":"ImageObject","inLanguage":"fr-FR","@id":"https:\/\/ipefruit.com\/#\/schema\/logo\/image\/","url":"https:\/\/ipefruit.com\/wp-content\/uploads\/2025\/10\/cropped-Ipefruit-poster-logo.png","contentUrl":"https:\/\/ipefruit.com\/wp-content\/uploads\/2025\/10\/cropped-Ipefruit-poster-logo.png","width":250,"height":167,"caption":"Ipefruit"},"image":{"@id":"https:\/\/ipefruit.com\/#\/schema\/logo\/image\/"}}]}},"jetpack_sharing_enabled":true,"_links":{"self":[{"href":"https:\/\/ipefruit.com\/fr\/wp-json\/wp\/v2\/product\/6020","targetHints":{"allow":["GET"]}}],"collection":[{"href":"https:\/\/ipefruit.com\/fr\/wp-json\/wp\/v2\/product"}],"about":[{"href":"https:\/\/ipefruit.com\/fr\/wp-json\/wp\/v2\/types\/product"}],"replies":[{"embeddable":true,"href":"https:\/\/ipefruit.com\/fr\/wp-json\/wp\/v2\/comments?post=6020"}],"wp:featuredmedia":[{"embeddable":true,"href":"https:\/\/ipefruit.com\/fr\/wp-json\/wp\/v2\/media\/6111"}],"wp:attachment":[{"href":"https:\/\/ipefruit.com\/fr\/wp-json\/wp\/v2\/media?parent=6020"}],"wp:term":[{"taxonomy":"product_brand","embeddable":true,"href":"https:\/\/ipefruit.com\/fr\/wp-json\/wp\/v2\/product_brand?post=6020"},{"taxonomy":"product_cat","embeddable":true,"href":"https:\/\/ipefruit.com\/fr\/wp-json\/wp\/v2\/product_cat?post=6020"},{"taxonomy":"product_tag","embeddable":true,"href":"https:\/\/ipefruit.com\/fr\/wp-json\/wp\/v2\/product_tag?post=6020"}],"curies":[{"name":"wp","href":"https:\/\/api.w.org\/{rel}","templated":true}]}}