{"id":6016,"date":"2026-03-16T10:28:13","date_gmt":"2026-03-16T10:28:13","guid":{"rendered":"https:\/\/ipefruit.com\/?post_type=product&#038;p=6016"},"modified":"2026-03-16T13:26:46","modified_gmt":"2026-03-16T13:26:46","slug":"affiche-tahiti-x-colombie","status":"publish","type":"product","link":"https:\/\/ipefruit.com\/fr\/shop\/affiche-tahiti-x-colombie\/","title":{"rendered":"Affiches Waves of Hope : Colombie x Tahiti"},"content":{"rendered":"<p data-path-to-node=\"2,0,0\"><span class=\"a_GcMg font-feature-liga-off font-feature-clig-off font-feature-calt-off text-decoration-none text-strikethrough-none\">Apportez une touche d\u2019\u00e9vasion et de soleil \u00e0 votre int\u00e9rieur avec la collection \u201cWaves of Hope\u201d, deux affiches pleines de couleurs, et d\u2019optimisme. <\/span><span class=\"a_GcMg font-feature-liga-off font-feature-clig-off font-feature-calt-off text-decoration-none text-strikethrough-none\">Leur style illustr\u00e9 et chaleureux \u00e9voque les vacances, la libert\u00e9 et la douceur de vivre, tout en apportant une note artistique et tropicale \u00e0 votre d\u00e9coration. Parfaites pour illuminer un salon, une chambre ou un espace de travail, ces affiches invitent au r\u00eave et \u00e0 la bonne humeur au quotidien.\u00a0Que ce soit pour parfaire votre d\u00e9coration murale, offrir un cadeau original ou garder un pr\u00e9cieux souvenir de voyage, ces visuels invitent au r\u00eave et \u00e0 la libert\u00e9 dans chaque pi\u00e8ce de la maison.<\/span><\/p>\n<p data-path-to-node=\"2,0,0\">Le lien tiss\u00e9 entre ces deux cultures lointaines nous rappelle que l&#8217;espoir est universel. Ces affiches ne sont pas seulement des \u00e9l\u00e9ments de d\u00e9coration, ce sont des rappels quotidiens que la lumi\u00e8re et la joie sont toujours \u00e0 port\u00e9e de regard. Une invitation \u00e0 garder un esprit libre et optimiste.<\/p>\n<p data-path-to-node=\"2,0,0\">L\u2019int\u00e9gralit\u00e9 des b\u00e9n\u00e9fices est revers\u00e9e \u00e0 l\u2019association <a href=\"https:\/\/www.hopitalsourire.com\/\" target=\"_blank\" rel=\"noopener\">H\u00f4pital Sourire<\/a> pour offrir des moments de joie et de r\u00e9confort aux enfants hospitalis\u00e9s. Une fa\u00e7on simple de transformer votre int\u00e9rieur tout en offrant un peu de magie et de r\u00e9confort \u00e0 ceux qui en ont besoin.<\/p>","protected":false},"excerpt":{"rendered":"<p data-path-to-node=\"2,0,0\"><span class=\"a_GcMg font-feature-liga-off font-feature-clig-off font-feature-calt-off text-decoration-none text-strikethrough-none\">D\u00e9couvrez une collection pleine de couleurs et d\u2019\u00e9motions, n\u00e9e de la rencontre entre deux horizons : la Colombie et Tahiti. \u00c0 travers ces deux affiches, nous voulons c\u00e9l\u00e9brer la beaut\u00e9 des paysages paradisiaques et la joie simple de l\u2019enfance. <\/span><span class=\"a_GcMg font-feature-liga-off font-feature-clig-off font-feature-calt-off text-decoration-none text-strikethrough-none\">Chaque illustration met en sc\u00e8ne un enfant, symbole d\u2019innocence, de r\u00eave et d\u2019espoir.<\/span><\/p>","protected":false},"featured_media":6048,"comment_status":"open","ping_status":"closed","template":"","meta":[],"product_brand":[],"product_cat":[140,76],"product_tag":[],"class_list":{"0":"post-6016","1":"product","2":"type-product","3":"status-publish","4":"has-post-thumbnail","6":"product_cat-affiche","7":"product_cat-posters","8":"product_themes-affiche","9":"product_themes-art","10":"product_themes-kids","11":"product_themes-nature","12":"product_themes-posters","13":"product_themes-voyage","15":"first","16":"instock","17":"sale","18":"shipping-taxable","19":"purchasable","20":"product-type-variable"},"yoast_head":"<!-- This site is optimized with the Yoast SEO plugin v27.1.1 - https:\/\/yoast.com\/product\/yoast-seo-wordpress\/ -->\n<title>Affiches Waves of Hope : Colombie x Tahiti - Ipefruit<\/title>\n<meta name=\"description\" content=\"Deux affiches \u2018Waves of Hope\u2019 : d\u00e9coration murale, cadeau original ou souvenir pour ceux qui aiment voyager en Colombie et\/ou \u00e0 Tahiti.\" \/>\n<meta name=\"robots\" content=\"index, follow, max-snippet:-1, max-image-preview:large, max-video-preview:-1\" \/>\n<link rel=\"canonical\" href=\"https:\/\/ipefruit.com\/fr\/shop\/affiche-tahiti-x-colombie\/\" \/>\n<meta property=\"og:locale\" content=\"fr_FR\" \/>\n<meta property=\"og:type\" content=\"article\" \/>\n<meta property=\"og:title\" content=\"Affiches Waves of Hope : Colombie x Tahiti - Ipefruit\" \/>\n<meta property=\"og:description\" content=\"Deux affiches \u2018Waves of Hope\u2019 : d\u00e9coration murale, cadeau original ou souvenir pour ceux qui aiment voyager en Colombie et\/ou \u00e0 Tahiti.\" \/>\n<meta property=\"og:url\" content=\"https:\/\/ipefruit.com\/fr\/shop\/affiche-tahiti-x-colombie\/\" \/>\n<meta property=\"og:site_name\" content=\"Ipefruit\" \/>\n<meta property=\"article:modified_time\" content=\"2026-03-16T13:26:46+00:00\" \/>\n<meta property=\"og:image\" content=\"https:\/\/ipefruit.com\/wp-content\/uploads\/2026\/03\/Waves-of-hope-1024x683.png\" \/>\n\t<meta property=\"og:image:width\" content=\"1024\" \/>\n\t<meta property=\"og:image:height\" content=\"683\" \/>\n\t<meta property=\"og:image:type\" content=\"image\/png\" \/>\n<meta name=\"twitter:card\" content=\"summary_large_image\" \/>\n<meta name=\"twitter:label1\" content=\"Dur\u00e9e de lecture estim\u00e9e\" \/>\n\t<meta name=\"twitter:data1\" content=\"2 minutes\" \/>\n<script type=\"application\/ld+json\" class=\"yoast-schema-graph\">{\"@context\":\"https:\/\/schema.org\",\"@graph\":[{\"@type\":\"WebPage\",\"@id\":\"https:\/\/ipefruit.com\/shop\/affiche-tahiti-x-colombie\/\",\"url\":\"https:\/\/ipefruit.com\/shop\/affiche-tahiti-x-colombie\/\",\"name\":\"Affiches Waves of Hope : Colombie x Tahiti - Ipefruit\",\"isPartOf\":{\"@id\":\"https:\/\/ipefruit.com\/#website\"},\"primaryImageOfPage\":{\"@id\":\"https:\/\/ipefruit.com\/shop\/affiche-tahiti-x-colombie\/#primaryimage\"},\"image\":{\"@id\":\"https:\/\/ipefruit.com\/shop\/affiche-tahiti-x-colombie\/#primaryimage\"},\"thumbnailUrl\":\"https:\/\/ipefruit.com\/wp-content\/uploads\/2026\/03\/Waves-of-hope.png\",\"datePublished\":\"2026-03-16T10:28:13+00:00\",\"dateModified\":\"2026-03-16T13:26:46+00:00\",\"description\":\"Deux affiches \u2018Waves of Hope\u2019 : d\u00e9coration murale, cadeau original ou souvenir pour ceux qui aiment voyager en Colombie et\/ou \u00e0 Tahiti.\",\"breadcrumb\":{\"@id\":\"https:\/\/ipefruit.com\/shop\/affiche-tahiti-x-colombie\/#breadcrumb\"},\"inLanguage\":\"fr-FR\",\"potentialAction\":[{\"@type\":\"ReadAction\",\"target\":[\"https:\/\/ipefruit.com\/shop\/affiche-tahiti-x-colombie\/\"]}]},{\"@type\":\"ImageObject\",\"inLanguage\":\"fr-FR\",\"@id\":\"https:\/\/ipefruit.com\/shop\/affiche-tahiti-x-colombie\/#primaryimage\",\"url\":\"https:\/\/ipefruit.com\/wp-content\/uploads\/2026\/03\/Waves-of-hope.png\",\"contentUrl\":\"https:\/\/ipefruit.com\/wp-content\/uploads\/2026\/03\/Waves-of-hope.png\",\"width\":1536,\"height\":1024},{\"@type\":\"BreadcrumbList\",\"@id\":\"https:\/\/ipefruit.com\/shop\/affiche-tahiti-x-colombie\/#breadcrumb\",\"itemListElement\":[{\"@type\":\"ListItem\",\"position\":1,\"name\":\"Accueil\",\"item\":\"https:\/\/ipefruit.com\/\"},{\"@type\":\"ListItem\",\"position\":2,\"name\":\"Shop\",\"item\":\"https:\/\/ipefruit.com\/shop\/\"},{\"@type\":\"ListItem\",\"position\":3,\"name\":\"Affiches Waves of Hope : Colombie x Tahiti\"}]},{\"@type\":\"WebSite\",\"@id\":\"https:\/\/ipefruit.com\/#website\",\"url\":\"https:\/\/ipefruit.com\/\",\"name\":\"Ipefruit\",\"description\":\"Des affiches originales\",\"publisher\":{\"@id\":\"https:\/\/ipefruit.com\/#organization\"},\"potentialAction\":[{\"@type\":\"SearchAction\",\"target\":{\"@type\":\"EntryPoint\",\"urlTemplate\":\"https:\/\/ipefruit.com\/?s={search_term_string}\"},\"query-input\":{\"@type\":\"PropertyValueSpecification\",\"valueRequired\":true,\"valueName\":\"search_term_string\"}}],\"inLanguage\":\"fr-FR\"},{\"@type\":\"Organization\",\"@id\":\"https:\/\/ipefruit.com\/#organization\",\"name\":\"Ipefruit\",\"url\":\"https:\/\/ipefruit.com\/\",\"logo\":{\"@type\":\"ImageObject\",\"inLanguage\":\"fr-FR\",\"@id\":\"https:\/\/ipefruit.com\/#\/schema\/logo\/image\/\",\"url\":\"https:\/\/ipefruit.com\/wp-content\/uploads\/2025\/10\/cropped-Ipefruit-poster-logo.png\",\"contentUrl\":\"https:\/\/ipefruit.com\/wp-content\/uploads\/2025\/10\/cropped-Ipefruit-poster-logo.png\",\"width\":250,\"height\":167,\"caption\":\"Ipefruit\"},\"image\":{\"@id\":\"https:\/\/ipefruit.com\/#\/schema\/logo\/image\/\"}}]}<\/script>\n<!-- \/ Yoast SEO plugin. -->","yoast_head_json":{"title":"Affiches Waves of Hope : Colombie x Tahiti - Ipefruit","description":"Deux affiches \u2018Waves of Hope\u2019 : d\u00e9coration murale, cadeau original ou souvenir pour ceux qui aiment voyager en Colombie et\/ou \u00e0 Tahiti.","robots":{"index":"index","follow":"follow","max-snippet":"max-snippet:-1","max-image-preview":"max-image-preview:large","max-video-preview":"max-video-preview:-1"},"canonical":"https:\/\/ipefruit.com\/fr\/shop\/affiche-tahiti-x-colombie\/","og_locale":"fr_FR","og_type":"article","og_title":"Affiches Waves of Hope : Colombie x Tahiti - Ipefruit","og_description":"Deux affiches \u2018Waves of Hope\u2019 : d\u00e9coration murale, cadeau original ou souvenir pour ceux qui aiment voyager en Colombie et\/ou \u00e0 Tahiti.","og_url":"https:\/\/ipefruit.com\/fr\/shop\/affiche-tahiti-x-colombie\/","og_site_name":"Ipefruit","article_modified_time":"2026-03-16T13:26:46+00:00","og_image":[{"width":1024,"height":683,"url":"https:\/\/ipefruit.com\/wp-content\/uploads\/2026\/03\/Waves-of-hope-1024x683.png","type":"image\/png"}],"twitter_card":"summary_large_image","twitter_misc":{"Dur\u00e9e de lecture estim\u00e9e":"2 minutes"},"schema":{"@context":"https:\/\/schema.org","@graph":[{"@type":"WebPage","@id":"https:\/\/ipefruit.com\/shop\/affiche-tahiti-x-colombie\/","url":"https:\/\/ipefruit.com\/shop\/affiche-tahiti-x-colombie\/","name":"Affiches Waves of Hope : Colombie x Tahiti - Ipefruit","isPartOf":{"@id":"https:\/\/ipefruit.com\/#website"},"primaryImageOfPage":{"@id":"https:\/\/ipefruit.com\/shop\/affiche-tahiti-x-colombie\/#primaryimage"},"image":{"@id":"https:\/\/ipefruit.com\/shop\/affiche-tahiti-x-colombie\/#primaryimage"},"thumbnailUrl":"https:\/\/ipefruit.com\/wp-content\/uploads\/2026\/03\/Waves-of-hope.png","datePublished":"2026-03-16T10:28:13+00:00","dateModified":"2026-03-16T13:26:46+00:00","description":"Deux affiches \u2018Waves of Hope\u2019 : d\u00e9coration murale, cadeau original ou souvenir pour ceux qui aiment voyager en Colombie et\/ou \u00e0 Tahiti.","breadcrumb":{"@id":"https:\/\/ipefruit.com\/shop\/affiche-tahiti-x-colombie\/#breadcrumb"},"inLanguage":"fr-FR","potentialAction":[{"@type":"ReadAction","target":["https:\/\/ipefruit.com\/shop\/affiche-tahiti-x-colombie\/"]}]},{"@type":"ImageObject","inLanguage":"fr-FR","@id":"https:\/\/ipefruit.com\/shop\/affiche-tahiti-x-colombie\/#primaryimage","url":"https:\/\/ipefruit.com\/wp-content\/uploads\/2026\/03\/Waves-of-hope.png","contentUrl":"https:\/\/ipefruit.com\/wp-content\/uploads\/2026\/03\/Waves-of-hope.png","width":1536,"height":1024},{"@type":"BreadcrumbList","@id":"https:\/\/ipefruit.com\/shop\/affiche-tahiti-x-colombie\/#breadcrumb","itemListElement":[{"@type":"ListItem","position":1,"name":"Accueil","item":"https:\/\/ipefruit.com\/"},{"@type":"ListItem","position":2,"name":"Shop","item":"https:\/\/ipefruit.com\/shop\/"},{"@type":"ListItem","position":3,"name":"Affiches Waves of Hope : Colombie x Tahiti"}]},{"@type":"WebSite","@id":"https:\/\/ipefruit.com\/#website","url":"https:\/\/ipefruit.com\/","name":"Ipefruit","description":"Des affiches originales","publisher":{"@id":"https:\/\/ipefruit.com\/#organization"},"potentialAction":[{"@type":"SearchAction","target":{"@type":"EntryPoint","urlTemplate":"https:\/\/ipefruit.com\/?s={search_term_string}"},"query-input":{"@type":"PropertyValueSpecification","valueRequired":true,"valueName":"search_term_string"}}],"inLanguage":"fr-FR"},{"@type":"Organization","@id":"https:\/\/ipefruit.com\/#organization","name":"Ipefruit","url":"https:\/\/ipefruit.com\/","logo":{"@type":"ImageObject","inLanguage":"fr-FR","@id":"https:\/\/ipefruit.com\/#\/schema\/logo\/image\/","url":"https:\/\/ipefruit.com\/wp-content\/uploads\/2025\/10\/cropped-Ipefruit-poster-logo.png","contentUrl":"https:\/\/ipefruit.com\/wp-content\/uploads\/2025\/10\/cropped-Ipefruit-poster-logo.png","width":250,"height":167,"caption":"Ipefruit"},"image":{"@id":"https:\/\/ipefruit.com\/#\/schema\/logo\/image\/"}}]}},"jetpack_sharing_enabled":true,"_links":{"self":[{"href":"https:\/\/ipefruit.com\/fr\/wp-json\/wp\/v2\/product\/6016","targetHints":{"allow":["GET"]}}],"collection":[{"href":"https:\/\/ipefruit.com\/fr\/wp-json\/wp\/v2\/product"}],"about":[{"href":"https:\/\/ipefruit.com\/fr\/wp-json\/wp\/v2\/types\/product"}],"replies":[{"embeddable":true,"href":"https:\/\/ipefruit.com\/fr\/wp-json\/wp\/v2\/comments?post=6016"}],"wp:featuredmedia":[{"embeddable":true,"href":"https:\/\/ipefruit.com\/fr\/wp-json\/wp\/v2\/media\/6048"}],"wp:attachment":[{"href":"https:\/\/ipefruit.com\/fr\/wp-json\/wp\/v2\/media?parent=6016"}],"wp:term":[{"taxonomy":"product_brand","embeddable":true,"href":"https:\/\/ipefruit.com\/fr\/wp-json\/wp\/v2\/product_brand?post=6016"},{"taxonomy":"product_cat","embeddable":true,"href":"https:\/\/ipefruit.com\/fr\/wp-json\/wp\/v2\/product_cat?post=6016"},{"taxonomy":"product_tag","embeddable":true,"href":"https:\/\/ipefruit.com\/fr\/wp-json\/wp\/v2\/product_tag?post=6016"}],"curies":[{"name":"wp","href":"https:\/\/api.w.org\/{rel}","templated":true}]}}