{"id":5899,"date":"2026-03-20T08:04:52","date_gmt":"2026-03-20T08:04:52","guid":{"rendered":"https:\/\/ipefruit.com\/?post_type=product&#038;p=5899"},"modified":"2026-05-09T02:28:39","modified_gmt":"2026-05-09T02:28:39","slug":"affiches-coraux-engagees-protection-ocean","status":"publish","type":"product","link":"https:\/\/ipefruit.com\/fr\/shop\/affiches-coraux-engagees-protection-ocean\/","title":{"rendered":"Affiche coraux engag\u00e9es pour la protection des oc\u00e9ans"},"content":{"rendered":"<h1 data-start=\"216\" data-end=\"266\">Affiches d\u00e9co engag\u00e9es pour la protection des oc\u00e9ans<\/h1>\n<p data-start=\"268\" data-end=\"677\">Nos affiches engag\u00e9es mettent en lumi\u00e8re les fonds marins et les \u00e9cosyst\u00e8mes oc\u00e9aniques \u00e0 travers des <strong data-start=\"370\" data-end=\"401\">designs inspir\u00e9s de l\u2019oc\u00e9an<\/strong>, de ses formes, de ses mouvements et de sa biodiversit\u00e9.<br data-start=\"458\" data-end=\"461\" \/>Certaines cr\u00e9ations montrent la beaut\u00e9 fragile des coraux et de la vie marine, tandis que d\u2019autres illustrent les <strong data-start=\"575\" data-end=\"607\">cons\u00e9quences de la pollution<\/strong>, de la surp\u00eache et des activit\u00e9s humaines sur les mers et les oc\u00e9ans.<\/p>\n<p data-start=\"679\" data-end=\"907\">Ces posters transforment la d\u00e9coration en <strong data-start=\"721\" data-end=\"749\">outil de sensibilisation<\/strong> : ils invitent \u00e0 prendre conscience de l\u2019impact de nos actions et rappellent que prot\u00e9ger l\u2019oc\u00e9an et les r\u00e9cifs , c\u2019est pr\u00e9server un \u00e9quilibre essentiel \u00e0 la vie sur Terre.<\/p>\n<p data-start=\"909\" data-end=\"1105\">Chaque affiche est pens\u00e9e comme un <strong data-start=\"944\" data-end=\"967\">message visuel fort<\/strong>, m\u00ealant esth\u00e9tique, engagement et p\u00e9dagogie, pour toucher aussi bien les particuliers que les lieux publics, \u00e9ducatifs ou professionnels.<\/p>\n<p data-start=\"1112\" data-end=\"1135\">Formats disponibles<\/p>\n<p data-start=\"1137\" data-end=\"1222\">Nos posters sont propos\u00e9s en plusieurs formats afin de s\u2019adapter \u00e0 tous les espaces :<\/p>\n<ul data-start=\"1224\" data-end=\"1475\">\n<li data-start=\"1224\" data-end=\"1295\">\n<p data-start=\"1226\" data-end=\"1295\"><strong data-start=\"1226\" data-end=\"1239\">Format A4<\/strong> : id\u00e9al pour un bureau, une chambre ou un petit espace.<\/p>\n<\/li>\n<li data-start=\"1296\" data-end=\"1368\">\n<p data-start=\"1298\" data-end=\"1368\"><strong data-start=\"1298\" data-end=\"1311\">Format A3<\/strong> : parfait pour un salon, un couloir ou une pi\u00e8ce de vie.<\/p>\n<\/li>\n<li data-start=\"1369\" data-end=\"1475\">\n<p data-start=\"1371\" data-end=\"1475\"><strong data-start=\"1371\" data-end=\"1384\">Format A2<\/strong> : format grand impact, adapt\u00e9 aux grands murs, lieux de passage ou espaces professionnels.<\/p>\n<\/li>\n<\/ul>\n<p data-start=\"1482\" data-end=\"1517\"><strong>Un achat solidaire pour l\u2019oc\u00e9an<\/strong><\/p>\n<p data-start=\"1519\" data-end=\"1960\">Une partie des b\u00e9n\u00e9fices de chaque vente est revers\u00e9e \u00e0 l\u2019association Coral Guardians.<br data-start=\"1609\" data-end=\"1612\" \/>Cette organisation \u0153uvre depuis plusieurs ann\u00e9es \u00e0 la protection et \u00e0 la restauration des r\u00e9cifs coralliens, en impliquant les populations locales, en sensibilisant le grand public et en menant des actions concr\u00e8tes sur le terrain.<br data-start=\"1847\" data-end=\"1850\" \/>Soutenir Coral Guardians, c\u2019est agir directement pour pr\u00e9server la biodiversit\u00e9 marine et l\u2019avenir des oc\u00e9ans.<\/p>\n<p data-start=\"1519\" data-end=\"1960\"><span class=\"a_GcMg font-feature-liga-off font-feature-clig-off font-feature-calt-off text-decoration-none text-strikethrough-none\">\u201cNous prot\u00e9geons et restaurons les \u00e9cosyst\u00e8mes coralliens au travers de l\u2019implication des communaut\u00e9s locales et la sensibilisation du grand public.\u201d<\/span><\/p>\n<p data-start=\"1519\" data-end=\"1960\"><a href=\"https:\/\/www.coralguardian.org\">https:\/\/www.coralguardian.org<\/a><\/p>","protected":false},"excerpt":{"rendered":"<p><strong data-start=\"106\" data-end=\"172\">D\u00e9corez votre int\u00e9rieur avec une touche de couleur et de sens.<\/strong><br data-start=\"172\" data-end=\"175\" \/>Nos affiches inspir\u00e9es de l\u2019oc\u00e9an allient designs marins, formes organiques et engagement environnemental. Disponibles en plusieurs formats, elles subliment votre espace tout en soutenant la protection des oc\u00e9ans aux c\u00f4t\u00e9s de Coral Guardians.<\/p>","protected":false},"featured_media":5924,"comment_status":"open","ping_status":"closed","template":"","meta":[],"product_brand":[],"product_cat":[15],"product_tag":[],"class_list":{"0":"post-5899","1":"product","2":"type-product","3":"status-publish","4":"has-post-thumbnail","6":"product_cat-uncategorized","8":"first","9":"instock","10":"shipping-taxable","11":"purchasable","12":"product-type-variable"},"yoast_head":"<!-- This site is optimized with the Yoast SEO plugin v27.1.1 - https:\/\/yoast.com\/product\/yoast-seo-wordpress\/ -->\n<title>Affiche coraux engag\u00e9es pour la protection des oc\u00e9ans - Ipefruit<\/title>\n<meta name=\"description\" content=\"Des affiches engag\u00e9es inspir\u00e9es de l\u2019oc\u00e9an pour sensibiliser aux fonds marins. Designs forts, formats A4, A3 et A2, soutien \u00e0 Coral Guardians.\" \/>\n<meta name=\"robots\" content=\"index, follow, max-snippet:-1, max-image-preview:large, max-video-preview:-1\" \/>\n<link rel=\"canonical\" href=\"https:\/\/ipefruit.com\/fr\/shop\/affiches-coraux-engagees-protection-ocean\/\" \/>\n<meta property=\"og:locale\" content=\"fr_FR\" \/>\n<meta property=\"og:type\" content=\"article\" \/>\n<meta property=\"og:title\" content=\"Affiche coraux engag\u00e9es pour la protection des oc\u00e9ans - Ipefruit\" \/>\n<meta property=\"og:description\" content=\"Des affiches engag\u00e9es inspir\u00e9es de l\u2019oc\u00e9an pour sensibiliser aux fonds marins. Designs forts, formats A4, A3 et A2, soutien \u00e0 Coral Guardians.\" \/>\n<meta property=\"og:url\" content=\"https:\/\/ipefruit.com\/fr\/shop\/affiches-coraux-engagees-protection-ocean\/\" \/>\n<meta property=\"og:site_name\" content=\"Ipefruit\" \/>\n<meta property=\"article:modified_time\" content=\"2026-05-09T02:28:39+00:00\" \/>\n<meta property=\"og:image\" content=\"https:\/\/ipefruit.com\/wp-content\/uploads\/2026\/01\/Capture-decran-2026-01-14-a-15.01.40.png\" \/>\n\t<meta property=\"og:image:width\" content=\"1904\" \/>\n\t<meta property=\"og:image:height\" content=\"1064\" \/>\n\t<meta property=\"og:image:type\" content=\"image\/png\" \/>\n<meta name=\"twitter:card\" content=\"summary_large_image\" \/>\n<meta name=\"twitter:label1\" content=\"Dur\u00e9e de lecture estim\u00e9e\" \/>\n\t<meta name=\"twitter:data1\" content=\"2 minutes\" \/>\n<script type=\"application\/ld+json\" class=\"yoast-schema-graph\">{\"@context\":\"https:\/\/schema.org\",\"@graph\":[{\"@type\":\"WebPage\",\"@id\":\"https:\/\/ipefruit.com\/shop\/affiches-coraux-engagees-protection-ocean\/\",\"url\":\"https:\/\/ipefruit.com\/shop\/affiches-coraux-engagees-protection-ocean\/\",\"name\":\"Affiche coraux engag\u00e9es pour la protection des oc\u00e9ans - Ipefruit\",\"isPartOf\":{\"@id\":\"https:\/\/ipefruit.com\/#website\"},\"primaryImageOfPage\":{\"@id\":\"https:\/\/ipefruit.com\/shop\/affiches-coraux-engagees-protection-ocean\/#primaryimage\"},\"image\":{\"@id\":\"https:\/\/ipefruit.com\/shop\/affiches-coraux-engagees-protection-ocean\/#primaryimage\"},\"thumbnailUrl\":\"https:\/\/ipefruit.com\/wp-content\/uploads\/2026\/01\/Capture-decran-2026-01-14-a-15.01.40.png\",\"datePublished\":\"2026-03-20T08:04:52+00:00\",\"dateModified\":\"2026-05-09T02:28:39+00:00\",\"description\":\"Des affiches engag\u00e9es inspir\u00e9es de l\u2019oc\u00e9an pour sensibiliser aux fonds marins. Designs forts, formats A4, A3 et A2, soutien \u00e0 Coral Guardians.\",\"breadcrumb\":{\"@id\":\"https:\/\/ipefruit.com\/shop\/affiches-coraux-engagees-protection-ocean\/#breadcrumb\"},\"inLanguage\":\"fr-FR\",\"potentialAction\":[{\"@type\":\"ReadAction\",\"target\":[\"https:\/\/ipefruit.com\/shop\/affiches-coraux-engagees-protection-ocean\/\"]}]},{\"@type\":\"ImageObject\",\"inLanguage\":\"fr-FR\",\"@id\":\"https:\/\/ipefruit.com\/shop\/affiches-coraux-engagees-protection-ocean\/#primaryimage\",\"url\":\"https:\/\/ipefruit.com\/wp-content\/uploads\/2026\/01\/Capture-decran-2026-01-14-a-15.01.40.png\",\"contentUrl\":\"https:\/\/ipefruit.com\/wp-content\/uploads\/2026\/01\/Capture-decran-2026-01-14-a-15.01.40.png\",\"width\":1904,\"height\":1064},{\"@type\":\"BreadcrumbList\",\"@id\":\"https:\/\/ipefruit.com\/shop\/affiches-coraux-engagees-protection-ocean\/#breadcrumb\",\"itemListElement\":[{\"@type\":\"ListItem\",\"position\":1,\"name\":\"Accueil\",\"item\":\"https:\/\/ipefruit.com\/\"},{\"@type\":\"ListItem\",\"position\":2,\"name\":\"Shop\",\"item\":\"https:\/\/ipefruit.com\/shop\/\"},{\"@type\":\"ListItem\",\"position\":3,\"name\":\"Affiche coraux engag\u00e9es pour la protection des oc\u00e9ans\"}]},{\"@type\":\"WebSite\",\"@id\":\"https:\/\/ipefruit.com\/#website\",\"url\":\"https:\/\/ipefruit.com\/\",\"name\":\"Ipefruit\",\"description\":\"Des affiches originales\",\"publisher\":{\"@id\":\"https:\/\/ipefruit.com\/#organization\"},\"potentialAction\":[{\"@type\":\"SearchAction\",\"target\":{\"@type\":\"EntryPoint\",\"urlTemplate\":\"https:\/\/ipefruit.com\/?s={search_term_string}\"},\"query-input\":{\"@type\":\"PropertyValueSpecification\",\"valueRequired\":true,\"valueName\":\"search_term_string\"}}],\"inLanguage\":\"fr-FR\"},{\"@type\":\"Organization\",\"@id\":\"https:\/\/ipefruit.com\/#organization\",\"name\":\"Ipefruit\",\"url\":\"https:\/\/ipefruit.com\/\",\"logo\":{\"@type\":\"ImageObject\",\"inLanguage\":\"fr-FR\",\"@id\":\"https:\/\/ipefruit.com\/#\/schema\/logo\/image\/\",\"url\":\"https:\/\/ipefruit.com\/wp-content\/uploads\/2025\/10\/cropped-Ipefruit-poster-logo.png\",\"contentUrl\":\"https:\/\/ipefruit.com\/wp-content\/uploads\/2025\/10\/cropped-Ipefruit-poster-logo.png\",\"width\":250,\"height\":167,\"caption\":\"Ipefruit\"},\"image\":{\"@id\":\"https:\/\/ipefruit.com\/#\/schema\/logo\/image\/\"}}]}<\/script>\n<!-- \/ Yoast SEO plugin. -->","yoast_head_json":{"title":"Affiche coraux engag\u00e9es pour la protection des oc\u00e9ans - Ipefruit","description":"Des affiches engag\u00e9es inspir\u00e9es de l\u2019oc\u00e9an pour sensibiliser aux fonds marins. Designs forts, formats A4, A3 et A2, soutien \u00e0 Coral Guardians.","robots":{"index":"index","follow":"follow","max-snippet":"max-snippet:-1","max-image-preview":"max-image-preview:large","max-video-preview":"max-video-preview:-1"},"canonical":"https:\/\/ipefruit.com\/fr\/shop\/affiches-coraux-engagees-protection-ocean\/","og_locale":"fr_FR","og_type":"article","og_title":"Affiche coraux engag\u00e9es pour la protection des oc\u00e9ans - Ipefruit","og_description":"Des affiches engag\u00e9es inspir\u00e9es de l\u2019oc\u00e9an pour sensibiliser aux fonds marins. Designs forts, formats A4, A3 et A2, soutien \u00e0 Coral Guardians.","og_url":"https:\/\/ipefruit.com\/fr\/shop\/affiches-coraux-engagees-protection-ocean\/","og_site_name":"Ipefruit","article_modified_time":"2026-05-09T02:28:39+00:00","og_image":[{"width":1904,"height":1064,"url":"https:\/\/ipefruit.com\/wp-content\/uploads\/2026\/01\/Capture-decran-2026-01-14-a-15.01.40.png","type":"image\/png"}],"twitter_card":"summary_large_image","twitter_misc":{"Dur\u00e9e de lecture estim\u00e9e":"2 minutes"},"schema":{"@context":"https:\/\/schema.org","@graph":[{"@type":"WebPage","@id":"https:\/\/ipefruit.com\/shop\/affiches-coraux-engagees-protection-ocean\/","url":"https:\/\/ipefruit.com\/shop\/affiches-coraux-engagees-protection-ocean\/","name":"Affiche coraux engag\u00e9es pour la protection des oc\u00e9ans - Ipefruit","isPartOf":{"@id":"https:\/\/ipefruit.com\/#website"},"primaryImageOfPage":{"@id":"https:\/\/ipefruit.com\/shop\/affiches-coraux-engagees-protection-ocean\/#primaryimage"},"image":{"@id":"https:\/\/ipefruit.com\/shop\/affiches-coraux-engagees-protection-ocean\/#primaryimage"},"thumbnailUrl":"https:\/\/ipefruit.com\/wp-content\/uploads\/2026\/01\/Capture-decran-2026-01-14-a-15.01.40.png","datePublished":"2026-03-20T08:04:52+00:00","dateModified":"2026-05-09T02:28:39+00:00","description":"Des affiches engag\u00e9es inspir\u00e9es de l\u2019oc\u00e9an pour sensibiliser aux fonds marins. Designs forts, formats A4, A3 et A2, soutien \u00e0 Coral Guardians.","breadcrumb":{"@id":"https:\/\/ipefruit.com\/shop\/affiches-coraux-engagees-protection-ocean\/#breadcrumb"},"inLanguage":"fr-FR","potentialAction":[{"@type":"ReadAction","target":["https:\/\/ipefruit.com\/shop\/affiches-coraux-engagees-protection-ocean\/"]}]},{"@type":"ImageObject","inLanguage":"fr-FR","@id":"https:\/\/ipefruit.com\/shop\/affiches-coraux-engagees-protection-ocean\/#primaryimage","url":"https:\/\/ipefruit.com\/wp-content\/uploads\/2026\/01\/Capture-decran-2026-01-14-a-15.01.40.png","contentUrl":"https:\/\/ipefruit.com\/wp-content\/uploads\/2026\/01\/Capture-decran-2026-01-14-a-15.01.40.png","width":1904,"height":1064},{"@type":"BreadcrumbList","@id":"https:\/\/ipefruit.com\/shop\/affiches-coraux-engagees-protection-ocean\/#breadcrumb","itemListElement":[{"@type":"ListItem","position":1,"name":"Accueil","item":"https:\/\/ipefruit.com\/"},{"@type":"ListItem","position":2,"name":"Shop","item":"https:\/\/ipefruit.com\/shop\/"},{"@type":"ListItem","position":3,"name":"Affiche coraux engag\u00e9es pour la protection des oc\u00e9ans"}]},{"@type":"WebSite","@id":"https:\/\/ipefruit.com\/#website","url":"https:\/\/ipefruit.com\/","name":"Ipefruit","description":"Des affiches originales","publisher":{"@id":"https:\/\/ipefruit.com\/#organization"},"potentialAction":[{"@type":"SearchAction","target":{"@type":"EntryPoint","urlTemplate":"https:\/\/ipefruit.com\/?s={search_term_string}"},"query-input":{"@type":"PropertyValueSpecification","valueRequired":true,"valueName":"search_term_string"}}],"inLanguage":"fr-FR"},{"@type":"Organization","@id":"https:\/\/ipefruit.com\/#organization","name":"Ipefruit","url":"https:\/\/ipefruit.com\/","logo":{"@type":"ImageObject","inLanguage":"fr-FR","@id":"https:\/\/ipefruit.com\/#\/schema\/logo\/image\/","url":"https:\/\/ipefruit.com\/wp-content\/uploads\/2025\/10\/cropped-Ipefruit-poster-logo.png","contentUrl":"https:\/\/ipefruit.com\/wp-content\/uploads\/2025\/10\/cropped-Ipefruit-poster-logo.png","width":250,"height":167,"caption":"Ipefruit"},"image":{"@id":"https:\/\/ipefruit.com\/#\/schema\/logo\/image\/"}}]}},"jetpack_sharing_enabled":true,"_links":{"self":[{"href":"https:\/\/ipefruit.com\/fr\/wp-json\/wp\/v2\/product\/5899","targetHints":{"allow":["GET"]}}],"collection":[{"href":"https:\/\/ipefruit.com\/fr\/wp-json\/wp\/v2\/product"}],"about":[{"href":"https:\/\/ipefruit.com\/fr\/wp-json\/wp\/v2\/types\/product"}],"replies":[{"embeddable":true,"href":"https:\/\/ipefruit.com\/fr\/wp-json\/wp\/v2\/comments?post=5899"}],"wp:featuredmedia":[{"embeddable":true,"href":"https:\/\/ipefruit.com\/fr\/wp-json\/wp\/v2\/media\/5924"}],"wp:attachment":[{"href":"https:\/\/ipefruit.com\/fr\/wp-json\/wp\/v2\/media?parent=5899"}],"wp:term":[{"taxonomy":"product_brand","embeddable":true,"href":"https:\/\/ipefruit.com\/fr\/wp-json\/wp\/v2\/product_brand?post=5899"},{"taxonomy":"product_cat","embeddable":true,"href":"https:\/\/ipefruit.com\/fr\/wp-json\/wp\/v2\/product_cat?post=5899"},{"taxonomy":"product_tag","embeddable":true,"href":"https:\/\/ipefruit.com\/fr\/wp-json\/wp\/v2\/product_tag?post=5899"}],"curies":[{"name":"wp","href":"https:\/\/api.w.org\/{rel}","templated":true}]}}