{"id":5849,"date":"2026-01-14T11:19:16","date_gmt":"2026-01-14T11:19:16","guid":{"rendered":"https:\/\/ipefruit.com\/?post_type=product&#038;p=5849"},"modified":"2026-01-14T12:53:34","modified_gmt":"2026-01-14T12:53:34","slug":"affiche-animaux","status":"publish","type":"product","link":"https:\/\/ipefruit.com\/fr\/shop\/affiche-animaux\/","title":{"rendered":"Affiche Animaux \u2013 Pollution plastique des oc\u00e9ans"},"content":{"rendered":"<h2 id=\"affiches-engages-pour-les-animaux-et-lenvironnemen\" class=\"mb-2 mt-4 font-sans font-semimedium text-base first:mt-0 md:text-lg [hr+&amp;]:mt-4\">Affiches engag\u00e9es pour les animaux et l\u2019environnement<\/h2>\n<p class=\"my-2 [&amp;+p]:mt-4 [&amp;_strong:has(+br)]:inline-block [&amp;_strong:has(+br)]:pb-2\">Nos affiches solidaires mettent en sc\u00e8ne plusieurs animaux \u2013 tortue, baleine, serpent et aigle \u2013 pour d\u00e9noncer l\u2019impact de la pollution, de la surconsommation et des produits industriels sur le vivant. Elles transforment la d\u00e9coration en message clair : prot\u00e9ger l\u2019environnement, c\u2019est aussi prot\u00e9ger les animaux qui en subissent directement les cons\u00e9quences.<span class=\"inline-flex\" data-state=\"closed\">\u200b<\/span><\/p>\n<p class=\"my-2 [&amp;+p]:mt-4 [&amp;_strong:has(+br)]:inline-block [&amp;_strong:has(+br)]:pb-2\">Chaque poster est disponible en plusieurs formats pour s\u2019adapter \u00e0 tous les espaces :<\/p>\n<ul class=\"marker:text-quiet list-disc\">\n<li class=\"py-0 my-0 prose-p:pt-0 prose-p:mb-2 prose-p:my-0 [&amp;&gt;p]:pt-0 [&amp;&gt;p]:mb-2 [&amp;&gt;p]:my-0\">\n<p class=\"my-2 [&amp;+p]:mt-4 [&amp;_strong:has(+br)]:inline-block [&amp;_strong:has(+br)]:pb-2\">Format\u00a0<strong>A4<\/strong>\u00a0: id\u00e9al pour un bureau, une chambre ou un petit mur.<span class=\"inline-flex\" aria-label=\"Business Model Canvas Poster French | PDF\" data-state=\"closed\">\u200b<\/span><\/p>\n<\/li>\n<li class=\"py-0 my-0 prose-p:pt-0 prose-p:mb-2 prose-p:my-0 [&amp;&gt;p]:pt-0 [&amp;&gt;p]:mb-2 [&amp;&gt;p]:my-0\">\n<p class=\"my-2 [&amp;+p]:mt-4 [&amp;_strong:has(+br)]:inline-block [&amp;_strong:has(+br)]:pb-2\">Format\u00a0<strong>A3<\/strong>\u00a0: parfait pour un salon, un couloir ou une salle de classe.<span class=\"inline-flex\" aria-label=\"Business Model Canvas Poster French | PDF\" data-state=\"closed\">\u200b<\/span><\/p>\n<\/li>\n<li class=\"py-0 my-0 prose-p:pt-0 prose-p:mb-2 prose-p:my-0 [&amp;&gt;p]:pt-0 [&amp;&gt;p]:mb-2 [&amp;&gt;p]:my-0\">\n<p class=\"my-2 [&amp;+p]:mt-4 [&amp;_strong:has(+br)]:inline-block [&amp;_strong:has(+br)]:pb-2\">Format\u00a0<strong>A2<\/strong>\u00a0: format affichage, impact visuel fort pour un grand mur ou un lieu de passage.<span class=\"inline-flex\" aria-label=\"Business Model Canvas Poster French | PDF\" data-state=\"closed\">\u200b<\/span><\/p>\n<\/li>\n<\/ul>\n<p class=\"my-2 [&amp;+p]:mt-4 [&amp;_strong:has(+br)]:inline-block [&amp;_strong:has(+br)]:pb-2\">Une partie des b\u00e9n\u00e9fices de chaque vente est revers\u00e9e \u00e0 l\u2019association\u00a0<a href=\"https:\/\/www.wingsoftheocean.com\/\" target=\"_blank\" rel=\"noopener\"><strong>Wings of the Ocean<\/strong><\/a>, qui lutte contre la pollution plastique et \u0153uvre \u00e0 la d\u00e9pollution des mers et oc\u00e9ans pour prot\u00e9ger la vie marine.<\/p>\n<p>&nbsp;<\/p>\n","protected":false},"excerpt":{"rendered":"<p>Affiches solidaires animaux et environnement : quatre posters engag\u00e9s o\u00f9 tortue, baleine, serpent et aigle portent, malgr\u00e9 eux, les cons\u00e9quences de nos choix de consommation. Chaque affiche raconte une histoire diff\u00e9rente \u2013 oc\u00e9ans \u00e9touff\u00e9s par le plastique, tests cosm\u00e9tiques cruels, pollution de l\u2019air, exploitation pour la mode \u2013 mais toutes vous invitent \u00e0 transformer un simple mur en prise de position pour la plan\u00e8te. En choisissant ces formats A4, A3 ou A2, vous d\u00e9corez votre espace tout en soutenant l\u2019association <a href=\"https:\/\/www.wingsoftheocean.com\/\" target=\"_blank\" rel=\"noopener\">Wings of the Ocean<\/a>, qui lutte chaque jour contre la pollution plastique pour prot\u00e9ger les oc\u00e9ans et la vie marine.<\/p>","protected":false},"featured_media":5903,"comment_status":"open","ping_status":"closed","template":"","meta":[],"product_brand":[],"product_cat":[15],"product_tag":[],"class_list":{"0":"post-5849","1":"product","2":"type-product","3":"status-publish","4":"has-post-thumbnail","6":"product_cat-uncategorized","8":"first","9":"instock","10":"shipping-taxable","11":"purchasable","12":"product-type-variable"},"yoast_head":"<!-- This site is optimized with the Yoast SEO plugin v27.1.1 - https:\/\/yoast.com\/product\/yoast-seo-wordpress\/ -->\n<title>Affiche Animaux \u2013 Pollution plastique des oc\u00e9ans - Ipefruit<\/title>\n<meta name=\"description\" content=\"Affiches solidaires animaux et environnement : posters engag\u00e9s (tortue, baleine, serpent, aigle) en formats A4, A3 et A2.\" \/>\n<meta name=\"robots\" content=\"index, follow, max-snippet:-1, max-image-preview:large, max-video-preview:-1\" \/>\n<link rel=\"canonical\" href=\"https:\/\/ipefruit.com\/fr\/shop\/affiche-animaux\/\" \/>\n<meta property=\"og:locale\" content=\"fr_FR\" \/>\n<meta property=\"og:type\" content=\"article\" \/>\n<meta property=\"og:title\" content=\"Affiche Animaux \u2013 Pollution plastique des oc\u00e9ans - Ipefruit\" \/>\n<meta property=\"og:description\" content=\"Affiches solidaires animaux et environnement : posters engag\u00e9s (tortue, baleine, serpent, aigle) en formats A4, A3 et A2.\" \/>\n<meta property=\"og:url\" content=\"https:\/\/ipefruit.com\/fr\/shop\/affiche-animaux\/\" \/>\n<meta property=\"og:site_name\" content=\"Ipefruit\" \/>\n<meta property=\"article:modified_time\" content=\"2026-01-14T12:53:34+00:00\" \/>\n<meta property=\"og:image\" content=\"https:\/\/ipefruit.com\/wp-content\/uploads\/2026\/01\/Design-sans-titre-1-683x1024.png\" \/>\n\t<meta property=\"og:image:width\" content=\"683\" \/>\n\t<meta property=\"og:image:height\" content=\"1024\" \/>\n\t<meta property=\"og:image:type\" content=\"image\/png\" \/>\n<meta name=\"twitter:card\" content=\"summary_large_image\" \/>\n<meta name=\"twitter:label1\" content=\"Dur\u00e9e de lecture estim\u00e9e\" \/>\n\t<meta name=\"twitter:data1\" content=\"2 minutes\" \/>\n<script type=\"application\/ld+json\" class=\"yoast-schema-graph\">{\"@context\":\"https:\/\/schema.org\",\"@graph\":[{\"@type\":\"WebPage\",\"@id\":\"https:\/\/ipefruit.com\/shop\/affiche-animaux\/\",\"url\":\"https:\/\/ipefruit.com\/shop\/affiche-animaux\/\",\"name\":\"Affiche Animaux \u2013 Pollution plastique des oc\u00e9ans - Ipefruit\",\"isPartOf\":{\"@id\":\"https:\/\/ipefruit.com\/#website\"},\"primaryImageOfPage\":{\"@id\":\"https:\/\/ipefruit.com\/shop\/affiche-animaux\/#primaryimage\"},\"image\":{\"@id\":\"https:\/\/ipefruit.com\/shop\/affiche-animaux\/#primaryimage\"},\"thumbnailUrl\":\"https:\/\/ipefruit.com\/wp-content\/uploads\/2026\/01\/Design-sans-titre-1.png\",\"datePublished\":\"2026-01-14T11:19:16+00:00\",\"dateModified\":\"2026-01-14T12:53:34+00:00\",\"description\":\"Affiches solidaires animaux et environnement : posters engag\u00e9s (tortue, baleine, serpent, aigle) en formats A4, A3 et A2.\",\"breadcrumb\":{\"@id\":\"https:\/\/ipefruit.com\/shop\/affiche-animaux\/#breadcrumb\"},\"inLanguage\":\"fr-FR\",\"potentialAction\":[{\"@type\":\"ReadAction\",\"target\":[\"https:\/\/ipefruit.com\/shop\/affiche-animaux\/\"]}]},{\"@type\":\"ImageObject\",\"inLanguage\":\"fr-FR\",\"@id\":\"https:\/\/ipefruit.com\/shop\/affiche-animaux\/#primaryimage\",\"url\":\"https:\/\/ipefruit.com\/wp-content\/uploads\/2026\/01\/Design-sans-titre-1.png\",\"contentUrl\":\"https:\/\/ipefruit.com\/wp-content\/uploads\/2026\/01\/Design-sans-titre-1.png\",\"width\":1333,\"height\":1999},{\"@type\":\"BreadcrumbList\",\"@id\":\"https:\/\/ipefruit.com\/shop\/affiche-animaux\/#breadcrumb\",\"itemListElement\":[{\"@type\":\"ListItem\",\"position\":1,\"name\":\"Accueil\",\"item\":\"https:\/\/ipefruit.com\/\"},{\"@type\":\"ListItem\",\"position\":2,\"name\":\"Shop\",\"item\":\"https:\/\/ipefruit.com\/shop\/\"},{\"@type\":\"ListItem\",\"position\":3,\"name\":\"Affiche Animaux \u2013 Pollution plastique des oc\u00e9ans\"}]},{\"@type\":\"WebSite\",\"@id\":\"https:\/\/ipefruit.com\/#website\",\"url\":\"https:\/\/ipefruit.com\/\",\"name\":\"Ipefruit\",\"description\":\"Des affiches originales\",\"publisher\":{\"@id\":\"https:\/\/ipefruit.com\/#organization\"},\"potentialAction\":[{\"@type\":\"SearchAction\",\"target\":{\"@type\":\"EntryPoint\",\"urlTemplate\":\"https:\/\/ipefruit.com\/?s={search_term_string}\"},\"query-input\":{\"@type\":\"PropertyValueSpecification\",\"valueRequired\":true,\"valueName\":\"search_term_string\"}}],\"inLanguage\":\"fr-FR\"},{\"@type\":\"Organization\",\"@id\":\"https:\/\/ipefruit.com\/#organization\",\"name\":\"Ipefruit\",\"url\":\"https:\/\/ipefruit.com\/\",\"logo\":{\"@type\":\"ImageObject\",\"inLanguage\":\"fr-FR\",\"@id\":\"https:\/\/ipefruit.com\/#\/schema\/logo\/image\/\",\"url\":\"https:\/\/ipefruit.com\/wp-content\/uploads\/2025\/10\/cropped-Ipefruit-poster-logo.png\",\"contentUrl\":\"https:\/\/ipefruit.com\/wp-content\/uploads\/2025\/10\/cropped-Ipefruit-poster-logo.png\",\"width\":250,\"height\":167,\"caption\":\"Ipefruit\"},\"image\":{\"@id\":\"https:\/\/ipefruit.com\/#\/schema\/logo\/image\/\"}}]}<\/script>\n<!-- \/ Yoast SEO plugin. -->","yoast_head_json":{"title":"Affiche Animaux \u2013 Pollution plastique des oc\u00e9ans - Ipefruit","description":"Affiches solidaires animaux et environnement : posters engag\u00e9s (tortue, baleine, serpent, aigle) en formats A4, A3 et A2.","robots":{"index":"index","follow":"follow","max-snippet":"max-snippet:-1","max-image-preview":"max-image-preview:large","max-video-preview":"max-video-preview:-1"},"canonical":"https:\/\/ipefruit.com\/fr\/shop\/affiche-animaux\/","og_locale":"fr_FR","og_type":"article","og_title":"Affiche Animaux \u2013 Pollution plastique des oc\u00e9ans - Ipefruit","og_description":"Affiches solidaires animaux et environnement : posters engag\u00e9s (tortue, baleine, serpent, aigle) en formats A4, A3 et A2.","og_url":"https:\/\/ipefruit.com\/fr\/shop\/affiche-animaux\/","og_site_name":"Ipefruit","article_modified_time":"2026-01-14T12:53:34+00:00","og_image":[{"width":683,"height":1024,"url":"https:\/\/ipefruit.com\/wp-content\/uploads\/2026\/01\/Design-sans-titre-1-683x1024.png","type":"image\/png"}],"twitter_card":"summary_large_image","twitter_misc":{"Dur\u00e9e de lecture estim\u00e9e":"2 minutes"},"schema":{"@context":"https:\/\/schema.org","@graph":[{"@type":"WebPage","@id":"https:\/\/ipefruit.com\/shop\/affiche-animaux\/","url":"https:\/\/ipefruit.com\/shop\/affiche-animaux\/","name":"Affiche Animaux \u2013 Pollution plastique des oc\u00e9ans - Ipefruit","isPartOf":{"@id":"https:\/\/ipefruit.com\/#website"},"primaryImageOfPage":{"@id":"https:\/\/ipefruit.com\/shop\/affiche-animaux\/#primaryimage"},"image":{"@id":"https:\/\/ipefruit.com\/shop\/affiche-animaux\/#primaryimage"},"thumbnailUrl":"https:\/\/ipefruit.com\/wp-content\/uploads\/2026\/01\/Design-sans-titre-1.png","datePublished":"2026-01-14T11:19:16+00:00","dateModified":"2026-01-14T12:53:34+00:00","description":"Affiches solidaires animaux et environnement : posters engag\u00e9s (tortue, baleine, serpent, aigle) en formats A4, A3 et A2.","breadcrumb":{"@id":"https:\/\/ipefruit.com\/shop\/affiche-animaux\/#breadcrumb"},"inLanguage":"fr-FR","potentialAction":[{"@type":"ReadAction","target":["https:\/\/ipefruit.com\/shop\/affiche-animaux\/"]}]},{"@type":"ImageObject","inLanguage":"fr-FR","@id":"https:\/\/ipefruit.com\/shop\/affiche-animaux\/#primaryimage","url":"https:\/\/ipefruit.com\/wp-content\/uploads\/2026\/01\/Design-sans-titre-1.png","contentUrl":"https:\/\/ipefruit.com\/wp-content\/uploads\/2026\/01\/Design-sans-titre-1.png","width":1333,"height":1999},{"@type":"BreadcrumbList","@id":"https:\/\/ipefruit.com\/shop\/affiche-animaux\/#breadcrumb","itemListElement":[{"@type":"ListItem","position":1,"name":"Accueil","item":"https:\/\/ipefruit.com\/"},{"@type":"ListItem","position":2,"name":"Shop","item":"https:\/\/ipefruit.com\/shop\/"},{"@type":"ListItem","position":3,"name":"Affiche Animaux \u2013 Pollution plastique des oc\u00e9ans"}]},{"@type":"WebSite","@id":"https:\/\/ipefruit.com\/#website","url":"https:\/\/ipefruit.com\/","name":"Ipefruit","description":"Des affiches originales","publisher":{"@id":"https:\/\/ipefruit.com\/#organization"},"potentialAction":[{"@type":"SearchAction","target":{"@type":"EntryPoint","urlTemplate":"https:\/\/ipefruit.com\/?s={search_term_string}"},"query-input":{"@type":"PropertyValueSpecification","valueRequired":true,"valueName":"search_term_string"}}],"inLanguage":"fr-FR"},{"@type":"Organization","@id":"https:\/\/ipefruit.com\/#organization","name":"Ipefruit","url":"https:\/\/ipefruit.com\/","logo":{"@type":"ImageObject","inLanguage":"fr-FR","@id":"https:\/\/ipefruit.com\/#\/schema\/logo\/image\/","url":"https:\/\/ipefruit.com\/wp-content\/uploads\/2025\/10\/cropped-Ipefruit-poster-logo.png","contentUrl":"https:\/\/ipefruit.com\/wp-content\/uploads\/2025\/10\/cropped-Ipefruit-poster-logo.png","width":250,"height":167,"caption":"Ipefruit"},"image":{"@id":"https:\/\/ipefruit.com\/#\/schema\/logo\/image\/"}}]}},"jetpack_sharing_enabled":true,"_links":{"self":[{"href":"https:\/\/ipefruit.com\/fr\/wp-json\/wp\/v2\/product\/5849","targetHints":{"allow":["GET"]}}],"collection":[{"href":"https:\/\/ipefruit.com\/fr\/wp-json\/wp\/v2\/product"}],"about":[{"href":"https:\/\/ipefruit.com\/fr\/wp-json\/wp\/v2\/types\/product"}],"replies":[{"embeddable":true,"href":"https:\/\/ipefruit.com\/fr\/wp-json\/wp\/v2\/comments?post=5849"}],"wp:featuredmedia":[{"embeddable":true,"href":"https:\/\/ipefruit.com\/fr\/wp-json\/wp\/v2\/media\/5903"}],"wp:attachment":[{"href":"https:\/\/ipefruit.com\/fr\/wp-json\/wp\/v2\/media?parent=5849"}],"wp:term":[{"taxonomy":"product_brand","embeddable":true,"href":"https:\/\/ipefruit.com\/fr\/wp-json\/wp\/v2\/product_brand?post=5849"},{"taxonomy":"product_cat","embeddable":true,"href":"https:\/\/ipefruit.com\/fr\/wp-json\/wp\/v2\/product_cat?post=5849"},{"taxonomy":"product_tag","embeddable":true,"href":"https:\/\/ipefruit.com\/fr\/wp-json\/wp\/v2\/product_tag?post=5849"}],"curies":[{"name":"wp","href":"https:\/\/api.w.org\/{rel}","templated":true}]}}