{"id":5846,"date":"2026-01-14T14:34:02","date_gmt":"2026-01-14T14:34:02","guid":{"rendered":"https:\/\/ipefruit.com\/?post_type=product&#038;p=5846"},"modified":"2026-01-14T14:41:26","modified_gmt":"2026-01-14T14:41:26","slug":"affiche-food-and-drink","status":"publish","type":"product","link":"https:\/\/ipefruit.com\/fr\/shop\/affiche-food-and-drink\/","title":{"rendered":"Affiche Food and Drink"},"content":{"rendered":"<p data-start=\"292\" data-end=\"699\">Cette collection d\u2019affiches <em data-start=\"320\" data-end=\"336\">food and drink<\/em> au design <strong>contemporain et minimaliste<\/strong> c\u00e9l\u00e8bre les plaisirs simples du quotidien. Un caf\u00e9 savour\u00e9. Un plat de p\u00e2tes partag\u00e9. Ou encore un verre de vin entre amis. Chaque visuel met en lumi\u00e8re ces instants de vie \u00e0 travers des compositions \u00e9pur\u00e9es et modernes. Ainsi, les affiches cr\u00e9ent une <strong>atmosph\u00e8re chaleureuse et gourmande<\/strong>, sans surcharger l\u2019espace.<\/p>\n<p data-start=\"701\" data-end=\"1107\">Pens\u00e9es comme de v\u00e9ritables \u00e9l\u00e9ments de d\u00e9coration murale, ces affiches s\u2019int\u00e8grent facilement dans diff\u00e9rents univers. Elles sont id\u00e9ales pour habiller une cuisine, un coin caf\u00e9 ou une salle \u00e0 manger. De plus, leur style minimaliste permet de s\u2019adapter aussi bien \u00e0 un int\u00e9rieur moderne qu\u2019\u00e0 une ambiance plus conviviale. Chaque affiche apporte une touche graphique \u00e9l\u00e9gante, tout en restant <strong>intemporelle.<\/strong><\/p>\n<p data-start=\"1109\" data-end=\"1535\">Par ailleurs, ces affiches <em data-start=\"1140\" data-end=\"1156\">food and drink<\/em> ne se limite pas \u00e0 l\u2019esth\u00e9tique. Elle s\u2019inscrit \u00e9galement dans une d\u00e9marche solidaire et engag\u00e9e. En effet, l\u2019ensemble des b\u00e9n\u00e9fices est revers\u00e9 \u00e0 la <a href=\"https:\/\/www.ligue-cancer.net\"><strong data-start=\"1307\" data-end=\"1333\">Ligue contre le cancer<\/strong><\/a>. Ainsi, chaque achat contribue directement au soutien de la recherche, de la pr\u00e9vention et de l\u2019accompagnement des personnes concern\u00e9es. <strong>Acheter ces affiches, c\u2019est donc faire un choix porteur de sens.<\/strong><\/p>\n<p data-start=\"1537\" data-end=\"1927\">Au-del\u00e0 de leur design, ces affiches incarnent des valeurs fortes. Elles c\u00e9l\u00e8brent l\u2019art de vivre, le partage et la convivialit\u00e9. Elles rappellent aussi l\u2019importance de la solidarit\u00e9 au quotidien. Enfin, cette collection constitue une excellente id\u00e9e de cadeau. Elle allie d\u00e9coration, engagement et \u00e9motion. Une fa\u00e7on simple d\u2019embellir son int\u00e9rieur tout en soutenant une cause essentielle.<a href=\"https:\/\/ipefruit.com\/wp-content\/uploads\/2026\/01\/Design-sans-titre.png\"><br \/>\n<\/a><\/p>","protected":false},"excerpt":{"rendered":"<p>Des affiches food and drink au design minimaliste alliant art de vivre et soutien \u00e0 la<a href=\"https:\/\/www.ligue-cancer.net\"> Ligue contre le cancer<\/a>.<\/p>","protected":false},"featured_media":5923,"comment_status":"closed","ping_status":"closed","template":"","meta":[],"product_brand":[],"product_cat":[140,76],"product_tag":[],"class_list":{"0":"post-5846","1":"product","2":"type-product","3":"status-publish","4":"has-post-thumbnail","6":"product_cat-affiche","7":"product_cat-posters","8":"product_themes-affiche","9":"product_themes-food","10":"product_themes-kitchen","11":"product_themes-posters","13":"first","14":"instock","15":"shipping-taxable","16":"purchasable","17":"product-type-variable"},"yoast_head":"<!-- This site is optimized with the Yoast SEO plugin v27.1.1 - https:\/\/yoast.com\/product\/yoast-seo-wordpress\/ -->\n<title>Affiches food and drink<\/title>\n<meta name=\"description\" content=\"Collection de 4 affiches food and drink minimalistes pour cuisine ou coin caf\u00e9. D\u00e9coration murale solidaire au profit de la Ligue contre le cancer.\" \/>\n<meta name=\"robots\" content=\"index, follow, max-snippet:-1, max-image-preview:large, max-video-preview:-1\" \/>\n<link rel=\"canonical\" href=\"https:\/\/ipefruit.com\/fr\/shop\/affiche-food-and-drink\/\" \/>\n<meta property=\"og:locale\" content=\"fr_FR\" \/>\n<meta property=\"og:type\" content=\"article\" \/>\n<meta property=\"og:title\" content=\"Affiches food and drink\" \/>\n<meta property=\"og:description\" content=\"Collection de 4 affiches food and drink minimalistes pour cuisine ou coin caf\u00e9. D\u00e9coration murale solidaire au profit de la Ligue contre le cancer.\" \/>\n<meta property=\"og:url\" content=\"https:\/\/ipefruit.com\/fr\/shop\/affiche-food-and-drink\/\" \/>\n<meta property=\"og:site_name\" content=\"Ipefruit\" \/>\n<meta property=\"article:modified_time\" content=\"2026-01-14T14:41:26+00:00\" \/>\n<meta property=\"og:image\" content=\"https:\/\/ipefruit.com\/wp-content\/uploads\/2026\/01\/Design-sans-titre.png\" \/>\n\t<meta property=\"og:image:width\" content=\"1414\" \/>\n\t<meta property=\"og:image:height\" content=\"2000\" \/>\n\t<meta property=\"og:image:type\" content=\"image\/png\" \/>\n<meta name=\"twitter:card\" content=\"summary_large_image\" \/>\n<meta name=\"twitter:label1\" content=\"Dur\u00e9e de lecture estim\u00e9e\" \/>\n\t<meta name=\"twitter:data1\" content=\"2 minutes\" \/>\n<script type=\"application\/ld+json\" class=\"yoast-schema-graph\">{\"@context\":\"https:\/\/schema.org\",\"@graph\":[{\"@type\":\"WebPage\",\"@id\":\"https:\/\/ipefruit.com\/shop\/affiche-food-and-drink\/\",\"url\":\"https:\/\/ipefruit.com\/shop\/affiche-food-and-drink\/\",\"name\":\"Affiches food and drink\",\"isPartOf\":{\"@id\":\"https:\/\/ipefruit.com\/#website\"},\"primaryImageOfPage\":{\"@id\":\"https:\/\/ipefruit.com\/shop\/affiche-food-and-drink\/#primaryimage\"},\"image\":{\"@id\":\"https:\/\/ipefruit.com\/shop\/affiche-food-and-drink\/#primaryimage\"},\"thumbnailUrl\":\"https:\/\/ipefruit.com\/wp-content\/uploads\/2026\/01\/Design-sans-titre.png\",\"datePublished\":\"2026-01-14T14:34:02+00:00\",\"dateModified\":\"2026-01-14T14:41:26+00:00\",\"description\":\"Collection de 4 affiches food and drink minimalistes pour cuisine ou coin caf\u00e9. D\u00e9coration murale solidaire au profit de la Ligue contre le cancer.\",\"breadcrumb\":{\"@id\":\"https:\/\/ipefruit.com\/shop\/affiche-food-and-drink\/#breadcrumb\"},\"inLanguage\":\"fr-FR\",\"potentialAction\":[{\"@type\":\"ReadAction\",\"target\":[\"https:\/\/ipefruit.com\/shop\/affiche-food-and-drink\/\"]}]},{\"@type\":\"ImageObject\",\"inLanguage\":\"fr-FR\",\"@id\":\"https:\/\/ipefruit.com\/shop\/affiche-food-and-drink\/#primaryimage\",\"url\":\"https:\/\/ipefruit.com\/wp-content\/uploads\/2026\/01\/Design-sans-titre.png\",\"contentUrl\":\"https:\/\/ipefruit.com\/wp-content\/uploads\/2026\/01\/Design-sans-titre.png\",\"width\":1414,\"height\":2000,\"caption\":\"affiches-food-drink-vin-coffee-pasta\"},{\"@type\":\"BreadcrumbList\",\"@id\":\"https:\/\/ipefruit.com\/shop\/affiche-food-and-drink\/#breadcrumb\",\"itemListElement\":[{\"@type\":\"ListItem\",\"position\":1,\"name\":\"Accueil\",\"item\":\"https:\/\/ipefruit.com\/\"},{\"@type\":\"ListItem\",\"position\":2,\"name\":\"Shop\",\"item\":\"https:\/\/ipefruit.com\/shop\/\"},{\"@type\":\"ListItem\",\"position\":3,\"name\":\"Affiche Food and Drink\"}]},{\"@type\":\"WebSite\",\"@id\":\"https:\/\/ipefruit.com\/#website\",\"url\":\"https:\/\/ipefruit.com\/\",\"name\":\"Ipefruit\",\"description\":\"Des affiches originales\",\"publisher\":{\"@id\":\"https:\/\/ipefruit.com\/#organization\"},\"potentialAction\":[{\"@type\":\"SearchAction\",\"target\":{\"@type\":\"EntryPoint\",\"urlTemplate\":\"https:\/\/ipefruit.com\/?s={search_term_string}\"},\"query-input\":{\"@type\":\"PropertyValueSpecification\",\"valueRequired\":true,\"valueName\":\"search_term_string\"}}],\"inLanguage\":\"fr-FR\"},{\"@type\":\"Organization\",\"@id\":\"https:\/\/ipefruit.com\/#organization\",\"name\":\"Ipefruit\",\"url\":\"https:\/\/ipefruit.com\/\",\"logo\":{\"@type\":\"ImageObject\",\"inLanguage\":\"fr-FR\",\"@id\":\"https:\/\/ipefruit.com\/#\/schema\/logo\/image\/\",\"url\":\"https:\/\/ipefruit.com\/wp-content\/uploads\/2025\/10\/cropped-Ipefruit-poster-logo.png\",\"contentUrl\":\"https:\/\/ipefruit.com\/wp-content\/uploads\/2025\/10\/cropped-Ipefruit-poster-logo.png\",\"width\":250,\"height\":167,\"caption\":\"Ipefruit\"},\"image\":{\"@id\":\"https:\/\/ipefruit.com\/#\/schema\/logo\/image\/\"}}]}<\/script>\n<!-- \/ Yoast SEO plugin. -->","yoast_head_json":{"title":"Affiches food and drink","description":"Collection de 4 affiches food and drink minimalistes pour cuisine ou coin caf\u00e9. D\u00e9coration murale solidaire au profit de la Ligue contre le cancer.","robots":{"index":"index","follow":"follow","max-snippet":"max-snippet:-1","max-image-preview":"max-image-preview:large","max-video-preview":"max-video-preview:-1"},"canonical":"https:\/\/ipefruit.com\/fr\/shop\/affiche-food-and-drink\/","og_locale":"fr_FR","og_type":"article","og_title":"Affiches food and drink","og_description":"Collection de 4 affiches food and drink minimalistes pour cuisine ou coin caf\u00e9. D\u00e9coration murale solidaire au profit de la Ligue contre le cancer.","og_url":"https:\/\/ipefruit.com\/fr\/shop\/affiche-food-and-drink\/","og_site_name":"Ipefruit","article_modified_time":"2026-01-14T14:41:26+00:00","og_image":[{"width":1414,"height":2000,"url":"https:\/\/ipefruit.com\/wp-content\/uploads\/2026\/01\/Design-sans-titre.png","type":"image\/png"}],"twitter_card":"summary_large_image","twitter_misc":{"Dur\u00e9e de lecture estim\u00e9e":"2 minutes"},"schema":{"@context":"https:\/\/schema.org","@graph":[{"@type":"WebPage","@id":"https:\/\/ipefruit.com\/shop\/affiche-food-and-drink\/","url":"https:\/\/ipefruit.com\/shop\/affiche-food-and-drink\/","name":"Affiches food and drink","isPartOf":{"@id":"https:\/\/ipefruit.com\/#website"},"primaryImageOfPage":{"@id":"https:\/\/ipefruit.com\/shop\/affiche-food-and-drink\/#primaryimage"},"image":{"@id":"https:\/\/ipefruit.com\/shop\/affiche-food-and-drink\/#primaryimage"},"thumbnailUrl":"https:\/\/ipefruit.com\/wp-content\/uploads\/2026\/01\/Design-sans-titre.png","datePublished":"2026-01-14T14:34:02+00:00","dateModified":"2026-01-14T14:41:26+00:00","description":"Collection de 4 affiches food and drink minimalistes pour cuisine ou coin caf\u00e9. D\u00e9coration murale solidaire au profit de la Ligue contre le cancer.","breadcrumb":{"@id":"https:\/\/ipefruit.com\/shop\/affiche-food-and-drink\/#breadcrumb"},"inLanguage":"fr-FR","potentialAction":[{"@type":"ReadAction","target":["https:\/\/ipefruit.com\/shop\/affiche-food-and-drink\/"]}]},{"@type":"ImageObject","inLanguage":"fr-FR","@id":"https:\/\/ipefruit.com\/shop\/affiche-food-and-drink\/#primaryimage","url":"https:\/\/ipefruit.com\/wp-content\/uploads\/2026\/01\/Design-sans-titre.png","contentUrl":"https:\/\/ipefruit.com\/wp-content\/uploads\/2026\/01\/Design-sans-titre.png","width":1414,"height":2000,"caption":"affiches-food-drink-vin-coffee-pasta"},{"@type":"BreadcrumbList","@id":"https:\/\/ipefruit.com\/shop\/affiche-food-and-drink\/#breadcrumb","itemListElement":[{"@type":"ListItem","position":1,"name":"Accueil","item":"https:\/\/ipefruit.com\/"},{"@type":"ListItem","position":2,"name":"Shop","item":"https:\/\/ipefruit.com\/shop\/"},{"@type":"ListItem","position":3,"name":"Affiche Food and Drink"}]},{"@type":"WebSite","@id":"https:\/\/ipefruit.com\/#website","url":"https:\/\/ipefruit.com\/","name":"Ipefruit","description":"Des affiches originales","publisher":{"@id":"https:\/\/ipefruit.com\/#organization"},"potentialAction":[{"@type":"SearchAction","target":{"@type":"EntryPoint","urlTemplate":"https:\/\/ipefruit.com\/?s={search_term_string}"},"query-input":{"@type":"PropertyValueSpecification","valueRequired":true,"valueName":"search_term_string"}}],"inLanguage":"fr-FR"},{"@type":"Organization","@id":"https:\/\/ipefruit.com\/#organization","name":"Ipefruit","url":"https:\/\/ipefruit.com\/","logo":{"@type":"ImageObject","inLanguage":"fr-FR","@id":"https:\/\/ipefruit.com\/#\/schema\/logo\/image\/","url":"https:\/\/ipefruit.com\/wp-content\/uploads\/2025\/10\/cropped-Ipefruit-poster-logo.png","contentUrl":"https:\/\/ipefruit.com\/wp-content\/uploads\/2025\/10\/cropped-Ipefruit-poster-logo.png","width":250,"height":167,"caption":"Ipefruit"},"image":{"@id":"https:\/\/ipefruit.com\/#\/schema\/logo\/image\/"}}]}},"jetpack_sharing_enabled":true,"_links":{"self":[{"href":"https:\/\/ipefruit.com\/fr\/wp-json\/wp\/v2\/product\/5846","targetHints":{"allow":["GET"]}}],"collection":[{"href":"https:\/\/ipefruit.com\/fr\/wp-json\/wp\/v2\/product"}],"about":[{"href":"https:\/\/ipefruit.com\/fr\/wp-json\/wp\/v2\/types\/product"}],"replies":[{"embeddable":true,"href":"https:\/\/ipefruit.com\/fr\/wp-json\/wp\/v2\/comments?post=5846"}],"wp:featuredmedia":[{"embeddable":true,"href":"https:\/\/ipefruit.com\/fr\/wp-json\/wp\/v2\/media\/5923"}],"wp:attachment":[{"href":"https:\/\/ipefruit.com\/fr\/wp-json\/wp\/v2\/media?parent=5846"}],"wp:term":[{"taxonomy":"product_brand","embeddable":true,"href":"https:\/\/ipefruit.com\/fr\/wp-json\/wp\/v2\/product_brand?post=5846"},{"taxonomy":"product_cat","embeddable":true,"href":"https:\/\/ipefruit.com\/fr\/wp-json\/wp\/v2\/product_cat?post=5846"},{"taxonomy":"product_tag","embeddable":true,"href":"https:\/\/ipefruit.com\/fr\/wp-json\/wp\/v2\/product_tag?post=5846"}],"curies":[{"name":"wp","href":"https:\/\/api.w.org\/{rel}","templated":true}]}}