{"id":5840,"date":"2026-01-14T11:07:12","date_gmt":"2026-01-14T11:07:12","guid":{"rendered":"https:\/\/ipefruit.com\/?post_type=product&#038;p=5840"},"modified":"2026-02-04T19:05:58","modified_gmt":"2026-02-04T19:05:58","slug":"non-aux-feminicides","status":"publish","type":"product","link":"https:\/\/ipefruit.com\/fr\/shop\/non-aux-feminicides\/","title":{"rendered":"NON AUX F\u00c9MINICIDES"},"content":{"rendered":"<figure id=\"attachment_5983\" aria-describedby=\"caption-attachment-5983\" style=\"width: 300px\" class=\"wp-caption alignnone\"><a href=\"https:\/\/ipefruit.com\/wp-content\/uploads\/2026\/01\/IMG_7834.jpeg\"><img decoding=\"async\" class=\"size-medium wp-image-5983\" src=\"https:\/\/ipefruit.com\/wp-content\/uploads\/2026\/01\/IMG_7834-300x163.jpeg\" alt=\"\" width=\"300\" height=\"163\" srcset=\"https:\/\/ipefruit.com\/wp-content\/uploads\/2026\/01\/IMG_7834-300x163.jpeg 300w, https:\/\/ipefruit.com\/wp-content\/uploads\/2026\/01\/IMG_7834-1024x556.jpeg 1024w, https:\/\/ipefruit.com\/wp-content\/uploads\/2026\/01\/IMG_7834-768x417.jpeg 768w, https:\/\/ipefruit.com\/wp-content\/uploads\/2026\/01\/IMG_7834-18x10.jpeg 18w, https:\/\/ipefruit.com\/wp-content\/uploads\/2026\/01\/IMG_7834-600x326.jpeg 600w, https:\/\/ipefruit.com\/wp-content\/uploads\/2026\/01\/IMG_7834-850x461.jpeg 850w, https:\/\/ipefruit.com\/wp-content\/uploads\/2026\/01\/IMG_7834.jpeg 1179w\" sizes=\"(max-width: 300px) 100vw, 300px\" \/><\/a><figcaption id=\"caption-attachment-5983\" class=\"wp-caption-text\">l&#8217;art abstrait pour d\u00e9construire la violence rencontre l&#8217;aquarelle symbolique en hommage aux victimes, unissant esth\u00e9tique et engagement contre le f\u00e9minicide.<\/figcaption><\/figure>\n<p><span style=\"font-weight: 400\">L\u2019<\/span><b>AFVF<\/b><span style=\"font-weight: 400\"> se mobilise chaque jour pour <\/span><b>pr\u00e9venir les f\u00e9minicides<\/b><span style=\"font-weight: 400\">, soutenir les familles touch\u00e9es et sensibiliser le grand public aux violences faites aux femmes. Pour les aider dans cette mission vitale, nous proposons des <\/span><b>affiches solidaires<\/b><span style=\"font-weight: 400\">. Chaque affiche achet\u00e9e contribue <\/span><b>directement aux actions de l\u2019association<\/b><span style=\"font-weight: 400\"> et permet de soutenir celles et ceux qui en ont le plus besoin. <\/span><b>Faites un geste concret : achetez une affiche et participez \u00e0 la lutte contre les violences faites aux femmes !<\/b><\/p>\n<p><br style=\"font-weight: 400\" \/><br style=\"font-weight: 400\" \/><\/p>","protected":false},"excerpt":{"rendered":"<p>L\u2019AFVF se mobilise chaque jour pour pr\u00e9venir les f\u00e9minicides, soutenir les familles touch\u00e9es et sensibiliser le grand public aux violences faites aux femmes. Pour les aider dans cette mission vitale, nous proposons des affiches solidaires. Chaque affiche achet\u00e9e contribue directement aux actions de l\u2019association et permet de soutenir celles et ceux qui en ont le [&hellip;]<\/p>\n","protected":false},"featured_media":5972,"comment_status":"open","ping_status":"closed","template":"","meta":[],"product_brand":[],"product_cat":[76],"product_tag":[],"class_list":{"0":"post-5840","1":"product","2":"type-product","3":"status-publish","4":"has-post-thumbnail","6":"product_cat-posters","7":"product_themes-posters","9":"first","10":"instock","11":"shipping-taxable","12":"purchasable","13":"product-type-variable"},"yoast_head":"<!-- This site is optimized with the Yoast SEO plugin v27.1.1 - https:\/\/yoast.com\/product\/yoast-seo-wordpress\/ -->\n<title>NON AUX F\u00c9MINICIDES - Ipefruit<\/title>\n<meta name=\"description\" content=\"Le f\u00e9minicide : comprendre ce crime de genre, ses causes, ses chiffres et les moyens de pr\u00e9vention pour lutter contre les violences faites aux femmes.\" \/>\n<meta name=\"robots\" content=\"index, follow, max-snippet:-1, max-image-preview:large, max-video-preview:-1\" \/>\n<link rel=\"canonical\" href=\"https:\/\/ipefruit.com\/fr\/shop\/non-aux-feminicides\/\" \/>\n<meta property=\"og:locale\" content=\"fr_FR\" \/>\n<meta property=\"og:type\" content=\"article\" \/>\n<meta property=\"og:title\" content=\"NON AUX F\u00c9MINICIDES - Ipefruit\" \/>\n<meta property=\"og:description\" content=\"Le f\u00e9minicide : comprendre ce crime de genre, ses causes, ses chiffres et les moyens de pr\u00e9vention pour lutter contre les violences faites aux femmes.\" \/>\n<meta property=\"og:url\" content=\"https:\/\/ipefruit.com\/fr\/shop\/non-aux-feminicides\/\" \/>\n<meta property=\"og:site_name\" content=\"Ipefruit\" \/>\n<meta property=\"article:modified_time\" content=\"2026-02-04T19:05:58+00:00\" \/>\n<meta property=\"og:image\" content=\"https:\/\/ipefruit.com\/wp-content\/uploads\/2026\/01\/Gemini_Generated_Image_34zfrd34zfrd34zf-765x1024.png\" \/>\n\t<meta property=\"og:image:width\" content=\"765\" \/>\n\t<meta property=\"og:image:height\" content=\"1024\" \/>\n\t<meta property=\"og:image:type\" content=\"image\/png\" \/>\n<meta name=\"twitter:card\" content=\"summary_large_image\" \/>\n<meta name=\"twitter:label1\" content=\"Dur\u00e9e de lecture estim\u00e9e\" \/>\n\t<meta name=\"twitter:data1\" content=\"1 minute\" \/>\n<script type=\"application\/ld+json\" class=\"yoast-schema-graph\">{\"@context\":\"https:\/\/schema.org\",\"@graph\":[{\"@type\":\"WebPage\",\"@id\":\"https:\/\/ipefruit.com\/shop\/non-aux-feminicides\/\",\"url\":\"https:\/\/ipefruit.com\/shop\/non-aux-feminicides\/\",\"name\":\"NON AUX F\u00c9MINICIDES - Ipefruit\",\"isPartOf\":{\"@id\":\"https:\/\/ipefruit.com\/#website\"},\"primaryImageOfPage\":{\"@id\":\"https:\/\/ipefruit.com\/shop\/non-aux-feminicides\/#primaryimage\"},\"image\":{\"@id\":\"https:\/\/ipefruit.com\/shop\/non-aux-feminicides\/#primaryimage\"},\"thumbnailUrl\":\"https:\/\/ipefruit.com\/wp-content\/uploads\/2026\/01\/Gemini_Generated_Image_34zfrd34zfrd34zf.png\",\"datePublished\":\"2026-01-14T11:07:12+00:00\",\"dateModified\":\"2026-02-04T19:05:58+00:00\",\"description\":\"Le f\u00e9minicide : comprendre ce crime de genre, ses causes, ses chiffres et les moyens de pr\u00e9vention pour lutter contre les violences faites aux femmes.\",\"breadcrumb\":{\"@id\":\"https:\/\/ipefruit.com\/shop\/non-aux-feminicides\/#breadcrumb\"},\"inLanguage\":\"fr-FR\",\"potentialAction\":[{\"@type\":\"ReadAction\",\"target\":[\"https:\/\/ipefruit.com\/shop\/non-aux-feminicides\/\"]}]},{\"@type\":\"ImageObject\",\"inLanguage\":\"fr-FR\",\"@id\":\"https:\/\/ipefruit.com\/shop\/non-aux-feminicides\/#primaryimage\",\"url\":\"https:\/\/ipefruit.com\/wp-content\/uploads\/2026\/01\/Gemini_Generated_Image_34zfrd34zfrd34zf.png\",\"contentUrl\":\"https:\/\/ipefruit.com\/wp-content\/uploads\/2026\/01\/Gemini_Generated_Image_34zfrd34zfrd34zf.png\",\"width\":1792,\"height\":2400,\"caption\":\"Affiche d'art abstrait moderne \\\"L'Amour ne brise pas\\\", m\u00ealant esth\u00e9tique et message fort contre les violences faites aux femmes.\"},{\"@type\":\"BreadcrumbList\",\"@id\":\"https:\/\/ipefruit.com\/shop\/non-aux-feminicides\/#breadcrumb\",\"itemListElement\":[{\"@type\":\"ListItem\",\"position\":1,\"name\":\"Accueil\",\"item\":\"https:\/\/ipefruit.com\/\"},{\"@type\":\"ListItem\",\"position\":2,\"name\":\"Shop\",\"item\":\"https:\/\/ipefruit.com\/shop\/\"},{\"@type\":\"ListItem\",\"position\":3,\"name\":\"NON AUX F\u00c9MINICIDES\"}]},{\"@type\":\"WebSite\",\"@id\":\"https:\/\/ipefruit.com\/#website\",\"url\":\"https:\/\/ipefruit.com\/\",\"name\":\"Ipefruit\",\"description\":\"Des affiches originales\",\"publisher\":{\"@id\":\"https:\/\/ipefruit.com\/#organization\"},\"potentialAction\":[{\"@type\":\"SearchAction\",\"target\":{\"@type\":\"EntryPoint\",\"urlTemplate\":\"https:\/\/ipefruit.com\/?s={search_term_string}\"},\"query-input\":{\"@type\":\"PropertyValueSpecification\",\"valueRequired\":true,\"valueName\":\"search_term_string\"}}],\"inLanguage\":\"fr-FR\"},{\"@type\":\"Organization\",\"@id\":\"https:\/\/ipefruit.com\/#organization\",\"name\":\"Ipefruit\",\"url\":\"https:\/\/ipefruit.com\/\",\"logo\":{\"@type\":\"ImageObject\",\"inLanguage\":\"fr-FR\",\"@id\":\"https:\/\/ipefruit.com\/#\/schema\/logo\/image\/\",\"url\":\"https:\/\/ipefruit.com\/wp-content\/uploads\/2025\/10\/cropped-Ipefruit-poster-logo.png\",\"contentUrl\":\"https:\/\/ipefruit.com\/wp-content\/uploads\/2025\/10\/cropped-Ipefruit-poster-logo.png\",\"width\":250,\"height\":167,\"caption\":\"Ipefruit\"},\"image\":{\"@id\":\"https:\/\/ipefruit.com\/#\/schema\/logo\/image\/\"}}]}<\/script>\n<!-- \/ Yoast SEO plugin. -->","yoast_head_json":{"title":"NON AUX F\u00c9MINICIDES - Ipefruit","description":"Le f\u00e9minicide : comprendre ce crime de genre, ses causes, ses chiffres et les moyens de pr\u00e9vention pour lutter contre les violences faites aux femmes.","robots":{"index":"index","follow":"follow","max-snippet":"max-snippet:-1","max-image-preview":"max-image-preview:large","max-video-preview":"max-video-preview:-1"},"canonical":"https:\/\/ipefruit.com\/fr\/shop\/non-aux-feminicides\/","og_locale":"fr_FR","og_type":"article","og_title":"NON AUX F\u00c9MINICIDES - Ipefruit","og_description":"Le f\u00e9minicide : comprendre ce crime de genre, ses causes, ses chiffres et les moyens de pr\u00e9vention pour lutter contre les violences faites aux femmes.","og_url":"https:\/\/ipefruit.com\/fr\/shop\/non-aux-feminicides\/","og_site_name":"Ipefruit","article_modified_time":"2026-02-04T19:05:58+00:00","og_image":[{"width":765,"height":1024,"url":"https:\/\/ipefruit.com\/wp-content\/uploads\/2026\/01\/Gemini_Generated_Image_34zfrd34zfrd34zf-765x1024.png","type":"image\/png"}],"twitter_card":"summary_large_image","twitter_misc":{"Dur\u00e9e de lecture estim\u00e9e":"1 minute"},"schema":{"@context":"https:\/\/schema.org","@graph":[{"@type":"WebPage","@id":"https:\/\/ipefruit.com\/shop\/non-aux-feminicides\/","url":"https:\/\/ipefruit.com\/shop\/non-aux-feminicides\/","name":"NON AUX F\u00c9MINICIDES - Ipefruit","isPartOf":{"@id":"https:\/\/ipefruit.com\/#website"},"primaryImageOfPage":{"@id":"https:\/\/ipefruit.com\/shop\/non-aux-feminicides\/#primaryimage"},"image":{"@id":"https:\/\/ipefruit.com\/shop\/non-aux-feminicides\/#primaryimage"},"thumbnailUrl":"https:\/\/ipefruit.com\/wp-content\/uploads\/2026\/01\/Gemini_Generated_Image_34zfrd34zfrd34zf.png","datePublished":"2026-01-14T11:07:12+00:00","dateModified":"2026-02-04T19:05:58+00:00","description":"Le f\u00e9minicide : comprendre ce crime de genre, ses causes, ses chiffres et les moyens de pr\u00e9vention pour lutter contre les violences faites aux femmes.","breadcrumb":{"@id":"https:\/\/ipefruit.com\/shop\/non-aux-feminicides\/#breadcrumb"},"inLanguage":"fr-FR","potentialAction":[{"@type":"ReadAction","target":["https:\/\/ipefruit.com\/shop\/non-aux-feminicides\/"]}]},{"@type":"ImageObject","inLanguage":"fr-FR","@id":"https:\/\/ipefruit.com\/shop\/non-aux-feminicides\/#primaryimage","url":"https:\/\/ipefruit.com\/wp-content\/uploads\/2026\/01\/Gemini_Generated_Image_34zfrd34zfrd34zf.png","contentUrl":"https:\/\/ipefruit.com\/wp-content\/uploads\/2026\/01\/Gemini_Generated_Image_34zfrd34zfrd34zf.png","width":1792,"height":2400,"caption":"Affiche d'art abstrait moderne \"L'Amour ne brise pas\", m\u00ealant esth\u00e9tique et message fort contre les violences faites aux femmes."},{"@type":"BreadcrumbList","@id":"https:\/\/ipefruit.com\/shop\/non-aux-feminicides\/#breadcrumb","itemListElement":[{"@type":"ListItem","position":1,"name":"Accueil","item":"https:\/\/ipefruit.com\/"},{"@type":"ListItem","position":2,"name":"Shop","item":"https:\/\/ipefruit.com\/shop\/"},{"@type":"ListItem","position":3,"name":"NON AUX F\u00c9MINICIDES"}]},{"@type":"WebSite","@id":"https:\/\/ipefruit.com\/#website","url":"https:\/\/ipefruit.com\/","name":"Ipefruit","description":"Des affiches originales","publisher":{"@id":"https:\/\/ipefruit.com\/#organization"},"potentialAction":[{"@type":"SearchAction","target":{"@type":"EntryPoint","urlTemplate":"https:\/\/ipefruit.com\/?s={search_term_string}"},"query-input":{"@type":"PropertyValueSpecification","valueRequired":true,"valueName":"search_term_string"}}],"inLanguage":"fr-FR"},{"@type":"Organization","@id":"https:\/\/ipefruit.com\/#organization","name":"Ipefruit","url":"https:\/\/ipefruit.com\/","logo":{"@type":"ImageObject","inLanguage":"fr-FR","@id":"https:\/\/ipefruit.com\/#\/schema\/logo\/image\/","url":"https:\/\/ipefruit.com\/wp-content\/uploads\/2025\/10\/cropped-Ipefruit-poster-logo.png","contentUrl":"https:\/\/ipefruit.com\/wp-content\/uploads\/2025\/10\/cropped-Ipefruit-poster-logo.png","width":250,"height":167,"caption":"Ipefruit"},"image":{"@id":"https:\/\/ipefruit.com\/#\/schema\/logo\/image\/"}}]}},"jetpack_sharing_enabled":true,"_links":{"self":[{"href":"https:\/\/ipefruit.com\/fr\/wp-json\/wp\/v2\/product\/5840","targetHints":{"allow":["GET"]}}],"collection":[{"href":"https:\/\/ipefruit.com\/fr\/wp-json\/wp\/v2\/product"}],"about":[{"href":"https:\/\/ipefruit.com\/fr\/wp-json\/wp\/v2\/types\/product"}],"replies":[{"embeddable":true,"href":"https:\/\/ipefruit.com\/fr\/wp-json\/wp\/v2\/comments?post=5840"}],"wp:featuredmedia":[{"embeddable":true,"href":"https:\/\/ipefruit.com\/fr\/wp-json\/wp\/v2\/media\/5972"}],"wp:attachment":[{"href":"https:\/\/ipefruit.com\/fr\/wp-json\/wp\/v2\/media?parent=5840"}],"wp:term":[{"taxonomy":"product_brand","embeddable":true,"href":"https:\/\/ipefruit.com\/fr\/wp-json\/wp\/v2\/product_brand?post=5840"},{"taxonomy":"product_cat","embeddable":true,"href":"https:\/\/ipefruit.com\/fr\/wp-json\/wp\/v2\/product_cat?post=5840"},{"taxonomy":"product_tag","embeddable":true,"href":"https:\/\/ipefruit.com\/fr\/wp-json\/wp\/v2\/product_tag?post=5840"}],"curies":[{"name":"wp","href":"https:\/\/api.w.org\/{rel}","templated":true}]}}