{"id":5830,"date":"2026-01-14T15:32:27","date_gmt":"2026-01-14T15:32:27","guid":{"rendered":"https:\/\/ipefruit.com\/?post_type=product&#038;p=5830"},"modified":"2026-01-28T16:59:22","modified_gmt":"2026-01-28T16:59:22","slug":"ipefruit-affiche-murale-design-green-chic","status":"publish","type":"product","link":"https:\/\/ipefruit.com\/fr\/shop\/ipefruit-affiche-murale-design-green-chic\/","title":{"rendered":"Affiche Murale Design Green Chic"},"content":{"rendered":"<p>Cette affiche s\u2019inscrit dans un <strong>style minimaliste contemporain<\/strong>, aux lignes douces et aux nuances de vert apaisantes. Son design abstrait, inspir\u00e9 par l\u2019\u00e9quilibre et la simplicit\u00e9, apporte une sensation de calme et d\u2019harmonie \u00e0 l\u2019espace. Elle trouve naturellement sa place dans un int\u00e9rieur moderne, scandinave ou \u00e9pur\u00e9, o\u00f9 chaque \u00e9l\u00e9ment est choisi avec soin.<\/p>\n<p>Pens\u00e9e pour celles et ceux qui aiment une <strong>d\u00e9coration \u00e9l\u00e9gante et intemporelle<\/strong>, cette affiche s\u2019adresse \u00e0 un public sensible au design, \u00e0 l\u2019esth\u00e9tique naturelle et aux ambiances sereines. Elle convient aussi bien \u00e0 un salon lumineux qu\u2019\u00e0 une chambre ou un espace de travail recherchant une atmosph\u00e8re douce et inspirante.<\/p>\n<p>Au-del\u00e0 de l\u2019objet d\u00e9coratif, cette affiche porte un <strong>engagement solidaire<\/strong> :<br \/>\n<strong>100 % des b\u00e9n\u00e9fices g\u00e9n\u00e9r\u00e9s par sa vente sont revers\u00e9s \u00e0 la <a href=\"https:\/\/www.croix-rouge.fr\/\" target=\"_blank\" rel=\"noopener\">Croix-Rouge<\/a><\/strong>, afin de soutenir ses actions humanitaires et d\u2019aide aux personnes en situation de vuln\u00e9rabilit\u00e9.<\/p>\n<p>Choisir cette affiche, c\u2019est allier <strong>esth\u00e9tique, sens et engagement<\/strong>.<\/p>\n<p>&nbsp;<\/p>","protected":false},"excerpt":{"rendered":"<p>Apportez une touche de calme et d\u2019\u00e9l\u00e9gance \u00e0 votre int\u00e9rieur avec cette <strong>affiche murale minimaliste<\/strong>, au design abstrait et moderne. Id\u00e9ale pour un salon, une chambre ou un bureau, elle cr\u00e9e une ambiance douce, naturelle et apaisante.<\/p>\n<p>Imprim\u00e9e en haute qualit\u00e9, cette affiche s\u2019int\u00e8gre facilement dans une d\u00e9coration contemporaine et \u00e9pur\u00e9e<\/p>","protected":false},"featured_media":5860,"comment_status":"open","ping_status":"closed","template":"","meta":[],"product_brand":[],"product_cat":[135,140,35,132,139,131,46,137,136,138,130,76,133,134,80],"product_tag":[],"class_list":{"0":"post-5830","1":"product","2":"type-product","3":"status-publish","4":"has-post-thumbnail","6":"product_cat-abstrait","7":"product_cat-affiche","8":"product_cat-all-art-prints","9":"product_cat-apaisant","10":"product_cat-cadre","11":"product_cat-calme","12":"product_cat-canvas-prints","13":"product_cat-decoration","14":"product_cat-environnement","15":"product_cat-interieur","16":"product_cat-nature","17":"product_cat-posters","18":"product_cat-sobre","19":"product_cat-vert","20":"product_cat-wall-art","21":"product_themes-affiche","22":"product_themes-art","23":"product_themes-illustration","24":"product_themes-nature","25":"product_themes-photography","26":"product_themes-posters","28":"first","29":"instock","30":"sale","31":"shipping-taxable","32":"purchasable","33":"product-type-variable"},"yoast_head":"<!-- This site is optimized with the Yoast SEO plugin v27.1.1 - https:\/\/yoast.com\/product\/yoast-seo-wordpress\/ -->\n<title>Affiche Murale Design Green Chic - Ipefruit<\/title>\n<meta name=\"description\" content=\"D\u00e9couvrez notre collection d&#039;affiches murales. D\u00e9couvrez notre collection d&#039;affiches murales design pour une d\u00e9coration murale tendance.\" \/>\n<meta name=\"robots\" content=\"index, follow, max-snippet:-1, max-image-preview:large, max-video-preview:-1\" \/>\n<link rel=\"canonical\" href=\"https:\/\/ipefruit.com\/fr\/shop\/ipefruit-affiche-murale-design-green-chic\/\" \/>\n<meta property=\"og:locale\" content=\"fr_FR\" \/>\n<meta property=\"og:type\" content=\"article\" \/>\n<meta property=\"og:title\" content=\"Affiche Murale Design Green Chic - Ipefruit\" \/>\n<meta property=\"og:description\" content=\"D\u00e9couvrez notre collection d&#039;affiches murales. D\u00e9couvrez notre collection d&#039;affiches murales design pour une d\u00e9coration murale tendance.\" \/>\n<meta property=\"og:url\" content=\"https:\/\/ipefruit.com\/fr\/shop\/ipefruit-affiche-murale-design-green-chic\/\" \/>\n<meta property=\"og:site_name\" content=\"Ipefruit\" \/>\n<meta property=\"article:modified_time\" content=\"2026-01-28T16:59:22+00:00\" \/>\n<meta property=\"og:image\" content=\"https:\/\/ipefruit.com\/wp-content\/uploads\/2026\/01\/image-1.png\" \/>\n\t<meta property=\"og:image:width\" content=\"824\" \/>\n\t<meta property=\"og:image:height\" content=\"1236\" \/>\n\t<meta property=\"og:image:type\" content=\"image\/png\" \/>\n<meta name=\"twitter:card\" content=\"summary_large_image\" \/>\n<meta name=\"twitter:label1\" content=\"Dur\u00e9e de lecture estim\u00e9e\" \/>\n\t<meta name=\"twitter:data1\" content=\"1 minute\" \/>\n<script type=\"application\/ld+json\" class=\"yoast-schema-graph\">{\"@context\":\"https:\/\/schema.org\",\"@graph\":[{\"@type\":\"WebPage\",\"@id\":\"https:\/\/ipefruit.com\/shop\/ipefruit-affiche-murale-design-green-chic\/\",\"url\":\"https:\/\/ipefruit.com\/shop\/ipefruit-affiche-murale-design-green-chic\/\",\"name\":\"Affiche Murale Design Green Chic - Ipefruit\",\"isPartOf\":{\"@id\":\"https:\/\/ipefruit.com\/#website\"},\"primaryImageOfPage\":{\"@id\":\"https:\/\/ipefruit.com\/shop\/ipefruit-affiche-murale-design-green-chic\/#primaryimage\"},\"image\":{\"@id\":\"https:\/\/ipefruit.com\/shop\/ipefruit-affiche-murale-design-green-chic\/#primaryimage\"},\"thumbnailUrl\":\"https:\/\/ipefruit.com\/wp-content\/uploads\/2026\/01\/image-1.png\",\"datePublished\":\"2026-01-14T15:32:27+00:00\",\"dateModified\":\"2026-01-28T16:59:22+00:00\",\"description\":\"D\u00e9couvrez notre collection d'affiches murales. D\u00e9couvrez notre collection d'affiches murales design pour une d\u00e9coration murale tendance.\",\"breadcrumb\":{\"@id\":\"https:\/\/ipefruit.com\/shop\/ipefruit-affiche-murale-design-green-chic\/#breadcrumb\"},\"inLanguage\":\"fr-FR\",\"potentialAction\":[{\"@type\":\"ReadAction\",\"target\":[\"https:\/\/ipefruit.com\/shop\/ipefruit-affiche-murale-design-green-chic\/\"]}]},{\"@type\":\"ImageObject\",\"inLanguage\":\"fr-FR\",\"@id\":\"https:\/\/ipefruit.com\/shop\/ipefruit-affiche-murale-design-green-chic\/#primaryimage\",\"url\":\"https:\/\/ipefruit.com\/wp-content\/uploads\/2026\/01\/image-1.png\",\"contentUrl\":\"https:\/\/ipefruit.com\/wp-content\/uploads\/2026\/01\/image-1.png\",\"width\":824,\"height\":1236,\"caption\":\"Une collection de quatre affiches minimalistes aux tons verts, pens\u00e9es pour cr\u00e9er une ambiance calme, moderne et harmonieuse.\"},{\"@type\":\"BreadcrumbList\",\"@id\":\"https:\/\/ipefruit.com\/shop\/ipefruit-affiche-murale-design-green-chic\/#breadcrumb\",\"itemListElement\":[{\"@type\":\"ListItem\",\"position\":1,\"name\":\"Accueil\",\"item\":\"https:\/\/ipefruit.com\/\"},{\"@type\":\"ListItem\",\"position\":2,\"name\":\"Shop\",\"item\":\"https:\/\/ipefruit.com\/shop\/\"},{\"@type\":\"ListItem\",\"position\":3,\"name\":\"Affiche Murale Design Green Chic\"}]},{\"@type\":\"WebSite\",\"@id\":\"https:\/\/ipefruit.com\/#website\",\"url\":\"https:\/\/ipefruit.com\/\",\"name\":\"Ipefruit\",\"description\":\"Des affiches originales\",\"publisher\":{\"@id\":\"https:\/\/ipefruit.com\/#organization\"},\"potentialAction\":[{\"@type\":\"SearchAction\",\"target\":{\"@type\":\"EntryPoint\",\"urlTemplate\":\"https:\/\/ipefruit.com\/?s={search_term_string}\"},\"query-input\":{\"@type\":\"PropertyValueSpecification\",\"valueRequired\":true,\"valueName\":\"search_term_string\"}}],\"inLanguage\":\"fr-FR\"},{\"@type\":\"Organization\",\"@id\":\"https:\/\/ipefruit.com\/#organization\",\"name\":\"Ipefruit\",\"url\":\"https:\/\/ipefruit.com\/\",\"logo\":{\"@type\":\"ImageObject\",\"inLanguage\":\"fr-FR\",\"@id\":\"https:\/\/ipefruit.com\/#\/schema\/logo\/image\/\",\"url\":\"https:\/\/ipefruit.com\/wp-content\/uploads\/2025\/10\/cropped-Ipefruit-poster-logo.png\",\"contentUrl\":\"https:\/\/ipefruit.com\/wp-content\/uploads\/2025\/10\/cropped-Ipefruit-poster-logo.png\",\"width\":250,\"height\":167,\"caption\":\"Ipefruit\"},\"image\":{\"@id\":\"https:\/\/ipefruit.com\/#\/schema\/logo\/image\/\"}}]}<\/script>\n<!-- \/ Yoast SEO plugin. -->","yoast_head_json":{"title":"Affiche Murale Design Green Chic - Ipefruit","description":"D\u00e9couvrez notre collection d'affiches murales. D\u00e9couvrez notre collection d'affiches murales design pour une d\u00e9coration murale tendance.","robots":{"index":"index","follow":"follow","max-snippet":"max-snippet:-1","max-image-preview":"max-image-preview:large","max-video-preview":"max-video-preview:-1"},"canonical":"https:\/\/ipefruit.com\/fr\/shop\/ipefruit-affiche-murale-design-green-chic\/","og_locale":"fr_FR","og_type":"article","og_title":"Affiche Murale Design Green Chic - Ipefruit","og_description":"D\u00e9couvrez notre collection d'affiches murales. D\u00e9couvrez notre collection d'affiches murales design pour une d\u00e9coration murale tendance.","og_url":"https:\/\/ipefruit.com\/fr\/shop\/ipefruit-affiche-murale-design-green-chic\/","og_site_name":"Ipefruit","article_modified_time":"2026-01-28T16:59:22+00:00","og_image":[{"width":824,"height":1236,"url":"https:\/\/ipefruit.com\/wp-content\/uploads\/2026\/01\/image-1.png","type":"image\/png"}],"twitter_card":"summary_large_image","twitter_misc":{"Dur\u00e9e de lecture estim\u00e9e":"1 minute"},"schema":{"@context":"https:\/\/schema.org","@graph":[{"@type":"WebPage","@id":"https:\/\/ipefruit.com\/shop\/ipefruit-affiche-murale-design-green-chic\/","url":"https:\/\/ipefruit.com\/shop\/ipefruit-affiche-murale-design-green-chic\/","name":"Affiche Murale Design Green Chic - Ipefruit","isPartOf":{"@id":"https:\/\/ipefruit.com\/#website"},"primaryImageOfPage":{"@id":"https:\/\/ipefruit.com\/shop\/ipefruit-affiche-murale-design-green-chic\/#primaryimage"},"image":{"@id":"https:\/\/ipefruit.com\/shop\/ipefruit-affiche-murale-design-green-chic\/#primaryimage"},"thumbnailUrl":"https:\/\/ipefruit.com\/wp-content\/uploads\/2026\/01\/image-1.png","datePublished":"2026-01-14T15:32:27+00:00","dateModified":"2026-01-28T16:59:22+00:00","description":"D\u00e9couvrez notre collection d'affiches murales. D\u00e9couvrez notre collection d'affiches murales design pour une d\u00e9coration murale tendance.","breadcrumb":{"@id":"https:\/\/ipefruit.com\/shop\/ipefruit-affiche-murale-design-green-chic\/#breadcrumb"},"inLanguage":"fr-FR","potentialAction":[{"@type":"ReadAction","target":["https:\/\/ipefruit.com\/shop\/ipefruit-affiche-murale-design-green-chic\/"]}]},{"@type":"ImageObject","inLanguage":"fr-FR","@id":"https:\/\/ipefruit.com\/shop\/ipefruit-affiche-murale-design-green-chic\/#primaryimage","url":"https:\/\/ipefruit.com\/wp-content\/uploads\/2026\/01\/image-1.png","contentUrl":"https:\/\/ipefruit.com\/wp-content\/uploads\/2026\/01\/image-1.png","width":824,"height":1236,"caption":"Une collection de quatre affiches minimalistes aux tons verts, pens\u00e9es pour cr\u00e9er une ambiance calme, moderne et harmonieuse."},{"@type":"BreadcrumbList","@id":"https:\/\/ipefruit.com\/shop\/ipefruit-affiche-murale-design-green-chic\/#breadcrumb","itemListElement":[{"@type":"ListItem","position":1,"name":"Accueil","item":"https:\/\/ipefruit.com\/"},{"@type":"ListItem","position":2,"name":"Shop","item":"https:\/\/ipefruit.com\/shop\/"},{"@type":"ListItem","position":3,"name":"Affiche Murale Design Green Chic"}]},{"@type":"WebSite","@id":"https:\/\/ipefruit.com\/#website","url":"https:\/\/ipefruit.com\/","name":"Ipefruit","description":"Des affiches originales","publisher":{"@id":"https:\/\/ipefruit.com\/#organization"},"potentialAction":[{"@type":"SearchAction","target":{"@type":"EntryPoint","urlTemplate":"https:\/\/ipefruit.com\/?s={search_term_string}"},"query-input":{"@type":"PropertyValueSpecification","valueRequired":true,"valueName":"search_term_string"}}],"inLanguage":"fr-FR"},{"@type":"Organization","@id":"https:\/\/ipefruit.com\/#organization","name":"Ipefruit","url":"https:\/\/ipefruit.com\/","logo":{"@type":"ImageObject","inLanguage":"fr-FR","@id":"https:\/\/ipefruit.com\/#\/schema\/logo\/image\/","url":"https:\/\/ipefruit.com\/wp-content\/uploads\/2025\/10\/cropped-Ipefruit-poster-logo.png","contentUrl":"https:\/\/ipefruit.com\/wp-content\/uploads\/2025\/10\/cropped-Ipefruit-poster-logo.png","width":250,"height":167,"caption":"Ipefruit"},"image":{"@id":"https:\/\/ipefruit.com\/#\/schema\/logo\/image\/"}}]}},"jetpack_sharing_enabled":true,"_links":{"self":[{"href":"https:\/\/ipefruit.com\/fr\/wp-json\/wp\/v2\/product\/5830","targetHints":{"allow":["GET"]}}],"collection":[{"href":"https:\/\/ipefruit.com\/fr\/wp-json\/wp\/v2\/product"}],"about":[{"href":"https:\/\/ipefruit.com\/fr\/wp-json\/wp\/v2\/types\/product"}],"replies":[{"embeddable":true,"href":"https:\/\/ipefruit.com\/fr\/wp-json\/wp\/v2\/comments?post=5830"}],"wp:featuredmedia":[{"embeddable":true,"href":"https:\/\/ipefruit.com\/fr\/wp-json\/wp\/v2\/media\/5860"}],"wp:attachment":[{"href":"https:\/\/ipefruit.com\/fr\/wp-json\/wp\/v2\/media?parent=5830"}],"wp:term":[{"taxonomy":"product_brand","embeddable":true,"href":"https:\/\/ipefruit.com\/fr\/wp-json\/wp\/v2\/product_brand?post=5830"},{"taxonomy":"product_cat","embeddable":true,"href":"https:\/\/ipefruit.com\/fr\/wp-json\/wp\/v2\/product_cat?post=5830"},{"taxonomy":"product_tag","embeddable":true,"href":"https:\/\/ipefruit.com\/fr\/wp-json\/wp\/v2\/product_tag?post=5830"}],"curies":[{"name":"wp","href":"https:\/\/api.w.org\/{rel}","templated":true}]}}