{"id":5815,"date":"2026-01-14T10:48:11","date_gmt":"2026-01-14T10:48:11","guid":{"rendered":"https:\/\/ipefruit.com\/?post_type=product&#038;p=5815"},"modified":"2026-01-14T16:00:45","modified_gmt":"2026-01-14T16:00:45","slug":"affiche-voyage","status":"publish","type":"product","link":"https:\/\/ipefruit.com\/fr\/shop\/affiche-voyage\/","title":{"rendered":"AFFICHE VOYAGE &#8211; Destinations de r\u00eaves"},"content":{"rendered":"<h3><b>World Escape \u2014 Voyagez autrement, changez le monde<\/b><\/h3>\n<p class=\"p3\">World Escape est un poster de voyage premium regroupant six destinations mythiques \u00e0 travers le monde : Bali, Tokyo, New York, Paris, Santorin et Hano\u00ef.<\/p>\n<p class=\"p3\">Chaque destination est repr\u00e9sent\u00e9e sous forme de mini-affiche au style vintage moderne, cr\u00e9ant une composition \u00e9l\u00e9gante et inspirante qui invite \u00e0 l\u2019\u00e9vasion et au r\u00eave.<\/p>\n<p class=\"p3\">Ce poster est con\u00e7u pour sublimer votre int\u00e9rieur et apporter une touche de voyage, de libert\u00e9 et de d\u00e9couverte \u00e0 votre d\u00e9coration murale.<\/p>\n<p class=\"p3\">Mais World Escape, c\u2019est aussi un projet solidaire.<\/p>\n<p class=\"p3\">L\u2019int\u00e9gralit\u00e9 des b\u00e9n\u00e9fices est revers\u00e9e \u00e0 l\u2019association humanitaire <a href=\"https:\/\/www.solidarites.org\/fr\/\" target=\"_blank\" rel=\"noopener\">solidarit\u00e9s internationnal<\/a>, engag\u00e9e dans l\u2019aide humanitaire, l\u2019acc\u00e8s \u00e0 l\u2019eau potable et le soutien aux populations vuln\u00e9rables dans le monde.<\/p>\n<p class=\"p3\">\u2714 Poster design et premium<\/p>\n<p class=\"p3\">\u2714 3 formats disponibles : A3, A2 et A1<\/p>\n<p class=\"p3\">\u2714 Impression haute qualit\u00e9<\/p>\n<p class=\"p3\">\u2714 D\u00e9marche solidaire et responsable<\/p>\n<p class=\"p3\">D\u00e9corez votre int\u00e9rieur avec du sens.<\/p>\n<p class=\"p3\">Voyagez depuis chez vous.<\/p>\n<p class=\"p3\">Et participez \u00e0 un projet solidaire.<\/p>","protected":false},"excerpt":{"rendered":"<p>Faites voyager votre int\u00e9rieur avec World Escape.<\/p>\n<p>Un poster design regroupant 6 destinations mythiques, pour une d\u00e9coration \u00e9l\u00e9gante et solidaire.<\/p>","protected":false},"featured_media":5831,"comment_status":"open","ping_status":"closed","template":"","meta":[],"product_brand":[],"product_cat":[76],"product_tag":[142,144,148,126,143,116,145,119,146,147,153,154,152,150,115,151,149],"class_list":{"0":"post-5815","1":"product","2":"type-product","3":"status-publish","4":"has-post-thumbnail","6":"product_cat-posters","7":"product_tag-affiche-bali","8":"product_tag-affiche-hanoi","9":"product_tag-affiche-mural","10":"product_tag-affiche-murale","11":"product_tag-affiche-newyork","12":"product_tag-affiche-paris","13":"product_tag-affiche-santorin","14":"product_tag-affiche-solidaire","15":"product_tag-affiche-tokyo","16":"product_tag-affiche-voyage","17":"product_tag-cadeau-voyage","18":"product_tag-decoration-mural","19":"product_tag-destination-de-reve","20":"product_tag-poster-bali","21":"product_tag-poster-paris","22":"product_tag-poster-tokyo","23":"product_tag-poster-voyage","24":"product_themes-voyage","26":"first","27":"instock","28":"shipping-taxable","29":"purchasable","30":"product-type-variable"},"yoast_head":"<!-- This site is optimized with the Yoast SEO plugin v27.1.1 - https:\/\/yoast.com\/product\/yoast-seo-wordpress\/ -->\n<title>AFFICHE VOYAGE - Destinations de r\u00eaves - Ipefruit<\/title>\n<meta name=\"description\" content=\"Affiche voyage design avec 6 destinations mythiques. Formats A3, A2 et A1. Achat solidaire au profit d\u2019une association humanitaire.\" \/>\n<meta name=\"robots\" content=\"index, follow, max-snippet:-1, max-image-preview:large, max-video-preview:-1\" \/>\n<link rel=\"canonical\" href=\"https:\/\/ipefruit.com\/fr\/shop\/affiche-voyage\/\" \/>\n<meta property=\"og:locale\" content=\"fr_FR\" \/>\n<meta property=\"og:type\" content=\"article\" \/>\n<meta property=\"og:title\" content=\"AFFICHE VOYAGE - Destinations de r\u00eaves - Ipefruit\" \/>\n<meta property=\"og:description\" content=\"Affiche voyage design avec 6 destinations mythiques. Formats A3, A2 et A1. Achat solidaire au profit d\u2019une association humanitaire.\" \/>\n<meta property=\"og:url\" content=\"https:\/\/ipefruit.com\/fr\/shop\/affiche-voyage\/\" \/>\n<meta property=\"og:site_name\" content=\"Ipefruit\" \/>\n<meta property=\"article:modified_time\" content=\"2026-01-14T16:00:45+00:00\" \/>\n<meta property=\"og:image\" content=\"https:\/\/ipefruit.com\/wp-content\/uploads\/2026\/01\/affiche-projet--683x1024.png\" \/>\n\t<meta property=\"og:image:width\" content=\"683\" \/>\n\t<meta property=\"og:image:height\" content=\"1024\" \/>\n\t<meta property=\"og:image:type\" content=\"image\/png\" \/>\n<meta name=\"twitter:card\" content=\"summary_large_image\" \/>\n<meta name=\"twitter:label1\" content=\"Dur\u00e9e de lecture estim\u00e9e\" \/>\n\t<meta name=\"twitter:data1\" content=\"1 minute\" \/>\n<script type=\"application\/ld+json\" class=\"yoast-schema-graph\">{\"@context\":\"https:\/\/schema.org\",\"@graph\":[{\"@type\":\"WebPage\",\"@id\":\"https:\/\/ipefruit.com\/shop\/affiche-voyage\/\",\"url\":\"https:\/\/ipefruit.com\/shop\/affiche-voyage\/\",\"name\":\"AFFICHE VOYAGE - Destinations de r\u00eaves - Ipefruit\",\"isPartOf\":{\"@id\":\"https:\/\/ipefruit.com\/#website\"},\"primaryImageOfPage\":{\"@id\":\"https:\/\/ipefruit.com\/shop\/affiche-voyage\/#primaryimage\"},\"image\":{\"@id\":\"https:\/\/ipefruit.com\/shop\/affiche-voyage\/#primaryimage\"},\"thumbnailUrl\":\"https:\/\/ipefruit.com\/wp-content\/uploads\/2026\/01\/affiche-projet-.png\",\"datePublished\":\"2026-01-14T10:48:11+00:00\",\"dateModified\":\"2026-01-14T16:00:45+00:00\",\"description\":\"Affiche voyage design avec 6 destinations mythiques. Formats A3, A2 et A1. Achat solidaire au profit d\u2019une association humanitaire.\",\"breadcrumb\":{\"@id\":\"https:\/\/ipefruit.com\/shop\/affiche-voyage\/#breadcrumb\"},\"inLanguage\":\"fr-FR\",\"potentialAction\":[{\"@type\":\"ReadAction\",\"target\":[\"https:\/\/ipefruit.com\/shop\/affiche-voyage\/\"]}]},{\"@type\":\"ImageObject\",\"inLanguage\":\"fr-FR\",\"@id\":\"https:\/\/ipefruit.com\/shop\/affiche-voyage\/#primaryimage\",\"url\":\"https:\/\/ipefruit.com\/wp-content\/uploads\/2026\/01\/affiche-projet-.png\",\"contentUrl\":\"https:\/\/ipefruit.com\/wp-content\/uploads\/2026\/01\/affiche-projet-.png\",\"width\":1024,\"height\":1536},{\"@type\":\"BreadcrumbList\",\"@id\":\"https:\/\/ipefruit.com\/shop\/affiche-voyage\/#breadcrumb\",\"itemListElement\":[{\"@type\":\"ListItem\",\"position\":1,\"name\":\"Accueil\",\"item\":\"https:\/\/ipefruit.com\/\"},{\"@type\":\"ListItem\",\"position\":2,\"name\":\"Shop\",\"item\":\"https:\/\/ipefruit.com\/shop\/\"},{\"@type\":\"ListItem\",\"position\":3,\"name\":\"AFFICHE VOYAGE &#8211; Destinations de r\u00eaves\"}]},{\"@type\":\"WebSite\",\"@id\":\"https:\/\/ipefruit.com\/#website\",\"url\":\"https:\/\/ipefruit.com\/\",\"name\":\"Ipefruit\",\"description\":\"Des affiches originales\",\"publisher\":{\"@id\":\"https:\/\/ipefruit.com\/#organization\"},\"potentialAction\":[{\"@type\":\"SearchAction\",\"target\":{\"@type\":\"EntryPoint\",\"urlTemplate\":\"https:\/\/ipefruit.com\/?s={search_term_string}\"},\"query-input\":{\"@type\":\"PropertyValueSpecification\",\"valueRequired\":true,\"valueName\":\"search_term_string\"}}],\"inLanguage\":\"fr-FR\"},{\"@type\":\"Organization\",\"@id\":\"https:\/\/ipefruit.com\/#organization\",\"name\":\"Ipefruit\",\"url\":\"https:\/\/ipefruit.com\/\",\"logo\":{\"@type\":\"ImageObject\",\"inLanguage\":\"fr-FR\",\"@id\":\"https:\/\/ipefruit.com\/#\/schema\/logo\/image\/\",\"url\":\"https:\/\/ipefruit.com\/wp-content\/uploads\/2025\/10\/cropped-Ipefruit-poster-logo.png\",\"contentUrl\":\"https:\/\/ipefruit.com\/wp-content\/uploads\/2025\/10\/cropped-Ipefruit-poster-logo.png\",\"width\":250,\"height\":167,\"caption\":\"Ipefruit\"},\"image\":{\"@id\":\"https:\/\/ipefruit.com\/#\/schema\/logo\/image\/\"}}]}<\/script>\n<!-- \/ Yoast SEO plugin. -->","yoast_head_json":{"title":"AFFICHE VOYAGE - Destinations de r\u00eaves - Ipefruit","description":"Affiche voyage design avec 6 destinations mythiques. Formats A3, A2 et A1. Achat solidaire au profit d\u2019une association humanitaire.","robots":{"index":"index","follow":"follow","max-snippet":"max-snippet:-1","max-image-preview":"max-image-preview:large","max-video-preview":"max-video-preview:-1"},"canonical":"https:\/\/ipefruit.com\/fr\/shop\/affiche-voyage\/","og_locale":"fr_FR","og_type":"article","og_title":"AFFICHE VOYAGE - Destinations de r\u00eaves - Ipefruit","og_description":"Affiche voyage design avec 6 destinations mythiques. Formats A3, A2 et A1. Achat solidaire au profit d\u2019une association humanitaire.","og_url":"https:\/\/ipefruit.com\/fr\/shop\/affiche-voyage\/","og_site_name":"Ipefruit","article_modified_time":"2026-01-14T16:00:45+00:00","og_image":[{"width":683,"height":1024,"url":"https:\/\/ipefruit.com\/wp-content\/uploads\/2026\/01\/affiche-projet--683x1024.png","type":"image\/png"}],"twitter_card":"summary_large_image","twitter_misc":{"Dur\u00e9e de lecture estim\u00e9e":"1 minute"},"schema":{"@context":"https:\/\/schema.org","@graph":[{"@type":"WebPage","@id":"https:\/\/ipefruit.com\/shop\/affiche-voyage\/","url":"https:\/\/ipefruit.com\/shop\/affiche-voyage\/","name":"AFFICHE VOYAGE - Destinations de r\u00eaves - Ipefruit","isPartOf":{"@id":"https:\/\/ipefruit.com\/#website"},"primaryImageOfPage":{"@id":"https:\/\/ipefruit.com\/shop\/affiche-voyage\/#primaryimage"},"image":{"@id":"https:\/\/ipefruit.com\/shop\/affiche-voyage\/#primaryimage"},"thumbnailUrl":"https:\/\/ipefruit.com\/wp-content\/uploads\/2026\/01\/affiche-projet-.png","datePublished":"2026-01-14T10:48:11+00:00","dateModified":"2026-01-14T16:00:45+00:00","description":"Affiche voyage design avec 6 destinations mythiques. Formats A3, A2 et A1. Achat solidaire au profit d\u2019une association humanitaire.","breadcrumb":{"@id":"https:\/\/ipefruit.com\/shop\/affiche-voyage\/#breadcrumb"},"inLanguage":"fr-FR","potentialAction":[{"@type":"ReadAction","target":["https:\/\/ipefruit.com\/shop\/affiche-voyage\/"]}]},{"@type":"ImageObject","inLanguage":"fr-FR","@id":"https:\/\/ipefruit.com\/shop\/affiche-voyage\/#primaryimage","url":"https:\/\/ipefruit.com\/wp-content\/uploads\/2026\/01\/affiche-projet-.png","contentUrl":"https:\/\/ipefruit.com\/wp-content\/uploads\/2026\/01\/affiche-projet-.png","width":1024,"height":1536},{"@type":"BreadcrumbList","@id":"https:\/\/ipefruit.com\/shop\/affiche-voyage\/#breadcrumb","itemListElement":[{"@type":"ListItem","position":1,"name":"Accueil","item":"https:\/\/ipefruit.com\/"},{"@type":"ListItem","position":2,"name":"Shop","item":"https:\/\/ipefruit.com\/shop\/"},{"@type":"ListItem","position":3,"name":"AFFICHE VOYAGE &#8211; Destinations de r\u00eaves"}]},{"@type":"WebSite","@id":"https:\/\/ipefruit.com\/#website","url":"https:\/\/ipefruit.com\/","name":"Ipefruit","description":"Des affiches originales","publisher":{"@id":"https:\/\/ipefruit.com\/#organization"},"potentialAction":[{"@type":"SearchAction","target":{"@type":"EntryPoint","urlTemplate":"https:\/\/ipefruit.com\/?s={search_term_string}"},"query-input":{"@type":"PropertyValueSpecification","valueRequired":true,"valueName":"search_term_string"}}],"inLanguage":"fr-FR"},{"@type":"Organization","@id":"https:\/\/ipefruit.com\/#organization","name":"Ipefruit","url":"https:\/\/ipefruit.com\/","logo":{"@type":"ImageObject","inLanguage":"fr-FR","@id":"https:\/\/ipefruit.com\/#\/schema\/logo\/image\/","url":"https:\/\/ipefruit.com\/wp-content\/uploads\/2025\/10\/cropped-Ipefruit-poster-logo.png","contentUrl":"https:\/\/ipefruit.com\/wp-content\/uploads\/2025\/10\/cropped-Ipefruit-poster-logo.png","width":250,"height":167,"caption":"Ipefruit"},"image":{"@id":"https:\/\/ipefruit.com\/#\/schema\/logo\/image\/"}}]}},"jetpack_sharing_enabled":true,"_links":{"self":[{"href":"https:\/\/ipefruit.com\/fr\/wp-json\/wp\/v2\/product\/5815","targetHints":{"allow":["GET"]}}],"collection":[{"href":"https:\/\/ipefruit.com\/fr\/wp-json\/wp\/v2\/product"}],"about":[{"href":"https:\/\/ipefruit.com\/fr\/wp-json\/wp\/v2\/types\/product"}],"replies":[{"embeddable":true,"href":"https:\/\/ipefruit.com\/fr\/wp-json\/wp\/v2\/comments?post=5815"}],"wp:featuredmedia":[{"embeddable":true,"href":"https:\/\/ipefruit.com\/fr\/wp-json\/wp\/v2\/media\/5831"}],"wp:attachment":[{"href":"https:\/\/ipefruit.com\/fr\/wp-json\/wp\/v2\/media?parent=5815"}],"wp:term":[{"taxonomy":"product_brand","embeddable":true,"href":"https:\/\/ipefruit.com\/fr\/wp-json\/wp\/v2\/product_brand?post=5815"},{"taxonomy":"product_cat","embeddable":true,"href":"https:\/\/ipefruit.com\/fr\/wp-json\/wp\/v2\/product_cat?post=5815"},{"taxonomy":"product_tag","embeddable":true,"href":"https:\/\/ipefruit.com\/fr\/wp-json\/wp\/v2\/product_tag?post=5815"}],"curies":[{"name":"wp","href":"https:\/\/api.w.org\/{rel}","templated":true}]}}