{"id":5740,"date":"2025-10-21T13:57:04","date_gmt":"2025-10-21T13:57:04","guid":{"rendered":"https:\/\/ipefruit.com\/?post_type=product&#038;p=5740"},"modified":"2025-10-22T18:52:08","modified_gmt":"2025-10-22T18:52:08","slug":"affiche-pays-basque","status":"publish","type":"product","link":"https:\/\/ipefruit.com\/fr\/shop\/affiche-pays-basque\/","title":{"rendered":"Affiche pays basque"},"content":{"rendered":"<h5><b>Collection Pays Basque \u2013 Entre Terre, Mer et F\u00eate<\/b><\/h5>\n<p><span style=\"font-weight: 400\">Plongez dans l\u2019\u00e9nergie du littoral basque \u00e0 travers deux affiches vibrantes qui c\u00e9l\u00e8brent la mer, la convivialit\u00e9 et l\u2019esprit festif du Sud-Ouest.<\/span><span style=\"font-weight: 400\"><br \/>\n<\/span><span style=\"font-weight: 400\"> Une invitation \u00e0 ressentir la chaleur des f\u00eates locales, le sel de l\u2019oc\u00e9an et la beaut\u00e9 sauvage des paysages basques.<\/span><\/p>\n<p><span style=\"font-weight: 400\">Hendaye, entre dunes dor\u00e9es et vagues infinies, capture la s\u00e9r\u00e9nit\u00e9 d\u2019une journ\u00e9e d\u2019\u00e9t\u00e9 au bord de l\u2019Atlantique. Une affiche lumineuse, symbole d\u2019\u00e9vasion et de connexion \u00e0 la nature.<\/span><\/p>\n<p><span style=\"font-weight: 400\">Saint-Jean-de-Luz, color\u00e9e et vivante, incarne l\u2019\u00e2me du Pays Basque en f\u00eate. Entre traditions, musique et convivialit\u00e9, elle fait vibrer la passion et la joie des moments partag\u00e9s.<\/span><\/p>\n<p><span style=\"font-weight: 400\">Ensemble, ces \u0153uvres racontent une histoire d\u2019oc\u00e9an, de culture et de libert\u00e9.<\/span><span style=\"font-weight: 400\"><br \/>\n<\/span><span style=\"font-weight: 400\"> Elles s\u2019int\u00e8grent parfaitement \u00e0 tout int\u00e9rieur, apportant une touche de soleil, de voyage et d\u2019\u00e9nergie marine.<\/span><\/p>\n<p><span style=\"font-weight: 400\">Chaque achat soutient l\u2019association Surfrider Europe, engag\u00e9e dans la protection des oc\u00e9ans et du littoral.<\/span><span style=\"font-weight: 400\"><br \/>\n<\/span><span style=\"font-weight: 400\"> Parce que d\u00e9corer son espace, c\u2019est aussi agir pour la plan\u00e8te. \u00a0<\/span><a href=\"https:\/\/www.surfrider.eu\">https:\/\/www.surfrider.eu<\/a><\/p>","protected":false},"excerpt":{"rendered":"<h5 data-start=\"68\" data-end=\"120\"><strong data-start=\"72\" data-end=\"118\">Collection Pays Basque \u2013 Terre, Mer &amp; F\u00eate<\/strong><\/h5>\n<p data-start=\"121\" data-end=\"464\">Deux affiches vibrantes qui c\u00e9l\u00e8brent l\u2019oc\u00e9an, la convivialit\u00e9 et l\u2019esprit festif du Sud-Ouest.<br data-start=\"216\" data-end=\"219\" \/><strong data-start=\"219\" data-end=\"230\">Hendaye<\/strong> \u00e9voque la s\u00e9r\u00e9nit\u00e9 des dunes et des vagues atlantiques.<br data-start=\"286\" data-end=\"289\" \/><strong data-start=\"289\" data-end=\"310\">Saint-Jean-de-Luz<\/strong> incarne la chaleur des f\u00eates basques, entre musique et traditions.<br data-start=\"377\" data-end=\"380\" \/>Ensemble, elles racontent une histoire de libert\u00e9, de culture et d\u2019\u00e9nergie marine.<\/p>","protected":false},"featured_media":5763,"comment_status":"open","ping_status":"closed","template":"","meta":[],"product_brand":[],"product_cat":[48,76],"product_tag":[],"class_list":{"0":"post-5740","1":"product","2":"type-product","3":"status-publish","4":"has-post-thumbnail","6":"product_cat-colouring-posters","7":"product_cat-posters","9":"first","10":"instock","11":"shipping-taxable","12":"purchasable","13":"product-type-variable"},"yoast_head":"<!-- This site is optimized with the Yoast SEO plugin v27.1.1 - https:\/\/yoast.com\/product\/yoast-seo-wordpress\/ -->\n<title>Affiche pays basque - Ipefruit<\/title>\n<meta name=\"robots\" content=\"index, follow, max-snippet:-1, max-image-preview:large, max-video-preview:-1\" \/>\n<link rel=\"canonical\" href=\"https:\/\/ipefruit.com\/fr\/shop\/affiche-pays-basque\/\" \/>\n<meta property=\"og:locale\" content=\"fr_FR\" \/>\n<meta property=\"og:type\" content=\"article\" \/>\n<meta property=\"og:title\" content=\"Affiche pays basque - Ipefruit\" \/>\n<meta property=\"og:description\" content=\"Collection Pays Basque \u2013 Terre, Mer &amp; F\u00eate Deux affiches vibrantes qui c\u00e9l\u00e8brent l\u2019oc\u00e9an, la convivialit\u00e9 et l\u2019esprit festif du Sud-Ouest.Hendaye \u00e9voque la s\u00e9r\u00e9nit\u00e9 des dunes et des vagues atlantiques.Saint-Jean-de-Luz incarne la chaleur des f\u00eates basques, entre musique et traditions.Ensemble, elles racontent une histoire de libert\u00e9, de culture et d\u2019\u00e9nergie marine.\" \/>\n<meta property=\"og:url\" content=\"https:\/\/ipefruit.com\/fr\/shop\/affiche-pays-basque\/\" \/>\n<meta property=\"og:site_name\" content=\"Ipefruit\" \/>\n<meta property=\"article:modified_time\" content=\"2025-10-22T18:52:08+00:00\" \/>\n<meta property=\"og:image\" content=\"https:\/\/ipefruit.com\/wp-content\/uploads\/2025\/10\/Posters-sud-ouest-1024x576.png\" \/>\n\t<meta property=\"og:image:width\" content=\"1024\" \/>\n\t<meta property=\"og:image:height\" content=\"576\" \/>\n\t<meta property=\"og:image:type\" content=\"image\/png\" \/>\n<meta name=\"twitter:card\" content=\"summary_large_image\" \/>\n<meta name=\"twitter:label1\" content=\"Dur\u00e9e de lecture estim\u00e9e\" \/>\n\t<meta name=\"twitter:data1\" content=\"1 minute\" \/>\n<script type=\"application\/ld+json\" class=\"yoast-schema-graph\">{\"@context\":\"https:\/\/schema.org\",\"@graph\":[{\"@type\":\"WebPage\",\"@id\":\"https:\/\/ipefruit.com\/shop\/affiche-pays-basque\/\",\"url\":\"https:\/\/ipefruit.com\/shop\/affiche-pays-basque\/\",\"name\":\"Affiche pays basque - Ipefruit\",\"isPartOf\":{\"@id\":\"https:\/\/ipefruit.com\/#website\"},\"primaryImageOfPage\":{\"@id\":\"https:\/\/ipefruit.com\/shop\/affiche-pays-basque\/#primaryimage\"},\"image\":{\"@id\":\"https:\/\/ipefruit.com\/shop\/affiche-pays-basque\/#primaryimage\"},\"thumbnailUrl\":\"https:\/\/ipefruit.com\/wp-content\/uploads\/2025\/10\/Posters-sud-ouest.png\",\"datePublished\":\"2025-10-21T13:57:04+00:00\",\"dateModified\":\"2025-10-22T18:52:08+00:00\",\"breadcrumb\":{\"@id\":\"https:\/\/ipefruit.com\/shop\/affiche-pays-basque\/#breadcrumb\"},\"inLanguage\":\"fr-FR\",\"potentialAction\":[{\"@type\":\"ReadAction\",\"target\":[\"https:\/\/ipefruit.com\/shop\/affiche-pays-basque\/\"]}]},{\"@type\":\"ImageObject\",\"inLanguage\":\"fr-FR\",\"@id\":\"https:\/\/ipefruit.com\/shop\/affiche-pays-basque\/#primaryimage\",\"url\":\"https:\/\/ipefruit.com\/wp-content\/uploads\/2025\/10\/Posters-sud-ouest.png\",\"contentUrl\":\"https:\/\/ipefruit.com\/wp-content\/uploads\/2025\/10\/Posters-sud-ouest.png\",\"width\":1920,\"height\":1080},{\"@type\":\"BreadcrumbList\",\"@id\":\"https:\/\/ipefruit.com\/shop\/affiche-pays-basque\/#breadcrumb\",\"itemListElement\":[{\"@type\":\"ListItem\",\"position\":1,\"name\":\"Accueil\",\"item\":\"https:\/\/ipefruit.com\/\"},{\"@type\":\"ListItem\",\"position\":2,\"name\":\"Shop\",\"item\":\"https:\/\/ipefruit.com\/shop\/\"},{\"@type\":\"ListItem\",\"position\":3,\"name\":\"Affiche pays basque\"}]},{\"@type\":\"WebSite\",\"@id\":\"https:\/\/ipefruit.com\/#website\",\"url\":\"https:\/\/ipefruit.com\/\",\"name\":\"Ipefruit\",\"description\":\"Des affiches originales\",\"publisher\":{\"@id\":\"https:\/\/ipefruit.com\/#organization\"},\"potentialAction\":[{\"@type\":\"SearchAction\",\"target\":{\"@type\":\"EntryPoint\",\"urlTemplate\":\"https:\/\/ipefruit.com\/?s={search_term_string}\"},\"query-input\":{\"@type\":\"PropertyValueSpecification\",\"valueRequired\":true,\"valueName\":\"search_term_string\"}}],\"inLanguage\":\"fr-FR\"},{\"@type\":\"Organization\",\"@id\":\"https:\/\/ipefruit.com\/#organization\",\"name\":\"Ipefruit\",\"url\":\"https:\/\/ipefruit.com\/\",\"logo\":{\"@type\":\"ImageObject\",\"inLanguage\":\"fr-FR\",\"@id\":\"https:\/\/ipefruit.com\/#\/schema\/logo\/image\/\",\"url\":\"https:\/\/ipefruit.com\/wp-content\/uploads\/2025\/10\/cropped-Ipefruit-poster-logo.png\",\"contentUrl\":\"https:\/\/ipefruit.com\/wp-content\/uploads\/2025\/10\/cropped-Ipefruit-poster-logo.png\",\"width\":250,\"height\":167,\"caption\":\"Ipefruit\"},\"image\":{\"@id\":\"https:\/\/ipefruit.com\/#\/schema\/logo\/image\/\"}}]}<\/script>\n<!-- \/ Yoast SEO plugin. -->","yoast_head_json":{"title":"Affiche pays basque - Ipefruit","robots":{"index":"index","follow":"follow","max-snippet":"max-snippet:-1","max-image-preview":"max-image-preview:large","max-video-preview":"max-video-preview:-1"},"canonical":"https:\/\/ipefruit.com\/fr\/shop\/affiche-pays-basque\/","og_locale":"fr_FR","og_type":"article","og_title":"Affiche pays basque - Ipefruit","og_description":"Collection Pays Basque \u2013 Terre, Mer &amp; F\u00eate Deux affiches vibrantes qui c\u00e9l\u00e8brent l\u2019oc\u00e9an, la convivialit\u00e9 et l\u2019esprit festif du Sud-Ouest.Hendaye \u00e9voque la s\u00e9r\u00e9nit\u00e9 des dunes et des vagues atlantiques.Saint-Jean-de-Luz incarne la chaleur des f\u00eates basques, entre musique et traditions.Ensemble, elles racontent une histoire de libert\u00e9, de culture et d\u2019\u00e9nergie marine.","og_url":"https:\/\/ipefruit.com\/fr\/shop\/affiche-pays-basque\/","og_site_name":"Ipefruit","article_modified_time":"2025-10-22T18:52:08+00:00","og_image":[{"width":1024,"height":576,"url":"https:\/\/ipefruit.com\/wp-content\/uploads\/2025\/10\/Posters-sud-ouest-1024x576.png","type":"image\/png"}],"twitter_card":"summary_large_image","twitter_misc":{"Dur\u00e9e de lecture estim\u00e9e":"1 minute"},"schema":{"@context":"https:\/\/schema.org","@graph":[{"@type":"WebPage","@id":"https:\/\/ipefruit.com\/shop\/affiche-pays-basque\/","url":"https:\/\/ipefruit.com\/shop\/affiche-pays-basque\/","name":"Affiche pays basque - Ipefruit","isPartOf":{"@id":"https:\/\/ipefruit.com\/#website"},"primaryImageOfPage":{"@id":"https:\/\/ipefruit.com\/shop\/affiche-pays-basque\/#primaryimage"},"image":{"@id":"https:\/\/ipefruit.com\/shop\/affiche-pays-basque\/#primaryimage"},"thumbnailUrl":"https:\/\/ipefruit.com\/wp-content\/uploads\/2025\/10\/Posters-sud-ouest.png","datePublished":"2025-10-21T13:57:04+00:00","dateModified":"2025-10-22T18:52:08+00:00","breadcrumb":{"@id":"https:\/\/ipefruit.com\/shop\/affiche-pays-basque\/#breadcrumb"},"inLanguage":"fr-FR","potentialAction":[{"@type":"ReadAction","target":["https:\/\/ipefruit.com\/shop\/affiche-pays-basque\/"]}]},{"@type":"ImageObject","inLanguage":"fr-FR","@id":"https:\/\/ipefruit.com\/shop\/affiche-pays-basque\/#primaryimage","url":"https:\/\/ipefruit.com\/wp-content\/uploads\/2025\/10\/Posters-sud-ouest.png","contentUrl":"https:\/\/ipefruit.com\/wp-content\/uploads\/2025\/10\/Posters-sud-ouest.png","width":1920,"height":1080},{"@type":"BreadcrumbList","@id":"https:\/\/ipefruit.com\/shop\/affiche-pays-basque\/#breadcrumb","itemListElement":[{"@type":"ListItem","position":1,"name":"Accueil","item":"https:\/\/ipefruit.com\/"},{"@type":"ListItem","position":2,"name":"Shop","item":"https:\/\/ipefruit.com\/shop\/"},{"@type":"ListItem","position":3,"name":"Affiche pays basque"}]},{"@type":"WebSite","@id":"https:\/\/ipefruit.com\/#website","url":"https:\/\/ipefruit.com\/","name":"Ipefruit","description":"Des affiches originales","publisher":{"@id":"https:\/\/ipefruit.com\/#organization"},"potentialAction":[{"@type":"SearchAction","target":{"@type":"EntryPoint","urlTemplate":"https:\/\/ipefruit.com\/?s={search_term_string}"},"query-input":{"@type":"PropertyValueSpecification","valueRequired":true,"valueName":"search_term_string"}}],"inLanguage":"fr-FR"},{"@type":"Organization","@id":"https:\/\/ipefruit.com\/#organization","name":"Ipefruit","url":"https:\/\/ipefruit.com\/","logo":{"@type":"ImageObject","inLanguage":"fr-FR","@id":"https:\/\/ipefruit.com\/#\/schema\/logo\/image\/","url":"https:\/\/ipefruit.com\/wp-content\/uploads\/2025\/10\/cropped-Ipefruit-poster-logo.png","contentUrl":"https:\/\/ipefruit.com\/wp-content\/uploads\/2025\/10\/cropped-Ipefruit-poster-logo.png","width":250,"height":167,"caption":"Ipefruit"},"image":{"@id":"https:\/\/ipefruit.com\/#\/schema\/logo\/image\/"}}]}},"jetpack_sharing_enabled":true,"_links":{"self":[{"href":"https:\/\/ipefruit.com\/fr\/wp-json\/wp\/v2\/product\/5740","targetHints":{"allow":["GET"]}}],"collection":[{"href":"https:\/\/ipefruit.com\/fr\/wp-json\/wp\/v2\/product"}],"about":[{"href":"https:\/\/ipefruit.com\/fr\/wp-json\/wp\/v2\/types\/product"}],"replies":[{"embeddable":true,"href":"https:\/\/ipefruit.com\/fr\/wp-json\/wp\/v2\/comments?post=5740"}],"wp:featuredmedia":[{"embeddable":true,"href":"https:\/\/ipefruit.com\/fr\/wp-json\/wp\/v2\/media\/5763"}],"wp:attachment":[{"href":"https:\/\/ipefruit.com\/fr\/wp-json\/wp\/v2\/media?parent=5740"}],"wp:term":[{"taxonomy":"product_brand","embeddable":true,"href":"https:\/\/ipefruit.com\/fr\/wp-json\/wp\/v2\/product_brand?post=5740"},{"taxonomy":"product_cat","embeddable":true,"href":"https:\/\/ipefruit.com\/fr\/wp-json\/wp\/v2\/product_cat?post=5740"},{"taxonomy":"product_tag","embeddable":true,"href":"https:\/\/ipefruit.com\/fr\/wp-json\/wp\/v2\/product_tag?post=5740"}],"curies":[{"name":"wp","href":"https:\/\/api.w.org\/{rel}","templated":true}]}}