{"id":5701,"date":"2025-10-21T13:50:11","date_gmt":"2025-10-21T13:50:11","guid":{"rendered":"https:\/\/ipefruit.com\/?post_type=product&#038;p=5701"},"modified":"2025-10-21T13:51:05","modified_gmt":"2025-10-21T13:51:05","slug":"toulouse-la-ville-rose","status":"publish","type":"product","link":"https:\/\/ipefruit.com\/fr\/shop\/toulouse-la-ville-rose\/","title":{"rendered":"Toulouse, la Ville Rose"},"content":{"rendered":"<p><span data-contrast=\"auto\">Cette affiche met en lumi\u00e8re Toulouse, surnomm\u00e9e \u201cla Ville Rose\u201d, \u00e0 travers une sc\u00e8ne baign\u00e9e par la lumi\u00e8re du coucher du soleil.<\/span><br \/>\n<span data-contrast=\"auto\"> On y aper\u00e7oit la rue des Pargamini\u00e8res, \u00e0 c\u00f4t\u00e9 de l\u2019\u00e9glise du Taur et \u00e0 quelques pas seulement de la place du Capitole, c\u0153ur battant de la ville. La lumi\u00e8re dor\u00e9e de la fin de journ\u00e9e glisse le long des fa\u00e7ades en briques et fait ressortir les tons chauds qui ont valu \u00e0 Toulouse son c\u00e9l\u00e8bre surnom.<\/span><br \/>\n<span data-contrast=\"auto\"> L\u2019atmosph\u00e8re est calme, presque suspendue dans le temps : quelques passants profitent de la douceur du soir, tandis que les ombres s\u2019allongent doucement sur les pav\u00e9s.<\/span><span data-ccp-props=\"{}\">\u00a0<\/span><\/p>\n<p><span data-contrast=\"auto\">Le titre \u201c<\/span><i><span data-contrast=\"auto\">TOULOUSE<\/span><\/i><span data-contrast=\"auto\">\u201d, en lettres majuscules sobres, affirme la force et le caract\u00e8re de la ville, tandis que l\u2019inscription \u201c<\/span><i><span data-contrast=\"auto\">La Ville Rose<\/span><\/i><span data-contrast=\"auto\">\u201d, en \u00e9criture attach\u00e9e, apporte une touche d\u2019\u00e9l\u00e9gance, de f\u00e9minit\u00e9 et de po\u00e9sie.<\/span><br \/>\n<span data-contrast=\"auto\"> L\u2019ensemble cr\u00e9e un \u00e9quilibre entre structure et \u00e9motion, patrimoine et modernit\u00e9, \u00e0 l\u2019image de Toulouse elle-m\u00eame une cit\u00e9 lumineuse, accueillante et pleine de vie.<\/span><span data-ccp-props=\"{}\">\u00a0<\/span><\/p>\n<p><span data-contrast=\"auto\">Cette affiche rend hommage \u00e0 l\u2019\u00e2me authentique de la ville, \u00e0 sa beaut\u00e9 architecturale, \u00e0 ses rues charg\u00e9es d\u2019histoire, et \u00e0 cette chaleur du Sud que l\u2019on retrouve dans chaque d\u00e9tail, chaque nuance de rose et d\u2019orang\u00e9.<\/span><span data-ccp-props=\"{}\">\u00a0<\/span><\/p>\n<p>L\u2019ensemble des b\u00e9n\u00e9fices de ce projet seront revers\u00e9s \u00e0 <a href=\"https:\/\/www.msf.fr\" target=\"_blank\" rel=\"noopener\">M\u00e9decins Sans Fronti\u00e8res (MSF)<\/a>, une organisation humanitaire internationale qui apporte une aide m\u00e9dicale d\u2019urgence aux populations en d\u00e9tresse dans le monde entier.<br \/>\nEn achetant cette affiche, vous contribuez \u00e0 soutenir leurs actions essentielles sur le terrain.<\/p>","protected":false},"excerpt":{"rendered":"<p>Cette affiche met en lumi\u00e8re Toulouse, surnomm\u00e9e \u201cla Ville Rose\u201d, \u00e0 travers une sc\u00e8ne baign\u00e9e par la lumi\u00e8re du coucher du soleil. On y aper\u00e7oit la rue des Pargamini\u00e8res, \u00e0 c\u00f4t\u00e9 de l\u2019\u00e9glise du Taur et \u00e0 quelques pas seulement de la place du Capitole, c\u0153ur battant de la ville. La lumi\u00e8re dor\u00e9e de la [&hellip;]<\/p>\n","protected":false},"featured_media":5726,"comment_status":"open","ping_status":"closed","template":"","meta":[],"product_brand":[],"product_cat":[48,76],"product_tag":[],"class_list":{"0":"post-5701","1":"product","2":"type-product","3":"status-publish","4":"has-post-thumbnail","6":"product_cat-colouring-posters","7":"product_cat-posters","9":"first","10":"instock","11":"shipping-taxable","12":"purchasable","13":"product-type-variable"},"yoast_head":"<!-- This site is optimized with the Yoast SEO plugin v27.1.1 - https:\/\/yoast.com\/product\/yoast-seo-wordpress\/ -->\n<title>Toulouse, la Ville Rose - Ipefruit<\/title>\n<meta name=\"robots\" content=\"index, follow, max-snippet:-1, max-image-preview:large, max-video-preview:-1\" \/>\n<link rel=\"canonical\" href=\"https:\/\/ipefruit.com\/fr\/shop\/toulouse-la-ville-rose\/\" \/>\n<meta property=\"og:locale\" content=\"fr_FR\" \/>\n<meta property=\"og:type\" content=\"article\" \/>\n<meta property=\"og:title\" content=\"Toulouse, la Ville Rose - Ipefruit\" \/>\n<meta property=\"og:description\" content=\"Cette affiche met en lumi\u00e8re Toulouse, surnomm\u00e9e \u201cla Ville Rose\u201d, \u00e0 travers une sc\u00e8ne baign\u00e9e par la lumi\u00e8re du coucher du soleil. On y aper\u00e7oit la rue des Pargamini\u00e8res, \u00e0 c\u00f4t\u00e9 de l\u2019\u00e9glise du Taur et \u00e0 quelques pas seulement de la place du Capitole, c\u0153ur battant de la ville. La lumi\u00e8re dor\u00e9e de la [&hellip;]\" \/>\n<meta property=\"og:url\" content=\"https:\/\/ipefruit.com\/fr\/shop\/toulouse-la-ville-rose\/\" \/>\n<meta property=\"og:site_name\" content=\"Ipefruit\" \/>\n<meta property=\"article:modified_time\" content=\"2025-10-21T13:51:05+00:00\" \/>\n<meta property=\"og:image\" content=\"https:\/\/ipefruit.com\/wp-content\/uploads\/2025\/10\/Toulouse.jpg\" \/>\n\t<meta property=\"og:image:width\" content=\"1414\" \/>\n\t<meta property=\"og:image:height\" content=\"2000\" \/>\n\t<meta property=\"og:image:type\" content=\"image\/jpeg\" \/>\n<meta name=\"twitter:card\" content=\"summary_large_image\" \/>\n<meta name=\"twitter:label1\" content=\"Dur\u00e9e de lecture estim\u00e9e\" \/>\n\t<meta name=\"twitter:data1\" content=\"1 minute\" \/>\n<script type=\"application\/ld+json\" class=\"yoast-schema-graph\">{\"@context\":\"https:\/\/schema.org\",\"@graph\":[{\"@type\":\"WebPage\",\"@id\":\"https:\/\/ipefruit.com\/shop\/toulouse-la-ville-rose\/\",\"url\":\"https:\/\/ipefruit.com\/shop\/toulouse-la-ville-rose\/\",\"name\":\"Toulouse, la Ville Rose - Ipefruit\",\"isPartOf\":{\"@id\":\"https:\/\/ipefruit.com\/#website\"},\"primaryImageOfPage\":{\"@id\":\"https:\/\/ipefruit.com\/shop\/toulouse-la-ville-rose\/#primaryimage\"},\"image\":{\"@id\":\"https:\/\/ipefruit.com\/shop\/toulouse-la-ville-rose\/#primaryimage\"},\"thumbnailUrl\":\"https:\/\/ipefruit.com\/wp-content\/uploads\/2025\/10\/Toulouse.jpg\",\"datePublished\":\"2025-10-21T13:50:11+00:00\",\"dateModified\":\"2025-10-21T13:51:05+00:00\",\"breadcrumb\":{\"@id\":\"https:\/\/ipefruit.com\/shop\/toulouse-la-ville-rose\/#breadcrumb\"},\"inLanguage\":\"fr-FR\",\"potentialAction\":[{\"@type\":\"ReadAction\",\"target\":[\"https:\/\/ipefruit.com\/shop\/toulouse-la-ville-rose\/\"]}]},{\"@type\":\"ImageObject\",\"inLanguage\":\"fr-FR\",\"@id\":\"https:\/\/ipefruit.com\/shop\/toulouse-la-ville-rose\/#primaryimage\",\"url\":\"https:\/\/ipefruit.com\/wp-content\/uploads\/2025\/10\/Toulouse.jpg\",\"contentUrl\":\"https:\/\/ipefruit.com\/wp-content\/uploads\/2025\/10\/Toulouse.jpg\",\"width\":1414,\"height\":2000},{\"@type\":\"BreadcrumbList\",\"@id\":\"https:\/\/ipefruit.com\/shop\/toulouse-la-ville-rose\/#breadcrumb\",\"itemListElement\":[{\"@type\":\"ListItem\",\"position\":1,\"name\":\"Accueil\",\"item\":\"https:\/\/ipefruit.com\/\"},{\"@type\":\"ListItem\",\"position\":2,\"name\":\"Shop\",\"item\":\"https:\/\/ipefruit.com\/shop\/\"},{\"@type\":\"ListItem\",\"position\":3,\"name\":\"Toulouse, la Ville Rose\"}]},{\"@type\":\"WebSite\",\"@id\":\"https:\/\/ipefruit.com\/#website\",\"url\":\"https:\/\/ipefruit.com\/\",\"name\":\"Ipefruit\",\"description\":\"Des affiches originales\",\"publisher\":{\"@id\":\"https:\/\/ipefruit.com\/#organization\"},\"potentialAction\":[{\"@type\":\"SearchAction\",\"target\":{\"@type\":\"EntryPoint\",\"urlTemplate\":\"https:\/\/ipefruit.com\/?s={search_term_string}\"},\"query-input\":{\"@type\":\"PropertyValueSpecification\",\"valueRequired\":true,\"valueName\":\"search_term_string\"}}],\"inLanguage\":\"fr-FR\"},{\"@type\":\"Organization\",\"@id\":\"https:\/\/ipefruit.com\/#organization\",\"name\":\"Ipefruit\",\"url\":\"https:\/\/ipefruit.com\/\",\"logo\":{\"@type\":\"ImageObject\",\"inLanguage\":\"fr-FR\",\"@id\":\"https:\/\/ipefruit.com\/#\/schema\/logo\/image\/\",\"url\":\"https:\/\/ipefruit.com\/wp-content\/uploads\/2025\/10\/cropped-Ipefruit-poster-logo.png\",\"contentUrl\":\"https:\/\/ipefruit.com\/wp-content\/uploads\/2025\/10\/cropped-Ipefruit-poster-logo.png\",\"width\":250,\"height\":167,\"caption\":\"Ipefruit\"},\"image\":{\"@id\":\"https:\/\/ipefruit.com\/#\/schema\/logo\/image\/\"}}]}<\/script>\n<!-- \/ Yoast SEO plugin. -->","yoast_head_json":{"title":"Toulouse, la Ville Rose - Ipefruit","robots":{"index":"index","follow":"follow","max-snippet":"max-snippet:-1","max-image-preview":"max-image-preview:large","max-video-preview":"max-video-preview:-1"},"canonical":"https:\/\/ipefruit.com\/fr\/shop\/toulouse-la-ville-rose\/","og_locale":"fr_FR","og_type":"article","og_title":"Toulouse, la Ville Rose - Ipefruit","og_description":"Cette affiche met en lumi\u00e8re Toulouse, surnomm\u00e9e \u201cla Ville Rose\u201d, \u00e0 travers une sc\u00e8ne baign\u00e9e par la lumi\u00e8re du coucher du soleil. On y aper\u00e7oit la rue des Pargamini\u00e8res, \u00e0 c\u00f4t\u00e9 de l\u2019\u00e9glise du Taur et \u00e0 quelques pas seulement de la place du Capitole, c\u0153ur battant de la ville. La lumi\u00e8re dor\u00e9e de la [&hellip;]","og_url":"https:\/\/ipefruit.com\/fr\/shop\/toulouse-la-ville-rose\/","og_site_name":"Ipefruit","article_modified_time":"2025-10-21T13:51:05+00:00","og_image":[{"width":1414,"height":2000,"url":"https:\/\/ipefruit.com\/wp-content\/uploads\/2025\/10\/Toulouse.jpg","type":"image\/jpeg"}],"twitter_card":"summary_large_image","twitter_misc":{"Dur\u00e9e de lecture estim\u00e9e":"1 minute"},"schema":{"@context":"https:\/\/schema.org","@graph":[{"@type":"WebPage","@id":"https:\/\/ipefruit.com\/shop\/toulouse-la-ville-rose\/","url":"https:\/\/ipefruit.com\/shop\/toulouse-la-ville-rose\/","name":"Toulouse, la Ville Rose - Ipefruit","isPartOf":{"@id":"https:\/\/ipefruit.com\/#website"},"primaryImageOfPage":{"@id":"https:\/\/ipefruit.com\/shop\/toulouse-la-ville-rose\/#primaryimage"},"image":{"@id":"https:\/\/ipefruit.com\/shop\/toulouse-la-ville-rose\/#primaryimage"},"thumbnailUrl":"https:\/\/ipefruit.com\/wp-content\/uploads\/2025\/10\/Toulouse.jpg","datePublished":"2025-10-21T13:50:11+00:00","dateModified":"2025-10-21T13:51:05+00:00","breadcrumb":{"@id":"https:\/\/ipefruit.com\/shop\/toulouse-la-ville-rose\/#breadcrumb"},"inLanguage":"fr-FR","potentialAction":[{"@type":"ReadAction","target":["https:\/\/ipefruit.com\/shop\/toulouse-la-ville-rose\/"]}]},{"@type":"ImageObject","inLanguage":"fr-FR","@id":"https:\/\/ipefruit.com\/shop\/toulouse-la-ville-rose\/#primaryimage","url":"https:\/\/ipefruit.com\/wp-content\/uploads\/2025\/10\/Toulouse.jpg","contentUrl":"https:\/\/ipefruit.com\/wp-content\/uploads\/2025\/10\/Toulouse.jpg","width":1414,"height":2000},{"@type":"BreadcrumbList","@id":"https:\/\/ipefruit.com\/shop\/toulouse-la-ville-rose\/#breadcrumb","itemListElement":[{"@type":"ListItem","position":1,"name":"Accueil","item":"https:\/\/ipefruit.com\/"},{"@type":"ListItem","position":2,"name":"Shop","item":"https:\/\/ipefruit.com\/shop\/"},{"@type":"ListItem","position":3,"name":"Toulouse, la Ville Rose"}]},{"@type":"WebSite","@id":"https:\/\/ipefruit.com\/#website","url":"https:\/\/ipefruit.com\/","name":"Ipefruit","description":"Des affiches originales","publisher":{"@id":"https:\/\/ipefruit.com\/#organization"},"potentialAction":[{"@type":"SearchAction","target":{"@type":"EntryPoint","urlTemplate":"https:\/\/ipefruit.com\/?s={search_term_string}"},"query-input":{"@type":"PropertyValueSpecification","valueRequired":true,"valueName":"search_term_string"}}],"inLanguage":"fr-FR"},{"@type":"Organization","@id":"https:\/\/ipefruit.com\/#organization","name":"Ipefruit","url":"https:\/\/ipefruit.com\/","logo":{"@type":"ImageObject","inLanguage":"fr-FR","@id":"https:\/\/ipefruit.com\/#\/schema\/logo\/image\/","url":"https:\/\/ipefruit.com\/wp-content\/uploads\/2025\/10\/cropped-Ipefruit-poster-logo.png","contentUrl":"https:\/\/ipefruit.com\/wp-content\/uploads\/2025\/10\/cropped-Ipefruit-poster-logo.png","width":250,"height":167,"caption":"Ipefruit"},"image":{"@id":"https:\/\/ipefruit.com\/#\/schema\/logo\/image\/"}}]}},"jetpack_sharing_enabled":true,"_links":{"self":[{"href":"https:\/\/ipefruit.com\/fr\/wp-json\/wp\/v2\/product\/5701","targetHints":{"allow":["GET"]}}],"collection":[{"href":"https:\/\/ipefruit.com\/fr\/wp-json\/wp\/v2\/product"}],"about":[{"href":"https:\/\/ipefruit.com\/fr\/wp-json\/wp\/v2\/types\/product"}],"replies":[{"embeddable":true,"href":"https:\/\/ipefruit.com\/fr\/wp-json\/wp\/v2\/comments?post=5701"}],"wp:featuredmedia":[{"embeddable":true,"href":"https:\/\/ipefruit.com\/fr\/wp-json\/wp\/v2\/media\/5726"}],"wp:attachment":[{"href":"https:\/\/ipefruit.com\/fr\/wp-json\/wp\/v2\/media?parent=5701"}],"wp:term":[{"taxonomy":"product_brand","embeddable":true,"href":"https:\/\/ipefruit.com\/fr\/wp-json\/wp\/v2\/product_brand?post=5701"},{"taxonomy":"product_cat","embeddable":true,"href":"https:\/\/ipefruit.com\/fr\/wp-json\/wp\/v2\/product_cat?post=5701"},{"taxonomy":"product_tag","embeddable":true,"href":"https:\/\/ipefruit.com\/fr\/wp-json\/wp\/v2\/product_tag?post=5701"}],"curies":[{"name":"wp","href":"https:\/\/api.w.org\/{rel}","templated":true}]}}