{"id":5700,"date":"2025-10-21T13:58:01","date_gmt":"2025-10-21T13:58:01","guid":{"rendered":"https:\/\/ipefruit.com\/?post_type=product&#038;p=5700"},"modified":"2025-10-21T14:00:12","modified_gmt":"2025-10-21T14:00:12","slug":"poster-fetes","status":"publish","type":"product","link":"https:\/\/ipefruit.com\/fr\/shop\/poster-fetes\/","title":{"rendered":"Poster f\u00eates"},"content":{"rendered":"<p class=\"cvGsUA direction-ltr align-start para-style-body\"><span class=\"a_GcMg font-feature-liga-off font-feature-clig-off font-feature-calt-off text-decoration-none text-strikethrough-none\">Affiches sur les f\u00eates.<\/span><\/p>\n<p class=\"cvGsUA direction-ltr align-start para-style-body\"><span class=\"a_GcMg font-feature-liga-off font-feature-clig-off font-feature-calt-off text-decoration-none text-strikethrough-none\">A travers ces affiches, nous voulions montrer la simplicit\u00e9 et la beaut\u00e9 des f\u00eates dans le monde.<\/span><\/p>\n<p class=\"cvGsUA direction-ltr align-start para-style-body\"><span class=\"a_GcMg font-feature-liga-off font-feature-clig-off font-feature-calt-off text-decoration-none text-strikethrough-none\">Les f\u00eates rassemblent les gens et sont des moments de bonheur et de partages. Chaque f\u00eate \u00e0 sa propre identit\u00e9 et sa propre ambiance. Nous avons choisies 3 f\u00eates diff\u00e9rentes, r\u00e9parties sur 3 p\u00e9riodes \u00e9loign\u00e9s dans l\u2019ann\u00e9e pour montrer cette diversit\u00e9 et essayer de la repr\u00e9senter au mieux \u00e0 travers les affiches.<\/span><\/p>\n<p><strong>Tous les b\u00e9n\u00e9fices seront revers\u00e9s \u00e0 l&#8217;association<span class=\"a_GcMg font-feature-liga-off font-feature-clig-off font-feature-calt-off text-decoration-none text-strikethrough-none\"> de la <a href=\"https:\/\/www.la-spa.fr\/\" target=\"_blank\" rel=\"noopener\">SPA<\/a><\/span><\/strong><\/p>\n<p class=\"cvGsUA direction-ltr align-start para-style-body\"><span class=\"a_GcMg font-feature-liga-off font-feature-clig-off font-feature-calt-off text-decoration-none text-strikethrough-none\">La SPA est la premi\u00e8re association fran\u00e7aise d\u00e9di\u00e9e \u00e0 la protection animale, fond\u00e9e en 1845 et reconnue d\u2019utilit\u00e9 publique depuis 1860. Elle recueille chaque ann\u00e9e des milliers d\u2019animaux, les soigne et favorise leur adoption, tout en luttant activement contre toutes formes de maltraitance.<\/span><\/p>","protected":false},"excerpt":{"rendered":"<p><strong>Saint Valentin:<\/strong> Affiche d\u00e9corative, id\u00e9ale pour la Saint-Valentin. Illustration romantique d\u2019un ourson en peluche tenant un c\u0153ur rouge avec le mot &#8220;love&#8221;. Fond rose pastel et rubans rouges. Texte manuscrit : Happy Valentines.<\/p>\n<p><strong>P\u00e2ques: <\/strong>C<span class=\"a_GcMg font-feature-liga-off font-feature-clig-off font-feature-calt-off text-decoration-none text-strikethrough-none\">ette affiche repr\u00e9sente une sc\u00e8ne printani\u00e8re de P\u00e2ques : un panier en osier renvers\u00e9 laisse \u00e9chapper des \u0153ufs color\u00e9s sur une pelouse verdoyante, sous un ciel bleu lumineux. Le mot \u00ab P\u00c2QUES \u00bb, \u00e9crit en grandes lettres pastel, \u00e9voque la f\u00eate, la joie et la douceur de cette p\u00e9riode printani\u00e8re.<\/span><\/p>\n<p><strong>Halloween: <\/strong>C<span class=\"a_GcMg font-feature-liga-off font-feature-clig-off font-feature-calt-off text-decoration-none text-strikethrough-none\">ette affiche montre un d\u00e9cor sombre en for\u00eat dans la nuit brumeuse. Une toile d\u2019araign\u00e9e recouvre la sc\u00e8ne avec une nu\u00e9e de chauves souris semblant venir vers nous. L<\/span><span class=\"a_GcMg font-feature-liga-off font-feature-clig-off font-feature-calt-off text-decoration-none text-strikethrough-none\">e mot \u201challoween\u201d est pr\u00e9sent pour annoncer le th\u00e8me, accompagn\u00e9 par une chauve souris pendue \u00e0 ses lettres<\/span><\/p>","protected":false},"featured_media":5741,"comment_status":"open","ping_status":"closed","template":"","meta":[],"product_brand":[],"product_cat":[76],"product_tag":[],"class_list":{"0":"post-5700","1":"product","2":"type-product","3":"status-publish","4":"has-post-thumbnail","6":"product_cat-posters","8":"first","9":"instock","10":"shipping-taxable","11":"purchasable","12":"product-type-variable"},"yoast_head":"<!-- This site is optimized with the Yoast SEO plugin v27.1.1 - https:\/\/yoast.com\/product\/yoast-seo-wordpress\/ -->\n<title>Poster f\u00eates - Ipefruit<\/title>\n<meta name=\"robots\" content=\"index, follow, max-snippet:-1, max-image-preview:large, max-video-preview:-1\" \/>\n<link rel=\"canonical\" href=\"https:\/\/ipefruit.com\/fr\/shop\/poster-fetes\/\" \/>\n<meta property=\"og:locale\" content=\"fr_FR\" \/>\n<meta property=\"og:type\" content=\"article\" \/>\n<meta property=\"og:title\" content=\"Poster f\u00eates - Ipefruit\" \/>\n<meta property=\"og:description\" content=\"Saint Valentin: Affiche d\u00e9corative, id\u00e9ale pour la Saint-Valentin. Illustration romantique d\u2019un ourson en peluche tenant un c\u0153ur rouge avec le mot &quot;love&quot;. Fond rose pastel et rubans rouges. Texte manuscrit : Happy Valentines.  P\u00e2ques: Cette affiche repr\u00e9sente une sc\u00e8ne printani\u00e8re de P\u00e2ques : un panier en osier renvers\u00e9 laisse \u00e9chapper des \u0153ufs color\u00e9s sur une pelouse verdoyante, sous un ciel bleu lumineux. Le mot \u00ab P\u00c2QUES \u00bb, \u00e9crit en grandes lettres pastel, \u00e9voque la f\u00eate, la joie et la douceur de cette p\u00e9riode printani\u00e8re.  Halloween: Cette affiche montre un d\u00e9cor sombre en for\u00eat dans la nuit brumeuse. Une toile d\u2019araign\u00e9e recouvre la sc\u00e8ne avec une nu\u00e9e de chauves souris semblant venir vers nous. Le mot \u201challoween\u201d est pr\u00e9sent pour annoncer le th\u00e8me, accompagn\u00e9 par une chauve souris pendue \u00e0 ses lettres\" \/>\n<meta property=\"og:url\" content=\"https:\/\/ipefruit.com\/fr\/shop\/poster-fetes\/\" \/>\n<meta property=\"og:site_name\" content=\"Ipefruit\" \/>\n<meta property=\"article:modified_time\" content=\"2025-10-21T14:00:12+00:00\" \/>\n<meta property=\"og:image\" content=\"https:\/\/ipefruit.com\/wp-content\/uploads\/2025\/10\/Rose-Rouge-Coeur-Saint-Valentin-Affiche-Illustratif-1.png\" \/>\n\t<meta property=\"og:image:width\" content=\"1414\" \/>\n\t<meta property=\"og:image:height\" content=\"2000\" \/>\n\t<meta property=\"og:image:type\" content=\"image\/png\" \/>\n<meta name=\"twitter:card\" content=\"summary_large_image\" \/>\n<meta name=\"twitter:label1\" content=\"Dur\u00e9e de lecture estim\u00e9e\" \/>\n\t<meta name=\"twitter:data1\" content=\"1 minute\" \/>\n<script type=\"application\/ld+json\" class=\"yoast-schema-graph\">{\"@context\":\"https:\/\/schema.org\",\"@graph\":[{\"@type\":\"WebPage\",\"@id\":\"https:\/\/ipefruit.com\/shop\/poster-fetes\/\",\"url\":\"https:\/\/ipefruit.com\/shop\/poster-fetes\/\",\"name\":\"Poster f\u00eates - Ipefruit\",\"isPartOf\":{\"@id\":\"https:\/\/ipefruit.com\/#website\"},\"primaryImageOfPage\":{\"@id\":\"https:\/\/ipefruit.com\/shop\/poster-fetes\/#primaryimage\"},\"image\":{\"@id\":\"https:\/\/ipefruit.com\/shop\/poster-fetes\/#primaryimage\"},\"thumbnailUrl\":\"https:\/\/ipefruit.com\/wp-content\/uploads\/2025\/10\/Rose-Rouge-Coeur-Saint-Valentin-Affiche-Illustratif-1.png\",\"datePublished\":\"2025-10-21T13:58:01+00:00\",\"dateModified\":\"2025-10-21T14:00:12+00:00\",\"breadcrumb\":{\"@id\":\"https:\/\/ipefruit.com\/shop\/poster-fetes\/#breadcrumb\"},\"inLanguage\":\"fr-FR\",\"potentialAction\":[{\"@type\":\"ReadAction\",\"target\":[\"https:\/\/ipefruit.com\/shop\/poster-fetes\/\"]}]},{\"@type\":\"ImageObject\",\"inLanguage\":\"fr-FR\",\"@id\":\"https:\/\/ipefruit.com\/shop\/poster-fetes\/#primaryimage\",\"url\":\"https:\/\/ipefruit.com\/wp-content\/uploads\/2025\/10\/Rose-Rouge-Coeur-Saint-Valentin-Affiche-Illustratif-1.png\",\"contentUrl\":\"https:\/\/ipefruit.com\/wp-content\/uploads\/2025\/10\/Rose-Rouge-Coeur-Saint-Valentin-Affiche-Illustratif-1.png\",\"width\":1414,\"height\":2000},{\"@type\":\"BreadcrumbList\",\"@id\":\"https:\/\/ipefruit.com\/shop\/poster-fetes\/#breadcrumb\",\"itemListElement\":[{\"@type\":\"ListItem\",\"position\":1,\"name\":\"Accueil\",\"item\":\"https:\/\/ipefruit.com\/\"},{\"@type\":\"ListItem\",\"position\":2,\"name\":\"Shop\",\"item\":\"https:\/\/ipefruit.com\/shop\/\"},{\"@type\":\"ListItem\",\"position\":3,\"name\":\"Poster f\u00eates\"}]},{\"@type\":\"WebSite\",\"@id\":\"https:\/\/ipefruit.com\/#website\",\"url\":\"https:\/\/ipefruit.com\/\",\"name\":\"Ipefruit\",\"description\":\"Des affiches originales\",\"publisher\":{\"@id\":\"https:\/\/ipefruit.com\/#organization\"},\"potentialAction\":[{\"@type\":\"SearchAction\",\"target\":{\"@type\":\"EntryPoint\",\"urlTemplate\":\"https:\/\/ipefruit.com\/?s={search_term_string}\"},\"query-input\":{\"@type\":\"PropertyValueSpecification\",\"valueRequired\":true,\"valueName\":\"search_term_string\"}}],\"inLanguage\":\"fr-FR\"},{\"@type\":\"Organization\",\"@id\":\"https:\/\/ipefruit.com\/#organization\",\"name\":\"Ipefruit\",\"url\":\"https:\/\/ipefruit.com\/\",\"logo\":{\"@type\":\"ImageObject\",\"inLanguage\":\"fr-FR\",\"@id\":\"https:\/\/ipefruit.com\/#\/schema\/logo\/image\/\",\"url\":\"https:\/\/ipefruit.com\/wp-content\/uploads\/2025\/10\/cropped-Ipefruit-poster-logo.png\",\"contentUrl\":\"https:\/\/ipefruit.com\/wp-content\/uploads\/2025\/10\/cropped-Ipefruit-poster-logo.png\",\"width\":250,\"height\":167,\"caption\":\"Ipefruit\"},\"image\":{\"@id\":\"https:\/\/ipefruit.com\/#\/schema\/logo\/image\/\"}}]}<\/script>\n<!-- \/ Yoast SEO plugin. -->","yoast_head_json":{"title":"Poster f\u00eates - Ipefruit","robots":{"index":"index","follow":"follow","max-snippet":"max-snippet:-1","max-image-preview":"max-image-preview:large","max-video-preview":"max-video-preview:-1"},"canonical":"https:\/\/ipefruit.com\/fr\/shop\/poster-fetes\/","og_locale":"fr_FR","og_type":"article","og_title":"Poster f\u00eates - Ipefruit","og_description":"Saint Valentin: Affiche d\u00e9corative, id\u00e9ale pour la Saint-Valentin. Illustration romantique d\u2019un ourson en peluche tenant un c\u0153ur rouge avec le mot \"love\". Fond rose pastel et rubans rouges. Texte manuscrit : Happy Valentines.  P\u00e2ques: Cette affiche repr\u00e9sente une sc\u00e8ne printani\u00e8re de P\u00e2ques : un panier en osier renvers\u00e9 laisse \u00e9chapper des \u0153ufs color\u00e9s sur une pelouse verdoyante, sous un ciel bleu lumineux. Le mot \u00ab P\u00c2QUES \u00bb, \u00e9crit en grandes lettres pastel, \u00e9voque la f\u00eate, la joie et la douceur de cette p\u00e9riode printani\u00e8re.  Halloween: Cette affiche montre un d\u00e9cor sombre en for\u00eat dans la nuit brumeuse. Une toile d\u2019araign\u00e9e recouvre la sc\u00e8ne avec une nu\u00e9e de chauves souris semblant venir vers nous. Le mot \u201challoween\u201d est pr\u00e9sent pour annoncer le th\u00e8me, accompagn\u00e9 par une chauve souris pendue \u00e0 ses lettres","og_url":"https:\/\/ipefruit.com\/fr\/shop\/poster-fetes\/","og_site_name":"Ipefruit","article_modified_time":"2025-10-21T14:00:12+00:00","og_image":[{"width":1414,"height":2000,"url":"https:\/\/ipefruit.com\/wp-content\/uploads\/2025\/10\/Rose-Rouge-Coeur-Saint-Valentin-Affiche-Illustratif-1.png","type":"image\/png"}],"twitter_card":"summary_large_image","twitter_misc":{"Dur\u00e9e de lecture estim\u00e9e":"1 minute"},"schema":{"@context":"https:\/\/schema.org","@graph":[{"@type":"WebPage","@id":"https:\/\/ipefruit.com\/shop\/poster-fetes\/","url":"https:\/\/ipefruit.com\/shop\/poster-fetes\/","name":"Poster f\u00eates - Ipefruit","isPartOf":{"@id":"https:\/\/ipefruit.com\/#website"},"primaryImageOfPage":{"@id":"https:\/\/ipefruit.com\/shop\/poster-fetes\/#primaryimage"},"image":{"@id":"https:\/\/ipefruit.com\/shop\/poster-fetes\/#primaryimage"},"thumbnailUrl":"https:\/\/ipefruit.com\/wp-content\/uploads\/2025\/10\/Rose-Rouge-Coeur-Saint-Valentin-Affiche-Illustratif-1.png","datePublished":"2025-10-21T13:58:01+00:00","dateModified":"2025-10-21T14:00:12+00:00","breadcrumb":{"@id":"https:\/\/ipefruit.com\/shop\/poster-fetes\/#breadcrumb"},"inLanguage":"fr-FR","potentialAction":[{"@type":"ReadAction","target":["https:\/\/ipefruit.com\/shop\/poster-fetes\/"]}]},{"@type":"ImageObject","inLanguage":"fr-FR","@id":"https:\/\/ipefruit.com\/shop\/poster-fetes\/#primaryimage","url":"https:\/\/ipefruit.com\/wp-content\/uploads\/2025\/10\/Rose-Rouge-Coeur-Saint-Valentin-Affiche-Illustratif-1.png","contentUrl":"https:\/\/ipefruit.com\/wp-content\/uploads\/2025\/10\/Rose-Rouge-Coeur-Saint-Valentin-Affiche-Illustratif-1.png","width":1414,"height":2000},{"@type":"BreadcrumbList","@id":"https:\/\/ipefruit.com\/shop\/poster-fetes\/#breadcrumb","itemListElement":[{"@type":"ListItem","position":1,"name":"Accueil","item":"https:\/\/ipefruit.com\/"},{"@type":"ListItem","position":2,"name":"Shop","item":"https:\/\/ipefruit.com\/shop\/"},{"@type":"ListItem","position":3,"name":"Poster f\u00eates"}]},{"@type":"WebSite","@id":"https:\/\/ipefruit.com\/#website","url":"https:\/\/ipefruit.com\/","name":"Ipefruit","description":"Des affiches originales","publisher":{"@id":"https:\/\/ipefruit.com\/#organization"},"potentialAction":[{"@type":"SearchAction","target":{"@type":"EntryPoint","urlTemplate":"https:\/\/ipefruit.com\/?s={search_term_string}"},"query-input":{"@type":"PropertyValueSpecification","valueRequired":true,"valueName":"search_term_string"}}],"inLanguage":"fr-FR"},{"@type":"Organization","@id":"https:\/\/ipefruit.com\/#organization","name":"Ipefruit","url":"https:\/\/ipefruit.com\/","logo":{"@type":"ImageObject","inLanguage":"fr-FR","@id":"https:\/\/ipefruit.com\/#\/schema\/logo\/image\/","url":"https:\/\/ipefruit.com\/wp-content\/uploads\/2025\/10\/cropped-Ipefruit-poster-logo.png","contentUrl":"https:\/\/ipefruit.com\/wp-content\/uploads\/2025\/10\/cropped-Ipefruit-poster-logo.png","width":250,"height":167,"caption":"Ipefruit"},"image":{"@id":"https:\/\/ipefruit.com\/#\/schema\/logo\/image\/"}}]}},"jetpack_sharing_enabled":true,"_links":{"self":[{"href":"https:\/\/ipefruit.com\/fr\/wp-json\/wp\/v2\/product\/5700","targetHints":{"allow":["GET"]}}],"collection":[{"href":"https:\/\/ipefruit.com\/fr\/wp-json\/wp\/v2\/product"}],"about":[{"href":"https:\/\/ipefruit.com\/fr\/wp-json\/wp\/v2\/types\/product"}],"replies":[{"embeddable":true,"href":"https:\/\/ipefruit.com\/fr\/wp-json\/wp\/v2\/comments?post=5700"}],"wp:featuredmedia":[{"embeddable":true,"href":"https:\/\/ipefruit.com\/fr\/wp-json\/wp\/v2\/media\/5741"}],"wp:attachment":[{"href":"https:\/\/ipefruit.com\/fr\/wp-json\/wp\/v2\/media?parent=5700"}],"wp:term":[{"taxonomy":"product_brand","embeddable":true,"href":"https:\/\/ipefruit.com\/fr\/wp-json\/wp\/v2\/product_brand?post=5700"},{"taxonomy":"product_cat","embeddable":true,"href":"https:\/\/ipefruit.com\/fr\/wp-json\/wp\/v2\/product_cat?post=5700"},{"taxonomy":"product_tag","embeddable":true,"href":"https:\/\/ipefruit.com\/fr\/wp-json\/wp\/v2\/product_tag?post=5700"}],"curies":[{"name":"wp","href":"https:\/\/api.w.org\/{rel}","templated":true}]}}