{"id":5394,"date":"2025-10-13T13:49:09","date_gmt":"2025-10-13T13:49:09","guid":{"rendered":"https:\/\/ipefruit.com\/?post_type=product&#038;p=5394"},"modified":"2025-10-13T13:52:19","modified_gmt":"2025-10-13T13:52:19","slug":"islamic-architecture","status":"publish","type":"product","link":"https:\/\/ipefruit.com\/fr\/shop\/islamic-architecture\/","title":{"rendered":"islamic architecture"},"content":{"rendered":"<p data-start=\"218\" data-end=\"425\">Plongez dans la beaut\u00e9 et la finesse de l\u2019architecture islamique avec ces posters artistiques mettant \u00e0 l\u2019honneur la majestueuse <strong data-start=\"347\" data-end=\"368\">Mosqu\u00e9e Hassan II<\/strong> de Casablanca, l\u2019un des joyaux du patrimoine marocain.<\/p>\n<p data-start=\"427\" data-end=\"634\">Le premier poster c\u00e9l\u00e8bre les motifs g\u00e9om\u00e9triques et les mosa\u00efques raffin\u00e9es caract\u00e9ristiques de l\u2019art islamique, tandis que le second r\u00e9v\u00e8le toute la splendeur du monument illumin\u00e9 \u00e0 la tomb\u00e9e de la nuit.<\/p>\n<p data-start=\"636\" data-end=\"817\">Imprim\u00e9s en haute qualit\u00e9, ces visuels apportent une touche d\u2019\u00e9l\u00e9gance, de culture et de s\u00e9r\u00e9nit\u00e9 \u00e0 tout espace int\u00e9rieur \u2014 id\u00e9al pour les amateurs d\u2019art, d\u2019histoire et de voyage. Tous les benefice vont aux association\u00a0<a href=\"https:\/\/www.coeurmaroc.com\" target=\"_blank\" rel=\"noopener\">https:\/\/www.coeurmaroc.com<\/a><\/p>\n<p data-start=\"819\" data-end=\"965\"><strong data-start=\"822\" data-end=\"847\">Formats disponibles :<\/strong> A3, A2, A1<br data-start=\"858\" data-end=\"861\" \/><strong data-start=\"865\" data-end=\"881\">Impression :<\/strong> Papier premium satin\u00e9 250 g\/m\u00b2<br data-start=\"912\" data-end=\"915\" \/><strong data-start=\"918\" data-end=\"929\">Style :<\/strong> Architectural, culturel, oriental<\/p>","protected":false},"excerpt":{"rendered":"<p>Affiche \u00e9l\u00e9gante mettant en valeur la splendeur de la Mosqu\u00e9e Hassan II et la beaut\u00e9 de l\u2019architecture islamique. Un poster raffin\u00e9 qui allie art, culture et harmonie g\u00e9om\u00e9trique.<\/p>","protected":false},"featured_media":5397,"comment_status":"open","ping_status":"closed","template":"","meta":[],"product_brand":[],"product_cat":[76],"product_tag":[],"class_list":{"0":"post-5394","1":"product","2":"type-product","3":"status-publish","4":"has-post-thumbnail","6":"product_cat-posters","7":"product_themes-architecture","9":"first","10":"instock","11":"shipping-taxable","12":"purchasable","13":"product-type-variable"},"yoast_head":"<!-- This site is optimized with the Yoast SEO plugin v27.1.1 - https:\/\/yoast.com\/product\/yoast-seo-wordpress\/ -->\n<title>islamic architecture - Ipefruit<\/title>\n<meta name=\"robots\" content=\"index, follow, max-snippet:-1, max-image-preview:large, max-video-preview:-1\" \/>\n<link rel=\"canonical\" href=\"https:\/\/ipefruit.com\/fr\/shop\/islamic-architecture\/\" \/>\n<meta property=\"og:locale\" content=\"fr_FR\" \/>\n<meta property=\"og:type\" content=\"article\" \/>\n<meta property=\"og:title\" content=\"islamic architecture - Ipefruit\" \/>\n<meta property=\"og:description\" content=\"Affiche \u00e9l\u00e9gante mettant en valeur la splendeur de la Mosqu\u00e9e Hassan II et la beaut\u00e9 de l\u2019architecture islamique. Un poster raffin\u00e9 qui allie art, culture et harmonie g\u00e9om\u00e9trique.\" \/>\n<meta property=\"og:url\" content=\"https:\/\/ipefruit.com\/fr\/shop\/islamic-architecture\/\" \/>\n<meta property=\"og:site_name\" content=\"Ipefruit\" \/>\n<meta property=\"article:modified_time\" content=\"2025-10-13T13:52:19+00:00\" \/>\n<meta property=\"og:image\" content=\"https:\/\/ipefruit.com\/wp-content\/uploads\/2025\/10\/serhhai-islamic-arch-1.png\" \/>\n\t<meta property=\"og:image:width\" content=\"1080\" \/>\n\t<meta property=\"og:image:height\" content=\"1080\" \/>\n\t<meta property=\"og:image:type\" content=\"image\/png\" \/>\n<meta name=\"twitter:card\" content=\"summary_large_image\" \/>\n<meta name=\"twitter:label1\" content=\"Dur\u00e9e de lecture estim\u00e9e\" \/>\n\t<meta name=\"twitter:data1\" content=\"1 minute\" \/>\n<script type=\"application\/ld+json\" class=\"yoast-schema-graph\">{\"@context\":\"https:\/\/schema.org\",\"@graph\":[{\"@type\":\"WebPage\",\"@id\":\"https:\/\/ipefruit.com\/shop\/islamic-architecture\/\",\"url\":\"https:\/\/ipefruit.com\/shop\/islamic-architecture\/\",\"name\":\"islamic architecture - Ipefruit\",\"isPartOf\":{\"@id\":\"https:\/\/ipefruit.com\/#website\"},\"primaryImageOfPage\":{\"@id\":\"https:\/\/ipefruit.com\/shop\/islamic-architecture\/#primaryimage\"},\"image\":{\"@id\":\"https:\/\/ipefruit.com\/shop\/islamic-architecture\/#primaryimage\"},\"thumbnailUrl\":\"https:\/\/ipefruit.com\/wp-content\/uploads\/2025\/10\/serhhai-islamic-arch-1.png\",\"datePublished\":\"2025-10-13T13:49:09+00:00\",\"dateModified\":\"2025-10-13T13:52:19+00:00\",\"breadcrumb\":{\"@id\":\"https:\/\/ipefruit.com\/shop\/islamic-architecture\/#breadcrumb\"},\"inLanguage\":\"fr-FR\",\"potentialAction\":[{\"@type\":\"ReadAction\",\"target\":[\"https:\/\/ipefruit.com\/shop\/islamic-architecture\/\"]}]},{\"@type\":\"ImageObject\",\"inLanguage\":\"fr-FR\",\"@id\":\"https:\/\/ipefruit.com\/shop\/islamic-architecture\/#primaryimage\",\"url\":\"https:\/\/ipefruit.com\/wp-content\/uploads\/2025\/10\/serhhai-islamic-arch-1.png\",\"contentUrl\":\"https:\/\/ipefruit.com\/wp-content\/uploads\/2025\/10\/serhhai-islamic-arch-1.png\",\"width\":1080,\"height\":1080},{\"@type\":\"BreadcrumbList\",\"@id\":\"https:\/\/ipefruit.com\/shop\/islamic-architecture\/#breadcrumb\",\"itemListElement\":[{\"@type\":\"ListItem\",\"position\":1,\"name\":\"Accueil\",\"item\":\"https:\/\/ipefruit.com\/\"},{\"@type\":\"ListItem\",\"position\":2,\"name\":\"Shop\",\"item\":\"https:\/\/ipefruit.com\/shop\/\"},{\"@type\":\"ListItem\",\"position\":3,\"name\":\"islamic architecture\"}]},{\"@type\":\"WebSite\",\"@id\":\"https:\/\/ipefruit.com\/#website\",\"url\":\"https:\/\/ipefruit.com\/\",\"name\":\"Ipefruit\",\"description\":\"Des affiches originales\",\"publisher\":{\"@id\":\"https:\/\/ipefruit.com\/#organization\"},\"potentialAction\":[{\"@type\":\"SearchAction\",\"target\":{\"@type\":\"EntryPoint\",\"urlTemplate\":\"https:\/\/ipefruit.com\/?s={search_term_string}\"},\"query-input\":{\"@type\":\"PropertyValueSpecification\",\"valueRequired\":true,\"valueName\":\"search_term_string\"}}],\"inLanguage\":\"fr-FR\"},{\"@type\":\"Organization\",\"@id\":\"https:\/\/ipefruit.com\/#organization\",\"name\":\"Ipefruit\",\"url\":\"https:\/\/ipefruit.com\/\",\"logo\":{\"@type\":\"ImageObject\",\"inLanguage\":\"fr-FR\",\"@id\":\"https:\/\/ipefruit.com\/#\/schema\/logo\/image\/\",\"url\":\"https:\/\/ipefruit.com\/wp-content\/uploads\/2025\/10\/cropped-Ipefruit-poster-logo.png\",\"contentUrl\":\"https:\/\/ipefruit.com\/wp-content\/uploads\/2025\/10\/cropped-Ipefruit-poster-logo.png\",\"width\":250,\"height\":167,\"caption\":\"Ipefruit\"},\"image\":{\"@id\":\"https:\/\/ipefruit.com\/#\/schema\/logo\/image\/\"}}]}<\/script>\n<!-- \/ Yoast SEO plugin. -->","yoast_head_json":{"title":"islamic architecture - Ipefruit","robots":{"index":"index","follow":"follow","max-snippet":"max-snippet:-1","max-image-preview":"max-image-preview:large","max-video-preview":"max-video-preview:-1"},"canonical":"https:\/\/ipefruit.com\/fr\/shop\/islamic-architecture\/","og_locale":"fr_FR","og_type":"article","og_title":"islamic architecture - Ipefruit","og_description":"Affiche \u00e9l\u00e9gante mettant en valeur la splendeur de la Mosqu\u00e9e Hassan II et la beaut\u00e9 de l\u2019architecture islamique. Un poster raffin\u00e9 qui allie art, culture et harmonie g\u00e9om\u00e9trique.","og_url":"https:\/\/ipefruit.com\/fr\/shop\/islamic-architecture\/","og_site_name":"Ipefruit","article_modified_time":"2025-10-13T13:52:19+00:00","og_image":[{"width":1080,"height":1080,"url":"https:\/\/ipefruit.com\/wp-content\/uploads\/2025\/10\/serhhai-islamic-arch-1.png","type":"image\/png"}],"twitter_card":"summary_large_image","twitter_misc":{"Dur\u00e9e de lecture estim\u00e9e":"1 minute"},"schema":{"@context":"https:\/\/schema.org","@graph":[{"@type":"WebPage","@id":"https:\/\/ipefruit.com\/shop\/islamic-architecture\/","url":"https:\/\/ipefruit.com\/shop\/islamic-architecture\/","name":"islamic architecture - Ipefruit","isPartOf":{"@id":"https:\/\/ipefruit.com\/#website"},"primaryImageOfPage":{"@id":"https:\/\/ipefruit.com\/shop\/islamic-architecture\/#primaryimage"},"image":{"@id":"https:\/\/ipefruit.com\/shop\/islamic-architecture\/#primaryimage"},"thumbnailUrl":"https:\/\/ipefruit.com\/wp-content\/uploads\/2025\/10\/serhhai-islamic-arch-1.png","datePublished":"2025-10-13T13:49:09+00:00","dateModified":"2025-10-13T13:52:19+00:00","breadcrumb":{"@id":"https:\/\/ipefruit.com\/shop\/islamic-architecture\/#breadcrumb"},"inLanguage":"fr-FR","potentialAction":[{"@type":"ReadAction","target":["https:\/\/ipefruit.com\/shop\/islamic-architecture\/"]}]},{"@type":"ImageObject","inLanguage":"fr-FR","@id":"https:\/\/ipefruit.com\/shop\/islamic-architecture\/#primaryimage","url":"https:\/\/ipefruit.com\/wp-content\/uploads\/2025\/10\/serhhai-islamic-arch-1.png","contentUrl":"https:\/\/ipefruit.com\/wp-content\/uploads\/2025\/10\/serhhai-islamic-arch-1.png","width":1080,"height":1080},{"@type":"BreadcrumbList","@id":"https:\/\/ipefruit.com\/shop\/islamic-architecture\/#breadcrumb","itemListElement":[{"@type":"ListItem","position":1,"name":"Accueil","item":"https:\/\/ipefruit.com\/"},{"@type":"ListItem","position":2,"name":"Shop","item":"https:\/\/ipefruit.com\/shop\/"},{"@type":"ListItem","position":3,"name":"islamic architecture"}]},{"@type":"WebSite","@id":"https:\/\/ipefruit.com\/#website","url":"https:\/\/ipefruit.com\/","name":"Ipefruit","description":"Des affiches originales","publisher":{"@id":"https:\/\/ipefruit.com\/#organization"},"potentialAction":[{"@type":"SearchAction","target":{"@type":"EntryPoint","urlTemplate":"https:\/\/ipefruit.com\/?s={search_term_string}"},"query-input":{"@type":"PropertyValueSpecification","valueRequired":true,"valueName":"search_term_string"}}],"inLanguage":"fr-FR"},{"@type":"Organization","@id":"https:\/\/ipefruit.com\/#organization","name":"Ipefruit","url":"https:\/\/ipefruit.com\/","logo":{"@type":"ImageObject","inLanguage":"fr-FR","@id":"https:\/\/ipefruit.com\/#\/schema\/logo\/image\/","url":"https:\/\/ipefruit.com\/wp-content\/uploads\/2025\/10\/cropped-Ipefruit-poster-logo.png","contentUrl":"https:\/\/ipefruit.com\/wp-content\/uploads\/2025\/10\/cropped-Ipefruit-poster-logo.png","width":250,"height":167,"caption":"Ipefruit"},"image":{"@id":"https:\/\/ipefruit.com\/#\/schema\/logo\/image\/"}}]}},"jetpack_sharing_enabled":true,"_links":{"self":[{"href":"https:\/\/ipefruit.com\/fr\/wp-json\/wp\/v2\/product\/5394","targetHints":{"allow":["GET"]}}],"collection":[{"href":"https:\/\/ipefruit.com\/fr\/wp-json\/wp\/v2\/product"}],"about":[{"href":"https:\/\/ipefruit.com\/fr\/wp-json\/wp\/v2\/types\/product"}],"replies":[{"embeddable":true,"href":"https:\/\/ipefruit.com\/fr\/wp-json\/wp\/v2\/comments?post=5394"}],"wp:featuredmedia":[{"embeddable":true,"href":"https:\/\/ipefruit.com\/fr\/wp-json\/wp\/v2\/media\/5397"}],"wp:attachment":[{"href":"https:\/\/ipefruit.com\/fr\/wp-json\/wp\/v2\/media?parent=5394"}],"wp:term":[{"taxonomy":"product_brand","embeddable":true,"href":"https:\/\/ipefruit.com\/fr\/wp-json\/wp\/v2\/product_brand?post=5394"},{"taxonomy":"product_cat","embeddable":true,"href":"https:\/\/ipefruit.com\/fr\/wp-json\/wp\/v2\/product_cat?post=5394"},{"taxonomy":"product_tag","embeddable":true,"href":"https:\/\/ipefruit.com\/fr\/wp-json\/wp\/v2\/product_tag?post=5394"}],"curies":[{"name":"wp","href":"https:\/\/api.w.org\/{rel}","templated":true}]}}