{"id":5346,"date":"2025-10-13T13:17:37","date_gmt":"2025-10-13T13:17:37","guid":{"rendered":"https:\/\/ipefruit.com\/?post_type=product&#038;p=5346"},"modified":"2025-10-13T13:54:37","modified_gmt":"2025-10-13T13:54:37","slug":"evasion-sans-frontieres","status":"publish","type":"product","link":"https:\/\/ipefruit.com\/fr\/shop\/evasion-sans-frontieres\/","title":{"rendered":"\u00c9vasion sans fronti\u00e8res"},"content":{"rendered":"<p><span style=\"font-weight: 400\">Explorez le monde \u00e0 travers notre collection d\u2019affiches inspir\u00e9es de destinations uniques. Chaque \u0153uvre capture l\u2019\u00e2me et la couleur d\u2019un pays, du soleil vibrant d\u2019Espagne, \u00e0 la chaleur dor\u00e9e du Maroc, jusqu\u2019aux paysages apaisants du Canada.<\/span><\/p>\n<p><span style=\"font-weight: 400\">Nos affiches m\u00ealent art, \u00e9motion et culture, invitant chacun \u00e0 voyager sans bouger, \u00e0 ressentir une atmosph\u00e8re, une lumi\u00e8re, une histoire.<\/span><span style=\"font-weight: 400\"><br \/>\n<\/span><span style=\"font-weight: 400\">Imagin\u00e9es pour les amoureux du monde et du design, elles apportent \u00e0 votre int\u00e9rieur une touche d\u2019\u00e9vasion et d\u2019\u00e9l\u00e9gance.<\/span><\/p>\n<p><span style=\"font-weight: 400\">Laissez chaque mur devenir une escale\u2026<\/span><\/p>\n<p>Tout nos b\u00e9n\u00e9fices sont revers\u00e9s \u00e0 l&#8217;Ordre de Malte France.<\/p>\n<p>Pr\u00e9sente au c\u0153ur de la ville rose, la d\u00e9l\u00e9gation toulousaine de l\u2019Ordre de Malte France incarne les valeurs de solidarit\u00e9, dignit\u00e9 et engagement humanitaire. Fid\u00e8le \u00e0 une tradition vieille de plus de neuf si\u00e8cles, elle agit au service des plus fragiles \u00e0 travers des actions locales de secours, de sant\u00e9 et de soutien social.<\/p>\n<p><span style=\"font-weight: 400\">Les b\u00e9n\u00e9voles de l\u2019Ordre de Malte \u00e0 Toulouse interviennent dans des missions vari\u00e9es : secours d\u2019urgence, maraudes aupr\u00e8s des sans-abris, accompagnement des personnes isol\u00e9es, formation aux premiers secours, ainsi que soutien aux structures hospitali\u00e8res.<\/span><span style=\"font-weight: 400\"><br \/>\n<\/span><span style=\"font-weight: 400\">Leur engagement repose sur une m\u00eame conviction : servir avec bienveillance et humanit\u00e9, sans distinction d\u2019origine ni de croyance.<\/span><\/p>\n<p><a href=\"https:\/\/www.ordredemaltefrance.org\/delegations\/haute-garonne\/\" target=\"_blank\" rel=\"noopener\"><span style=\"font-weight: 400\">https:\/\/www.ordredemaltefrance.org\/delegations\/haute-garonne\/<\/span><\/a><\/p>\n<p><span style=\"font-weight: 400\">L\u2019Ordre de Malte \u00e0 Toulouse, c\u2019est avant tout une communaut\u00e9 de femmes et d\u2019hommes d\u00e9vou\u00e9s \u00e0 faire vivre la charit\u00e9 chr\u00e9tienne dans l\u2019action concr\u00e8te et quotidienne.<\/span><\/p>\n<p><br style=\"font-weight: 400\" \/><br style=\"font-weight: 400\" \/><\/p>","protected":false},"excerpt":{"rendered":"<p data-start=\"68\" data-end=\"321\">Laissez-vous emporter par notre collection d\u2019affiches, v\u00e9ritables fen\u00eatres ouvertes sur le monde. Chaque cr\u00e9ation capture l\u2019essence d\u2019une destination : la lumi\u00e8re flamboyante de l\u2019Espagne, la chaleur dor\u00e9e du Maroc, la s\u00e9r\u00e9nit\u00e9 des paysages canadiens.<\/p>\n<p data-start=\"323\" data-end=\"604\">Ces \u0153uvres m\u00ealent art et \u00e9motion, invitant \u00e0 ressentir l\u2019atmosph\u00e8re, la lumi\u00e8re et l\u2019histoire de chaque lieu, sans quitter votre int\u00e9rieur. Pens\u00e9es pour les amoureux du voyage et du design, elles insufflent \u00e0 vos murs une \u00e9l\u00e9gance subtile et une invitation constante \u00e0 l\u2019\u00e9vasion.<\/p>","protected":false},"featured_media":5409,"comment_status":"open","ping_status":"closed","template":"","meta":[],"product_brand":[],"product_cat":[76],"product_tag":[],"class_list":{"0":"post-5346","1":"product","2":"type-product","3":"status-publish","4":"has-post-thumbnail","6":"product_cat-posters","8":"first","9":"instock","10":"shipping-taxable","11":"purchasable","12":"product-type-variable"},"yoast_head":"<!-- This site is optimized with the Yoast SEO plugin v27.1.1 - https:\/\/yoast.com\/product\/yoast-seo-wordpress\/ -->\n<title>\u00c9vasion sans fronti\u00e8res - Ipefruit<\/title>\n<meta name=\"robots\" content=\"index, follow, max-snippet:-1, max-image-preview:large, max-video-preview:-1\" \/>\n<link rel=\"canonical\" href=\"https:\/\/ipefruit.com\/fr\/shop\/evasion-sans-frontieres\/\" \/>\n<meta property=\"og:locale\" content=\"fr_FR\" \/>\n<meta property=\"og:type\" content=\"article\" \/>\n<meta property=\"og:title\" content=\"\u00c9vasion sans fronti\u00e8res - Ipefruit\" \/>\n<meta property=\"og:description\" content=\"Laissez-vous emporter par notre collection d\u2019affiches, v\u00e9ritables fen\u00eatres ouvertes sur le monde. Chaque cr\u00e9ation capture l\u2019essence d\u2019une destination : la lumi\u00e8re flamboyante de l\u2019Espagne, la chaleur dor\u00e9e du Maroc, la s\u00e9r\u00e9nit\u00e9 des paysages canadiens. Ces \u0153uvres m\u00ealent art et \u00e9motion, invitant \u00e0 ressentir l\u2019atmosph\u00e8re, la lumi\u00e8re et l\u2019histoire de chaque lieu, sans quitter votre int\u00e9rieur. Pens\u00e9es pour les amoureux du voyage et du design, elles insufflent \u00e0 vos murs une \u00e9l\u00e9gance subtile et une invitation constante \u00e0 l\u2019\u00e9vasion.\" \/>\n<meta property=\"og:url\" content=\"https:\/\/ipefruit.com\/fr\/shop\/evasion-sans-frontieres\/\" \/>\n<meta property=\"og:site_name\" content=\"Ipefruit\" \/>\n<meta property=\"article:modified_time\" content=\"2025-10-13T13:54:37+00:00\" \/>\n<meta property=\"og:image\" content=\"https:\/\/ipefruit.com\/wp-content\/uploads\/2025\/10\/Canada-4-724x1024.png\" \/>\n\t<meta property=\"og:image:width\" content=\"724\" \/>\n\t<meta property=\"og:image:height\" content=\"1024\" \/>\n\t<meta property=\"og:image:type\" content=\"image\/png\" \/>\n<meta name=\"twitter:card\" content=\"summary_large_image\" \/>\n<meta name=\"twitter:label1\" content=\"Dur\u00e9e de lecture estim\u00e9e\" \/>\n\t<meta name=\"twitter:data1\" content=\"1 minute\" \/>\n<script type=\"application\/ld+json\" class=\"yoast-schema-graph\">{\"@context\":\"https:\/\/schema.org\",\"@graph\":[{\"@type\":\"WebPage\",\"@id\":\"https:\/\/ipefruit.com\/shop\/evasion-sans-frontieres\/\",\"url\":\"https:\/\/ipefruit.com\/shop\/evasion-sans-frontieres\/\",\"name\":\"\u00c9vasion sans fronti\u00e8res - Ipefruit\",\"isPartOf\":{\"@id\":\"https:\/\/ipefruit.com\/#website\"},\"primaryImageOfPage\":{\"@id\":\"https:\/\/ipefruit.com\/shop\/evasion-sans-frontieres\/#primaryimage\"},\"image\":{\"@id\":\"https:\/\/ipefruit.com\/shop\/evasion-sans-frontieres\/#primaryimage\"},\"thumbnailUrl\":\"https:\/\/ipefruit.com\/wp-content\/uploads\/2025\/10\/Canada-4.png\",\"datePublished\":\"2025-10-13T13:17:37+00:00\",\"dateModified\":\"2025-10-13T13:54:37+00:00\",\"breadcrumb\":{\"@id\":\"https:\/\/ipefruit.com\/shop\/evasion-sans-frontieres\/#breadcrumb\"},\"inLanguage\":\"fr-FR\",\"potentialAction\":[{\"@type\":\"ReadAction\",\"target\":[\"https:\/\/ipefruit.com\/shop\/evasion-sans-frontieres\/\"]}]},{\"@type\":\"ImageObject\",\"inLanguage\":\"fr-FR\",\"@id\":\"https:\/\/ipefruit.com\/shop\/evasion-sans-frontieres\/#primaryimage\",\"url\":\"https:\/\/ipefruit.com\/wp-content\/uploads\/2025\/10\/Canada-4.png\",\"contentUrl\":\"https:\/\/ipefruit.com\/wp-content\/uploads\/2025\/10\/Canada-4.png\",\"width\":1587,\"height\":2245,\"caption\":\"Affiche artistique mettant en valeur la diversit\u00e9 culturelle et g\u00e9ographique de plusieurs pays.\"},{\"@type\":\"BreadcrumbList\",\"@id\":\"https:\/\/ipefruit.com\/shop\/evasion-sans-frontieres\/#breadcrumb\",\"itemListElement\":[{\"@type\":\"ListItem\",\"position\":1,\"name\":\"Accueil\",\"item\":\"https:\/\/ipefruit.com\/\"},{\"@type\":\"ListItem\",\"position\":2,\"name\":\"Shop\",\"item\":\"https:\/\/ipefruit.com\/shop\/\"},{\"@type\":\"ListItem\",\"position\":3,\"name\":\"\u00c9vasion sans fronti\u00e8res\"}]},{\"@type\":\"WebSite\",\"@id\":\"https:\/\/ipefruit.com\/#website\",\"url\":\"https:\/\/ipefruit.com\/\",\"name\":\"Ipefruit\",\"description\":\"Des affiches originales\",\"publisher\":{\"@id\":\"https:\/\/ipefruit.com\/#organization\"},\"potentialAction\":[{\"@type\":\"SearchAction\",\"target\":{\"@type\":\"EntryPoint\",\"urlTemplate\":\"https:\/\/ipefruit.com\/?s={search_term_string}\"},\"query-input\":{\"@type\":\"PropertyValueSpecification\",\"valueRequired\":true,\"valueName\":\"search_term_string\"}}],\"inLanguage\":\"fr-FR\"},{\"@type\":\"Organization\",\"@id\":\"https:\/\/ipefruit.com\/#organization\",\"name\":\"Ipefruit\",\"url\":\"https:\/\/ipefruit.com\/\",\"logo\":{\"@type\":\"ImageObject\",\"inLanguage\":\"fr-FR\",\"@id\":\"https:\/\/ipefruit.com\/#\/schema\/logo\/image\/\",\"url\":\"https:\/\/ipefruit.com\/wp-content\/uploads\/2025\/10\/cropped-Ipefruit-poster-logo.png\",\"contentUrl\":\"https:\/\/ipefruit.com\/wp-content\/uploads\/2025\/10\/cropped-Ipefruit-poster-logo.png\",\"width\":250,\"height\":167,\"caption\":\"Ipefruit\"},\"image\":{\"@id\":\"https:\/\/ipefruit.com\/#\/schema\/logo\/image\/\"}}]}<\/script>\n<!-- \/ Yoast SEO plugin. -->","yoast_head_json":{"title":"\u00c9vasion sans fronti\u00e8res - Ipefruit","robots":{"index":"index","follow":"follow","max-snippet":"max-snippet:-1","max-image-preview":"max-image-preview:large","max-video-preview":"max-video-preview:-1"},"canonical":"https:\/\/ipefruit.com\/fr\/shop\/evasion-sans-frontieres\/","og_locale":"fr_FR","og_type":"article","og_title":"\u00c9vasion sans fronti\u00e8res - Ipefruit","og_description":"Laissez-vous emporter par notre collection d\u2019affiches, v\u00e9ritables fen\u00eatres ouvertes sur le monde. Chaque cr\u00e9ation capture l\u2019essence d\u2019une destination : la lumi\u00e8re flamboyante de l\u2019Espagne, la chaleur dor\u00e9e du Maroc, la s\u00e9r\u00e9nit\u00e9 des paysages canadiens. Ces \u0153uvres m\u00ealent art et \u00e9motion, invitant \u00e0 ressentir l\u2019atmosph\u00e8re, la lumi\u00e8re et l\u2019histoire de chaque lieu, sans quitter votre int\u00e9rieur. Pens\u00e9es pour les amoureux du voyage et du design, elles insufflent \u00e0 vos murs une \u00e9l\u00e9gance subtile et une invitation constante \u00e0 l\u2019\u00e9vasion.","og_url":"https:\/\/ipefruit.com\/fr\/shop\/evasion-sans-frontieres\/","og_site_name":"Ipefruit","article_modified_time":"2025-10-13T13:54:37+00:00","og_image":[{"width":724,"height":1024,"url":"https:\/\/ipefruit.com\/wp-content\/uploads\/2025\/10\/Canada-4-724x1024.png","type":"image\/png"}],"twitter_card":"summary_large_image","twitter_misc":{"Dur\u00e9e de lecture estim\u00e9e":"1 minute"},"schema":{"@context":"https:\/\/schema.org","@graph":[{"@type":"WebPage","@id":"https:\/\/ipefruit.com\/shop\/evasion-sans-frontieres\/","url":"https:\/\/ipefruit.com\/shop\/evasion-sans-frontieres\/","name":"\u00c9vasion sans fronti\u00e8res - Ipefruit","isPartOf":{"@id":"https:\/\/ipefruit.com\/#website"},"primaryImageOfPage":{"@id":"https:\/\/ipefruit.com\/shop\/evasion-sans-frontieres\/#primaryimage"},"image":{"@id":"https:\/\/ipefruit.com\/shop\/evasion-sans-frontieres\/#primaryimage"},"thumbnailUrl":"https:\/\/ipefruit.com\/wp-content\/uploads\/2025\/10\/Canada-4.png","datePublished":"2025-10-13T13:17:37+00:00","dateModified":"2025-10-13T13:54:37+00:00","breadcrumb":{"@id":"https:\/\/ipefruit.com\/shop\/evasion-sans-frontieres\/#breadcrumb"},"inLanguage":"fr-FR","potentialAction":[{"@type":"ReadAction","target":["https:\/\/ipefruit.com\/shop\/evasion-sans-frontieres\/"]}]},{"@type":"ImageObject","inLanguage":"fr-FR","@id":"https:\/\/ipefruit.com\/shop\/evasion-sans-frontieres\/#primaryimage","url":"https:\/\/ipefruit.com\/wp-content\/uploads\/2025\/10\/Canada-4.png","contentUrl":"https:\/\/ipefruit.com\/wp-content\/uploads\/2025\/10\/Canada-4.png","width":1587,"height":2245,"caption":"Affiche artistique mettant en valeur la diversit\u00e9 culturelle et g\u00e9ographique de plusieurs pays."},{"@type":"BreadcrumbList","@id":"https:\/\/ipefruit.com\/shop\/evasion-sans-frontieres\/#breadcrumb","itemListElement":[{"@type":"ListItem","position":1,"name":"Accueil","item":"https:\/\/ipefruit.com\/"},{"@type":"ListItem","position":2,"name":"Shop","item":"https:\/\/ipefruit.com\/shop\/"},{"@type":"ListItem","position":3,"name":"\u00c9vasion sans fronti\u00e8res"}]},{"@type":"WebSite","@id":"https:\/\/ipefruit.com\/#website","url":"https:\/\/ipefruit.com\/","name":"Ipefruit","description":"Des affiches originales","publisher":{"@id":"https:\/\/ipefruit.com\/#organization"},"potentialAction":[{"@type":"SearchAction","target":{"@type":"EntryPoint","urlTemplate":"https:\/\/ipefruit.com\/?s={search_term_string}"},"query-input":{"@type":"PropertyValueSpecification","valueRequired":true,"valueName":"search_term_string"}}],"inLanguage":"fr-FR"},{"@type":"Organization","@id":"https:\/\/ipefruit.com\/#organization","name":"Ipefruit","url":"https:\/\/ipefruit.com\/","logo":{"@type":"ImageObject","inLanguage":"fr-FR","@id":"https:\/\/ipefruit.com\/#\/schema\/logo\/image\/","url":"https:\/\/ipefruit.com\/wp-content\/uploads\/2025\/10\/cropped-Ipefruit-poster-logo.png","contentUrl":"https:\/\/ipefruit.com\/wp-content\/uploads\/2025\/10\/cropped-Ipefruit-poster-logo.png","width":250,"height":167,"caption":"Ipefruit"},"image":{"@id":"https:\/\/ipefruit.com\/#\/schema\/logo\/image\/"}}]}},"jetpack_sharing_enabled":true,"_links":{"self":[{"href":"https:\/\/ipefruit.com\/fr\/wp-json\/wp\/v2\/product\/5346","targetHints":{"allow":["GET"]}}],"collection":[{"href":"https:\/\/ipefruit.com\/fr\/wp-json\/wp\/v2\/product"}],"about":[{"href":"https:\/\/ipefruit.com\/fr\/wp-json\/wp\/v2\/types\/product"}],"replies":[{"embeddable":true,"href":"https:\/\/ipefruit.com\/fr\/wp-json\/wp\/v2\/comments?post=5346"}],"wp:featuredmedia":[{"embeddable":true,"href":"https:\/\/ipefruit.com\/fr\/wp-json\/wp\/v2\/media\/5409"}],"wp:attachment":[{"href":"https:\/\/ipefruit.com\/fr\/wp-json\/wp\/v2\/media?parent=5346"}],"wp:term":[{"taxonomy":"product_brand","embeddable":true,"href":"https:\/\/ipefruit.com\/fr\/wp-json\/wp\/v2\/product_brand?post=5346"},{"taxonomy":"product_cat","embeddable":true,"href":"https:\/\/ipefruit.com\/fr\/wp-json\/wp\/v2\/product_cat?post=5346"},{"taxonomy":"product_tag","embeddable":true,"href":"https:\/\/ipefruit.com\/fr\/wp-json\/wp\/v2\/product_tag?post=5346"}],"curies":[{"name":"wp","href":"https:\/\/api.w.org\/{rel}","templated":true}]}}