{"id":5345,"date":"2025-10-13T13:38:17","date_gmt":"2025-10-13T13:38:17","guid":{"rendered":"https:\/\/ipefruit.com\/?post_type=product&#038;p=5345"},"modified":"2026-01-14T11:12:15","modified_gmt":"2026-01-14T11:12:15","slug":"collection-design-de-cocktails-iconiques","status":"publish","type":"product","link":"https:\/\/ipefruit.com\/fr\/shop\/collection-design-de-cocktails-iconiques\/","title":{"rendered":"Collection design de cocktails iconiques"},"content":{"rendered":"<p class=\"cvGsUA direction-ltr align-center para-style-body\"><span class=\"a_GcMg font-feature-liga-off font-feature-clig-off font-feature-calt-off text-decoration-none text-strikethrough-none\">Collection \u201cCocktails Iconiques\u201d \u2013 L\u2019art des boissons l\u00e9gendaires<\/span><\/p>\n<p class=\"cvGsUA direction-ltr align-center para-style-body\"><span class=\"a_GcMg font-feature-liga-off font-feature-clig-off font-feature-calt-off text-decoration-none text-strikethrough-none\">D\u00e9couvrez une s\u00e9rie d\u2019affiches c\u00e9l\u00e9brant quatre cocktails embl\u00e9matiques : le raffinement floral du St-Germain, la fra\u00eecheur p\u00e9tillante du Spritz, l\u2019\u00e9nergie tropicale du Mojito et l\u2019intensit\u00e9 festive du J\u00e4ger Bomb.<\/span><\/p>\n<p class=\"cvGsUA direction-ltr align-center para-style-body\"><span class=\"a_GcMg font-feature-liga-off font-feature-clig-off font-feature-calt-off text-decoration-none text-strikethrough-none\">Chaque illustration, au style dessin\u00e9 et \u00e9l\u00e9gant, capture l\u2019essence de sa boisson \u00e0 travers des ambiances color\u00e9es et raffin\u00e9es. Une collection \u00e0 la fois festive et esth\u00e9tique, parfaite pour d\u00e9corer un salon, un bar ou tout espace convivial avec go\u00fbt et originalit\u00e9.<\/span><\/p>\n<p class=\"cvGsUA direction-ltr align-center para-style-body\"><span class=\"a_GcMg font-feature-liga-off font-feature-clig-off font-feature-calt-off text-decoration-none text-strikethrough-none\">Une collection solidaire :<\/span><\/p>\n<p class=\"cvGsUA direction-ltr align-center para-style-body\"><span class=\"a_GcMg font-feature-liga-off font-feature-clig-off font-feature-calt-off text-decoration-none text-strikethrough-none\">Les b\u00e9n\u00e9fices issus de la vente de ces affiches seront int\u00e9gralement revers\u00e9s \u00e0 l\u2019association \u201c<a href=\"https:\/\/www.instagram.com\/xvdelachoune\/\" target=\"_blank\" rel=\"noopener\">La Choune<\/a>\u201d, l\u2019\u00e9quipe de rugby de TBS \u00c9ducation. Cette initiative vise \u00e0 soutenir les d\u00e9placements, \u00e9quipements et frais li\u00e9s \u00e0 leur saison sportive, afin d\u2019encourager ces passionn\u00e9s \u00e0 porter haut les couleurs de leur \u00e9cole sur les terrains de rugby.<\/span><\/p>","protected":false},"excerpt":{"rendered":"<p>La collection <strong data-start=\"52\" data-end=\"77\">\u201cCocktails Iconiques\u201d<\/strong> propose quatre affiches artistiques illustrant des cocktails l\u00e9gendaires. <strong data-start=\"153\" data-end=\"183\">St-Germain, Spritz, Mojito<\/strong> et <strong data-start=\"187\" data-end=\"201\">J\u00e4ger Bomb<\/strong>. Avec un style \u00e9l\u00e9gant et color\u00e9, chaque cr\u00e9ation capture l\u2019esprit de la boisson qu\u2019elle repr\u00e9sente, apportant une touche festive et raffin\u00e9e \u00e0 tout espace.<br data-start=\"358\" data-end=\"361\" \/>En plus d\u2019\u00eatre d\u00e9coratives, ces affiches ont une <strong data-start=\"410\" data-end=\"433\">dimension solidaire<\/strong> : l\u2019int\u00e9gralit\u00e9 des b\u00e9n\u00e9fices est revers\u00e9e \u00e0 l\u2019association <strong data-start=\"493\" data-end=\"508\">\u201cLa Choune\u201d<\/strong>, l\u2019\u00e9quipe de rugby de <strong data-start=\"531\" data-end=\"548\">TBS \u00c9ducation<\/strong>, pour soutenir leur saison sportive.<\/p>","protected":false},"featured_media":5412,"comment_status":"open","ping_status":"closed","template":"","meta":[],"product_brand":[],"product_cat":[76],"product_tag":[],"class_list":{"0":"post-5345","1":"product","2":"type-product","3":"status-publish","4":"has-post-thumbnail","6":"product_cat-posters","8":"first","9":"instock","10":"shipping-taxable","11":"purchasable","12":"product-type-variable"},"yoast_head":"<!-- This site is optimized with the Yoast SEO plugin v27.1.1 - https:\/\/yoast.com\/product\/yoast-seo-wordpress\/ -->\n<title>Affiche design de cocktails - Ipefruit<\/title>\n<meta name=\"description\" content=\"D\u00e9couvez ces magnifiques affiches design de cocktails pour d\u00e9correr votre salon ou votre cuisine, tout en soutenant une association.\" \/>\n<meta name=\"robots\" content=\"index, follow, max-snippet:-1, max-image-preview:large, max-video-preview:-1\" \/>\n<link rel=\"canonical\" href=\"https:\/\/ipefruit.com\/fr\/shop\/collection-design-de-cocktails-iconiques\/\" \/>\n<meta property=\"og:locale\" content=\"fr_FR\" \/>\n<meta property=\"og:type\" content=\"article\" \/>\n<meta property=\"og:title\" content=\"Affiche design de cocktails - Ipefruit\" \/>\n<meta property=\"og:description\" content=\"D\u00e9couvez ces magnifiques affiches design de cocktails pour d\u00e9correr votre salon ou votre cuisine, tout en soutenant une association.\" \/>\n<meta property=\"og:url\" content=\"https:\/\/ipefruit.com\/fr\/shop\/collection-design-de-cocktails-iconiques\/\" \/>\n<meta property=\"og:site_name\" content=\"Ipefruit\" \/>\n<meta property=\"article:modified_time\" content=\"2026-01-14T11:12:15+00:00\" \/>\n<meta property=\"og:image\" content=\"https:\/\/ipefruit.com\/wp-content\/uploads\/2025\/10\/2-3-724x1024.png\" \/>\n\t<meta property=\"og:image:width\" content=\"724\" \/>\n\t<meta property=\"og:image:height\" content=\"1024\" \/>\n\t<meta property=\"og:image:type\" content=\"image\/png\" \/>\n<meta name=\"twitter:card\" content=\"summary_large_image\" \/>\n<meta name=\"twitter:label1\" content=\"Dur\u00e9e de lecture estim\u00e9e\" \/>\n\t<meta name=\"twitter:data1\" content=\"1 minute\" \/>\n<script type=\"application\/ld+json\" class=\"yoast-schema-graph\">{\"@context\":\"https:\/\/schema.org\",\"@graph\":[{\"@type\":\"WebPage\",\"@id\":\"https:\/\/ipefruit.com\/shop\/collection-design-de-cocktails-iconiques\/\",\"url\":\"https:\/\/ipefruit.com\/shop\/collection-design-de-cocktails-iconiques\/\",\"name\":\"Affiche design de cocktails - Ipefruit\",\"isPartOf\":{\"@id\":\"https:\/\/ipefruit.com\/#website\"},\"primaryImageOfPage\":{\"@id\":\"https:\/\/ipefruit.com\/shop\/collection-design-de-cocktails-iconiques\/#primaryimage\"},\"image\":{\"@id\":\"https:\/\/ipefruit.com\/shop\/collection-design-de-cocktails-iconiques\/#primaryimage\"},\"thumbnailUrl\":\"https:\/\/ipefruit.com\/wp-content\/uploads\/2025\/10\/2-3.png\",\"datePublished\":\"2025-10-13T13:38:17+00:00\",\"dateModified\":\"2026-01-14T11:12:15+00:00\",\"description\":\"D\u00e9couvez ces magnifiques affiches design de cocktails pour d\u00e9correr votre salon ou votre cuisine, tout en soutenant une association.\",\"breadcrumb\":{\"@id\":\"https:\/\/ipefruit.com\/shop\/collection-design-de-cocktails-iconiques\/#breadcrumb\"},\"inLanguage\":\"fr-FR\",\"potentialAction\":[{\"@type\":\"ReadAction\",\"target\":[\"https:\/\/ipefruit.com\/shop\/collection-design-de-cocktails-iconiques\/\"]}]},{\"@type\":\"ImageObject\",\"inLanguage\":\"fr-FR\",\"@id\":\"https:\/\/ipefruit.com\/shop\/collection-design-de-cocktails-iconiques\/#primaryimage\",\"url\":\"https:\/\/ipefruit.com\/wp-content\/uploads\/2025\/10\/2-3.png\",\"contentUrl\":\"https:\/\/ipefruit.com\/wp-content\/uploads\/2025\/10\/2-3.png\",\"width\":1587,\"height\":2245},{\"@type\":\"BreadcrumbList\",\"@id\":\"https:\/\/ipefruit.com\/shop\/collection-design-de-cocktails-iconiques\/#breadcrumb\",\"itemListElement\":[{\"@type\":\"ListItem\",\"position\":1,\"name\":\"Accueil\",\"item\":\"https:\/\/ipefruit.com\/\"},{\"@type\":\"ListItem\",\"position\":2,\"name\":\"Shop\",\"item\":\"https:\/\/ipefruit.com\/shop\/\"},{\"@type\":\"ListItem\",\"position\":3,\"name\":\"Collection design de cocktails iconiques\"}]},{\"@type\":\"WebSite\",\"@id\":\"https:\/\/ipefruit.com\/#website\",\"url\":\"https:\/\/ipefruit.com\/\",\"name\":\"Ipefruit\",\"description\":\"Des affiches originales\",\"publisher\":{\"@id\":\"https:\/\/ipefruit.com\/#organization\"},\"potentialAction\":[{\"@type\":\"SearchAction\",\"target\":{\"@type\":\"EntryPoint\",\"urlTemplate\":\"https:\/\/ipefruit.com\/?s={search_term_string}\"},\"query-input\":{\"@type\":\"PropertyValueSpecification\",\"valueRequired\":true,\"valueName\":\"search_term_string\"}}],\"inLanguage\":\"fr-FR\"},{\"@type\":\"Organization\",\"@id\":\"https:\/\/ipefruit.com\/#organization\",\"name\":\"Ipefruit\",\"url\":\"https:\/\/ipefruit.com\/\",\"logo\":{\"@type\":\"ImageObject\",\"inLanguage\":\"fr-FR\",\"@id\":\"https:\/\/ipefruit.com\/#\/schema\/logo\/image\/\",\"url\":\"https:\/\/ipefruit.com\/wp-content\/uploads\/2025\/10\/cropped-Ipefruit-poster-logo.png\",\"contentUrl\":\"https:\/\/ipefruit.com\/wp-content\/uploads\/2025\/10\/cropped-Ipefruit-poster-logo.png\",\"width\":250,\"height\":167,\"caption\":\"Ipefruit\"},\"image\":{\"@id\":\"https:\/\/ipefruit.com\/#\/schema\/logo\/image\/\"}}]}<\/script>\n<!-- \/ Yoast SEO plugin. -->","yoast_head_json":{"title":"Affiche design de cocktails - Ipefruit","description":"D\u00e9couvez ces magnifiques affiches design de cocktails pour d\u00e9correr votre salon ou votre cuisine, tout en soutenant une association.","robots":{"index":"index","follow":"follow","max-snippet":"max-snippet:-1","max-image-preview":"max-image-preview:large","max-video-preview":"max-video-preview:-1"},"canonical":"https:\/\/ipefruit.com\/fr\/shop\/collection-design-de-cocktails-iconiques\/","og_locale":"fr_FR","og_type":"article","og_title":"Affiche design de cocktails - Ipefruit","og_description":"D\u00e9couvez ces magnifiques affiches design de cocktails pour d\u00e9correr votre salon ou votre cuisine, tout en soutenant une association.","og_url":"https:\/\/ipefruit.com\/fr\/shop\/collection-design-de-cocktails-iconiques\/","og_site_name":"Ipefruit","article_modified_time":"2026-01-14T11:12:15+00:00","og_image":[{"width":724,"height":1024,"url":"https:\/\/ipefruit.com\/wp-content\/uploads\/2025\/10\/2-3-724x1024.png","type":"image\/png"}],"twitter_card":"summary_large_image","twitter_misc":{"Dur\u00e9e de lecture estim\u00e9e":"1 minute"},"schema":{"@context":"https:\/\/schema.org","@graph":[{"@type":"WebPage","@id":"https:\/\/ipefruit.com\/shop\/collection-design-de-cocktails-iconiques\/","url":"https:\/\/ipefruit.com\/shop\/collection-design-de-cocktails-iconiques\/","name":"Affiche design de cocktails - Ipefruit","isPartOf":{"@id":"https:\/\/ipefruit.com\/#website"},"primaryImageOfPage":{"@id":"https:\/\/ipefruit.com\/shop\/collection-design-de-cocktails-iconiques\/#primaryimage"},"image":{"@id":"https:\/\/ipefruit.com\/shop\/collection-design-de-cocktails-iconiques\/#primaryimage"},"thumbnailUrl":"https:\/\/ipefruit.com\/wp-content\/uploads\/2025\/10\/2-3.png","datePublished":"2025-10-13T13:38:17+00:00","dateModified":"2026-01-14T11:12:15+00:00","description":"D\u00e9couvez ces magnifiques affiches design de cocktails pour d\u00e9correr votre salon ou votre cuisine, tout en soutenant une association.","breadcrumb":{"@id":"https:\/\/ipefruit.com\/shop\/collection-design-de-cocktails-iconiques\/#breadcrumb"},"inLanguage":"fr-FR","potentialAction":[{"@type":"ReadAction","target":["https:\/\/ipefruit.com\/shop\/collection-design-de-cocktails-iconiques\/"]}]},{"@type":"ImageObject","inLanguage":"fr-FR","@id":"https:\/\/ipefruit.com\/shop\/collection-design-de-cocktails-iconiques\/#primaryimage","url":"https:\/\/ipefruit.com\/wp-content\/uploads\/2025\/10\/2-3.png","contentUrl":"https:\/\/ipefruit.com\/wp-content\/uploads\/2025\/10\/2-3.png","width":1587,"height":2245},{"@type":"BreadcrumbList","@id":"https:\/\/ipefruit.com\/shop\/collection-design-de-cocktails-iconiques\/#breadcrumb","itemListElement":[{"@type":"ListItem","position":1,"name":"Accueil","item":"https:\/\/ipefruit.com\/"},{"@type":"ListItem","position":2,"name":"Shop","item":"https:\/\/ipefruit.com\/shop\/"},{"@type":"ListItem","position":3,"name":"Collection design de cocktails iconiques"}]},{"@type":"WebSite","@id":"https:\/\/ipefruit.com\/#website","url":"https:\/\/ipefruit.com\/","name":"Ipefruit","description":"Des affiches originales","publisher":{"@id":"https:\/\/ipefruit.com\/#organization"},"potentialAction":[{"@type":"SearchAction","target":{"@type":"EntryPoint","urlTemplate":"https:\/\/ipefruit.com\/?s={search_term_string}"},"query-input":{"@type":"PropertyValueSpecification","valueRequired":true,"valueName":"search_term_string"}}],"inLanguage":"fr-FR"},{"@type":"Organization","@id":"https:\/\/ipefruit.com\/#organization","name":"Ipefruit","url":"https:\/\/ipefruit.com\/","logo":{"@type":"ImageObject","inLanguage":"fr-FR","@id":"https:\/\/ipefruit.com\/#\/schema\/logo\/image\/","url":"https:\/\/ipefruit.com\/wp-content\/uploads\/2025\/10\/cropped-Ipefruit-poster-logo.png","contentUrl":"https:\/\/ipefruit.com\/wp-content\/uploads\/2025\/10\/cropped-Ipefruit-poster-logo.png","width":250,"height":167,"caption":"Ipefruit"},"image":{"@id":"https:\/\/ipefruit.com\/#\/schema\/logo\/image\/"}}]}},"jetpack_sharing_enabled":true,"_links":{"self":[{"href":"https:\/\/ipefruit.com\/fr\/wp-json\/wp\/v2\/product\/5345","targetHints":{"allow":["GET"]}}],"collection":[{"href":"https:\/\/ipefruit.com\/fr\/wp-json\/wp\/v2\/product"}],"about":[{"href":"https:\/\/ipefruit.com\/fr\/wp-json\/wp\/v2\/types\/product"}],"replies":[{"embeddable":true,"href":"https:\/\/ipefruit.com\/fr\/wp-json\/wp\/v2\/comments?post=5345"}],"wp:featuredmedia":[{"embeddable":true,"href":"https:\/\/ipefruit.com\/fr\/wp-json\/wp\/v2\/media\/5412"}],"wp:attachment":[{"href":"https:\/\/ipefruit.com\/fr\/wp-json\/wp\/v2\/media?parent=5345"}],"wp:term":[{"taxonomy":"product_brand","embeddable":true,"href":"https:\/\/ipefruit.com\/fr\/wp-json\/wp\/v2\/product_brand?post=5345"},{"taxonomy":"product_cat","embeddable":true,"href":"https:\/\/ipefruit.com\/fr\/wp-json\/wp\/v2\/product_cat?post=5345"},{"taxonomy":"product_tag","embeddable":true,"href":"https:\/\/ipefruit.com\/fr\/wp-json\/wp\/v2\/product_tag?post=5345"}],"curies":[{"name":"wp","href":"https:\/\/api.w.org\/{rel}","templated":true}]}}